{"id":3007,"date":"2020-10-17T12:51:54","date_gmt":"2020-10-17T10:51:54","guid":{"rendered":"https:\/\/bavarian-bondage.tivendo.com\/produkt\/import-placeholder-for-609\/"},"modified":"2026-02-22T15:27:12","modified_gmt":"2026-02-22T14:27:12","slug":"stodreb","status":"publish","type":"product","link":"https:\/\/bavarian-bondage.de\/da\/produkt\/schlagseil\/","title":{"rendered":"st\u00f8dreb"},"content":{"rendered":"<h3 style=\"text-align: center\">st\u00f8dreb<\/h3>\n<p style=\"text-align: center\">Sk\u00f8detov bliver mere og mere popul\u00e6rt. En kombination af pisk, afgr\u00f8de og pagaj lavet af reb og gummi. De udbudte piskereb er lavet af 6 mm hamperov i forskellige farver og er bekl\u00e6dt med gummi, hvilket g\u00f8r reng\u00f8ringen nem. Du kan bruge begge ender og l\u00f8kken til at sl\u00e5. Slagreb er relativt intense og med h\u00e5rdere brug er svejsninger uundg\u00e5elige.<\/p>\n<p style=\"text-align: center\">Med de farvede piskereb er gummiet gennemsigtigt, lidt tyndere og mere fleksibelt. Hos den sorte er det ikke rebet, men gummiet, der er sort og ogs\u00e5 lidt tykkere, hvilket giver det sorte reb endnu mere h\u00e5rdhed.<\/p>\n<p>&nbsp;<\/p>\n<p><strong>Detaljer:<\/strong><\/p>\n<p>Materiale: hamp reb, gummi<br \/>\nL\u00e6ngde: ca 40 cm<br \/>\nDiameter: ca<br \/>\nFarve: kan v\u00e6lges<\/p>\n<p>&nbsp;<\/p>\n<p><strong>Leveringsomfang:<\/strong> Slagreb 40 cm, farvevalgbar<\/p>\n<p>&nbsp;<\/p>\n<hr \/>\n<blockquote>\n<p style=\"text-align: center\"><span style=\"color: #333399\">Oplysningerne om produkterne er givet efter vores bedste viden og overbevisning. Alle dimensioner er omtrentlige. Brugen af de produkter, der tilbydes her i butikken, er p\u00e5 eget ansvar. Hver person reagerer forskelligt p\u00e5 ydre p\u00e5virkninger, p\u00e5 nydelse eller smerte osv. Derfor kan der ikke p\u00e5tages noget ansvar for forkert brug.  Hver bruger b\u00e6rer det fulde ansvar for brug eller korrekt brug af produkterne og dets uforudsigelige konsekvenser.<\/span><\/p>\n<\/blockquote>","protected":false},"excerpt":{"rendered":"<p>Leveringstid: 5-7 dage*<\/p>","protected":false},"featured_media":9574,"template":"","meta":[],"product_brand":[],"product_cat":[224,252],"product_tag":[],"class_list":{"0":"post-3007","1":"product","2":"type-product","3":"status-publish","4":"has-post-thumbnail","6":"product_cat-lustschmerz","7":"product_cat-peitschen-gerten","9":"first","10":"instock","11":"taxable","12":"shipping-taxable","13":"purchasable","14":"product-type-variable"},"_links":{"self":[{"href":"https:\/\/bavarian-bondage.de\/da\/wp-json\/wp\/v2\/product\/3007","targetHints":{"allow":["GET"]}}],"collection":[{"href":"https:\/\/bavarian-bondage.de\/da\/wp-json\/wp\/v2\/product"}],"about":[{"href":"https:\/\/bavarian-bondage.de\/da\/wp-json\/wp\/v2\/types\/product"}],"version-history":[{"count":4,"href":"https:\/\/bavarian-bondage.de\/da\/wp-json\/wp\/v2\/product\/3007\/revisions"}],"predecessor-version":[{"id":13985,"href":"https:\/\/bavarian-bondage.de\/da\/wp-json\/wp\/v2\/product\/3007\/revisions\/13985"}],"wp:featuredmedia":[{"embeddable":true,"href":"https:\/\/bavarian-bondage.de\/da\/wp-json\/wp\/v2\/media\/9574"}],"wp:attachment":[{"href":"https:\/\/bavarian-bondage.de\/da\/wp-json\/wp\/v2\/media?parent=3007"}],"wp:term":[{"taxonomy":"product_brand","embeddable":true,"href":"https:\/\/bavarian-bondage.de\/da\/wp-json\/wp\/v2\/product_brand?post=3007"},{"taxonomy":"product_cat","embeddable":true,"href":"https:\/\/bavarian-bondage.de\/da\/wp-json\/wp\/v2\/product_cat?post=3007"},{"taxonomy":"product_tag","embeddable":true,"href":"https:\/\/bavarian-bondage.de\/da\/wp-json\/wp\/v2\/product_tag?post=3007"}],"curies":[{"name":"wp","href":"https:\/\/api.w.org\/{rel}","templated":true}]}}