{"id":3012,"date":"2020-10-17T12:56:54","date_gmt":"2020-10-17T10:56:54","guid":{"rendered":"https:\/\/bavarian-bondage.tivendo.com\/produkt\/import-placeholder-for-619\/"},"modified":"2026-04-11T14:27:10","modified_gmt":"2026-04-11T12:27:10","slug":"reb-gag","status":"publish","type":"product","link":"https:\/\/bavarian-bondage.de\/da\/produkt\/seilknebel\/","title":{"rendered":"Reb gag"},"content":{"rendered":"<h3 style=\"text-align: center\">Reb gag<\/h3>\n<p style=\"text-align: center\">Rebknebelen er et sp\u00e6ndende alternativ til traditionelle gags, der perfekt komplementerer det overordnede udseende af elegant bondage. Hoveddelen er lavet af birketr\u00e6, og skeden er lavet af 4 mm hampereb. Rebknebelen inkluderer ogs\u00e5 et cirka 3 m langt naturfarvet reservereb. Takket v\u00e6re hoveddelens design kan rebet nemt fjernes for vask eller udskiftning, hvilket sikrer langvarig hygiejne. Rebknebelen f\u00e5s i tre farver.<\/p>\n<p>&nbsp;<\/p>\n<p style=\"text-align: left\"><strong>Detalje:<\/strong><\/p>\n<p>Materiale: birketr\u00e6, hamperov<br \/>\nM\u00e5l: L 150 mm, B 25 mm<br \/>\nSamlet l\u00e6ngde: ca 750 mm<br \/>\nReservereb: 4 mm naturligt hampreb, ca. 3 m<\/p>\n<p>&nbsp;<\/p>\n<p><strong>Valgfrit leveringsomfang:\u00a0 <\/strong>1 reb toggle plus reserve reb eller reserve reb individuelt<\/p>\n<p>&nbsp;<\/p>\n<hr \/>\n<blockquote>\n<p style=\"text-align: center\"><span style=\"color: #333399\">Oplysningerne om produkterne er givet efter vores bedste viden og overbevisning. Alle dimensioner er omtrentlige. Brugen af de produkter, der tilbydes her i butikken, er p\u00e5 eget ansvar. Hver person reagerer forskelligt p\u00e5 ydre p\u00e5virkninger, p\u00e5 nydelse eller smerte osv. Derfor kan der ikke p\u00e5tages noget ansvar for forkert brug.  Hver bruger b\u00e6rer det fulde ansvar for brug eller korrekt brug af produkterne og dets uforudsigelige konsekvenser.<\/span><\/p>\n<\/blockquote>","protected":false},"excerpt":{"rendered":"<p>Leveringstid: 5-7 dage*<\/p>","protected":false},"featured_media":8883,"template":"","meta":[],"product_brand":[],"product_cat":[229],"product_tag":[227,260,325,326],"class_list":{"0":"post-3012","1":"product","2":"type-product","3":"status-publish","4":"has-post-thumbnail","6":"product_cat-knebel","7":"product_tag-bondage","8":"product_tag-hanfseil","9":"product_tag-ropegag","10":"product_tag-seilknebel","12":"first","13":"instock","14":"taxable","15":"shipping-taxable","16":"purchasable","17":"product-type-variable"},"_links":{"self":[{"href":"https:\/\/bavarian-bondage.de\/da\/wp-json\/wp\/v2\/product\/3012","targetHints":{"allow":["GET"]}}],"collection":[{"href":"https:\/\/bavarian-bondage.de\/da\/wp-json\/wp\/v2\/product"}],"about":[{"href":"https:\/\/bavarian-bondage.de\/da\/wp-json\/wp\/v2\/types\/product"}],"version-history":[{"count":4,"href":"https:\/\/bavarian-bondage.de\/da\/wp-json\/wp\/v2\/product\/3012\/revisions"}],"predecessor-version":[{"id":16510,"href":"https:\/\/bavarian-bondage.de\/da\/wp-json\/wp\/v2\/product\/3012\/revisions\/16510"}],"wp:featuredmedia":[{"embeddable":true,"href":"https:\/\/bavarian-bondage.de\/da\/wp-json\/wp\/v2\/media\/8883"}],"wp:attachment":[{"href":"https:\/\/bavarian-bondage.de\/da\/wp-json\/wp\/v2\/media?parent=3012"}],"wp:term":[{"taxonomy":"product_brand","embeddable":true,"href":"https:\/\/bavarian-bondage.de\/da\/wp-json\/wp\/v2\/product_brand?post=3012"},{"taxonomy":"product_cat","embeddable":true,"href":"https:\/\/bavarian-bondage.de\/da\/wp-json\/wp\/v2\/product_cat?post=3012"},{"taxonomy":"product_tag","embeddable":true,"href":"https:\/\/bavarian-bondage.de\/da\/wp-json\/wp\/v2\/product_tag?post=3012"}],"curies":[{"name":"wp","href":"https:\/\/api.w.org\/{rel}","templated":true}]}}