{"id":3015,"date":"2020-10-17T12:56:55","date_gmt":"2020-10-17T10:56:55","guid":{"rendered":"https:\/\/bavarian-bondage.tivendo.com\/produkt\/import-placeholder-for-626\/"},"modified":"2026-04-15T16:26:48","modified_gmt":"2026-04-15T14:26:48","slug":"rebplejeolie-base-100ml","status":"publish","type":"product","link":"https:\/\/bavarian-bondage.de\/da\/produkt\/seilpflegeoel-basis-100ml\/","title":{"rendered":"Rebplejeolie base 100ml"},"content":{"rendered":"<h3 style=\"text-align: center\">Rebplejeoliebase<\/h3>\n<p style=\"text-align: center\">(Egen produktion)<\/p>\n<p style=\"text-align: center\">Den er tynd, 100% naturlig og har en neutral lugt!<\/p>\n<p style=\"text-align: center\">Du kan finde tips om rebpleje og brug <a href=\"https:\/\/bavarian-bondage.de\/da\/plejetips-til-rebene\/\">her.<\/a><\/p>\n<p>&nbsp;<\/p>\n<p style=\"text-align: center\"><span style=\"color: #ff0000\">Ikke en kosmetisk genstand.<\/span><\/p>\n<p style=\"text-align: center\"><span style=\"color: #ff0000\">Ikke egnet til forbrug.<\/span><\/p>\n<p>&nbsp;<\/p>\n<p><strong>Sammens\u00e6tning:<\/strong><\/p>\n<p>Jojoba olie<br \/>\nCamellia olie<br \/>\nBivoks<\/p>\n<p>&nbsp;<\/p>\n<p><strong>Leveringsomfang:<\/strong> 100 ml rebplejeolie base<\/p>\n<p>&nbsp;<\/p>\n<hr \/>\n<blockquote>\n<p style=\"text-align: center\"><span style=\"color: #333399\">Oplysningerne om produkterne er givet efter vores bedste viden og overbevisning. Alle dimensioner er omtrentlige. Brugen af de produkter, der tilbydes her i butikken, er p\u00e5 eget ansvar. Hver person reagerer forskelligt p\u00e5 ydre p\u00e5virkninger, p\u00e5 nydelse eller smerte osv. Derfor kan der ikke p\u00e5tages noget ansvar for forkert brug.  Hver bruger b\u00e6rer det fulde ansvar for brug eller korrekt brug af produkterne og dets uforudsigelige konsekvenser.<\/span><\/p>\n<\/blockquote>","protected":false},"excerpt":{"rendered":"<p>Grundpris: 89,00 \u20ac\/l<\/p>\n<p>Leveringstid: 5-7 dage*<\/p>","protected":false},"featured_media":8544,"template":"","meta":[],"product_brand":[],"product_cat":[322],"product_tag":[324,327],"class_list":{"0":"post-3015","1":"product","2":"type-product","3":"status-publish","4":"has-post-thumbnail","6":"product_cat-seilpflege","7":"product_tag-seilpflege","8":"product_tag-seilpflegeoel","10":"first","11":"instock","12":"taxable","13":"shipping-taxable","14":"purchasable","15":"product-type-simple"},"_links":{"self":[{"href":"https:\/\/bavarian-bondage.de\/da\/wp-json\/wp\/v2\/product\/3015","targetHints":{"allow":["GET"]}}],"collection":[{"href":"https:\/\/bavarian-bondage.de\/da\/wp-json\/wp\/v2\/product"}],"about":[{"href":"https:\/\/bavarian-bondage.de\/da\/wp-json\/wp\/v2\/types\/product"}],"version-history":[{"count":6,"href":"https:\/\/bavarian-bondage.de\/da\/wp-json\/wp\/v2\/product\/3015\/revisions"}],"predecessor-version":[{"id":13911,"href":"https:\/\/bavarian-bondage.de\/da\/wp-json\/wp\/v2\/product\/3015\/revisions\/13911"}],"wp:featuredmedia":[{"embeddable":true,"href":"https:\/\/bavarian-bondage.de\/da\/wp-json\/wp\/v2\/media\/8544"}],"wp:attachment":[{"href":"https:\/\/bavarian-bondage.de\/da\/wp-json\/wp\/v2\/media?parent=3015"}],"wp:term":[{"taxonomy":"product_brand","embeddable":true,"href":"https:\/\/bavarian-bondage.de\/da\/wp-json\/wp\/v2\/product_brand?post=3015"},{"taxonomy":"product_cat","embeddable":true,"href":"https:\/\/bavarian-bondage.de\/da\/wp-json\/wp\/v2\/product_cat?post=3015"},{"taxonomy":"product_tag","embeddable":true,"href":"https:\/\/bavarian-bondage.de\/da\/wp-json\/wp\/v2\/product_tag?post=3015"}],"curies":[{"name":"wp","href":"https:\/\/api.w.org\/{rel}","templated":true}]}}