{"id":3016,"date":"2020-10-17T12:56:55","date_gmt":"2020-10-17T10:56:55","guid":{"rendered":"https:\/\/bavarian-bondage.tivendo.com\/produkt\/import-placeholder-for-628\/"},"modified":"2026-04-09T19:25:23","modified_gmt":"2026-04-09T17:25:23","slug":"rebplejeolie-eukalyptus-100ml","status":"publish","type":"product","link":"https:\/\/bavarian-bondage.de\/da\/produkt\/seilpflegeoel-eukalyptus-100ml\/","title":{"rendered":"Rebplejeolie eukalyptus 100ml"},"content":{"rendered":"<h3 style=\"text-align: center\">Eucalyptus rebplejeolie<\/h3>\n<p style=\"text-align: center\">(Egen produktion)<\/p>\n<p style=\"text-align: center\">En koordineret olieblanding til efterbehandling af bondage-reb! Med den aromatiske duft af eukalyptus!<\/p>\n<p style=\"text-align: center\">Du kan finde tips om rebpleje og brug <a href=\"https:\/\/bavarian-bondage.de\/da\/plejetips-til-rebene\/\">her.<\/a><\/p>\n<p>&nbsp;<\/p>\n<p style=\"text-align: center\"><span style=\"color: #ff0000\">Ikke en kosmetisk genstand.<\/span><\/p>\n<p style=\"text-align: center\"><span style=\"color: #ff0000\">Ikke egnet til forbrug.<\/span><\/p>\n<p>&nbsp;<\/p>\n<p><strong>Sammens\u00e6tning:<\/strong><\/p>\n<p>Jojoba olie<br \/>\nCamellia olie<br \/>\nBivoks<br \/>\n100% naturlig \u00e6terisk eukalyptusolie<\/p>\n<p>&nbsp;<\/p>\n<p><strong>Leveringsomfang:\u00a0<\/strong>100 ml rebplejeolie eukalyptus; Folder<\/p>\n<p>&nbsp;<\/p>\n<hr \/>\n<blockquote>\n<p style=\"text-align: center\"><span style=\"color: #333399\">Oplysningerne om produkterne er givet efter vores bedste viden og overbevisning. Alle dimensioner er omtrentlige. Brugen af de produkter, der tilbydes her i butikken, er p\u00e5 eget ansvar. Hver person reagerer forskelligt p\u00e5 ydre p\u00e5virkninger, p\u00e5 nydelse eller smerte osv. Derfor kan der ikke p\u00e5tages noget ansvar for forkert brug.  Hver bruger b\u00e6rer det fulde ansvar for brug eller korrekt brug af produkterne og dets uforudsigelige konsekvenser.<\/span><\/p>\n<\/blockquote>","protected":false},"excerpt":{"rendered":"<p>Grundpris: 95,00 \u20ac\/l<\/p>\n<p>Leveringstid: 5-7 dage*<\/p>","protected":false},"featured_media":8547,"template":"","meta":[],"product_brand":[],"product_cat":[322],"product_tag":[324,327],"class_list":{"0":"post-3016","1":"product","2":"type-product","3":"status-publish","4":"has-post-thumbnail","6":"product_cat-seilpflege","7":"product_tag-seilpflege","8":"product_tag-seilpflegeoel","10":"first","11":"instock","12":"taxable","13":"shipping-taxable","14":"purchasable","15":"product-type-simple"},"_links":{"self":[{"href":"https:\/\/bavarian-bondage.de\/da\/wp-json\/wp\/v2\/product\/3016","targetHints":{"allow":["GET"]}}],"collection":[{"href":"https:\/\/bavarian-bondage.de\/da\/wp-json\/wp\/v2\/product"}],"about":[{"href":"https:\/\/bavarian-bondage.de\/da\/wp-json\/wp\/v2\/types\/product"}],"version-history":[{"count":5,"href":"https:\/\/bavarian-bondage.de\/da\/wp-json\/wp\/v2\/product\/3016\/revisions"}],"predecessor-version":[{"id":8537,"href":"https:\/\/bavarian-bondage.de\/da\/wp-json\/wp\/v2\/product\/3016\/revisions\/8537"}],"wp:featuredmedia":[{"embeddable":true,"href":"https:\/\/bavarian-bondage.de\/da\/wp-json\/wp\/v2\/media\/8547"}],"wp:attachment":[{"href":"https:\/\/bavarian-bondage.de\/da\/wp-json\/wp\/v2\/media?parent=3016"}],"wp:term":[{"taxonomy":"product_brand","embeddable":true,"href":"https:\/\/bavarian-bondage.de\/da\/wp-json\/wp\/v2\/product_brand?post=3016"},{"taxonomy":"product_cat","embeddable":true,"href":"https:\/\/bavarian-bondage.de\/da\/wp-json\/wp\/v2\/product_cat?post=3016"},{"taxonomy":"product_tag","embeddable":true,"href":"https:\/\/bavarian-bondage.de\/da\/wp-json\/wp\/v2\/product_tag?post=3016"}],"curies":[{"name":"wp","href":"https:\/\/api.w.org\/{rel}","templated":true}]}}