{"id":3018,"date":"2020-10-17T13:00:55","date_gmt":"2020-10-17T11:00:55","guid":{"rendered":"https:\/\/bavarian-bondage.tivendo.com\/produkt\/import-placeholder-for-632\/"},"modified":"2026-03-27T09:26:42","modified_gmt":"2026-03-27T08:26:42","slug":"hampreb-naturligt-5mm-eksklusivt-saet-10x8m-og-2x4m","status":"publish","type":"product","link":"https:\/\/bavarian-bondage.de\/da\/produkt\/leinenhanfseil-natur-5mm-exklusiv-set-10x8m-und-2x4m\/","title":{"rendered":"Hamp reb naturligt 5 mm Eksklusivt; S\u00e6t 10x8m og 2x4m"},"content":{"rendered":"<h3 style=\"text-align: center\">Hamp reb 5 mm EKSKLUSIVT!<\/h3>\n<p style=\"text-align: center\">Det store s\u00e6t til store tr\u00e6ldom. I alt 88 meter bondagetov. Med dette s\u00e6t er du godt udstyret med reb! Hamprebet 5 mm EXCLUSIVE er meget bl\u00f8dt og smidigt! Den er blevet behandlet flere gange for at bevare den bedste kvalitet. Rebet imponerer med sin runde, j\u00e6vne og knudel\u00f8se struktur i hele sin l\u00e6ngde. Endvidere er enderne forsynet med sm\u00e5 splejseknuder. Med sin 5 mm diameter er den ideel til kunstnerisk bondage.<\/p>\n<p style=\"text-align: left\"><strong>Detaljer:<\/strong><\/p>\n<p>Hamp reb 5 mm EKSKLUSIVT<br \/>\n3-akslet drejet<br \/>\nFarve: lys gr\u00e5<br \/>\nTrisk knude<br \/>\nL\u00e6ngde: 10x8m \/ 2x4m<br \/>\n(Tovl\u00e6ngden kan afvige fra den specificerede l\u00e6ngde med op til 3%)<\/p>\n<blockquote><p>&nbsp;<\/p><\/blockquote>\n<p><strong><span style=\"color: #ff0000\">En meddelelse:<\/span><\/strong><\/p>\n<p>Tjek reb regelm\u00e6ssigt for slitage og skader!<br \/>\nHvis reb bliver sl\u00e5et eller snoet, kan de blive l\u00f8s under brug!<\/p>\n<p><strong>Leveringsomfang:<\/strong> 10x8m \/ 2x4m h\u00f8r hamp reb 5mm EKSKLUSIVT<\/p>\n<p>&nbsp;<\/p>\n<hr \/>\n<blockquote>\n<p style=\"text-align: center\"><span style=\"color: #333399\">Oplysningerne om produkterne er givet efter vores bedste viden og overbevisning. Alle dimensioner er omtrentlige. Brugen af de produkter, der tilbydes her i butikken, er p\u00e5 eget ansvar. Hver person reagerer forskelligt p\u00e5 ydre p\u00e5virkninger, p\u00e5 nydelse eller smerte osv. Derfor kan der ikke p\u00e5tages noget ansvar for forkert brug.  Hver bruger b\u00e6rer det fulde ansvar for brug eller korrekt brug af produkterne og dets uforudsigelige konsekvenser.<\/span><\/p>\n<\/blockquote>\n<p>&nbsp;<\/p>","protected":false},"excerpt":{"rendered":"<p>Grundpris: \u20ac1,99\/m<\/p>\n<p>Leveringstid: 5-7 dage*<\/p>","protected":false},"featured_media":9406,"template":"","meta":[],"product_brand":[],"product_cat":[216,217,218],"product_tag":[261,221,260],"class_list":{"0":"post-3018","1":"product","2":"type-product","3":"status-publish","4":"has-post-thumbnail","6":"product_cat-bondageseile","7":"product_cat-leinenhanfseil","8":"product_cat-leinenhanfseil-natur","9":"product_tag-bondageseil","10":"product_tag-seilset","11":"product_tag-hanfseil","13":"first","14":"instock","15":"taxable","16":"shipping-taxable","17":"purchasable","18":"product-type-simple"},"_links":{"self":[{"href":"https:\/\/bavarian-bondage.de\/da\/wp-json\/wp\/v2\/product\/3018","targetHints":{"allow":["GET"]}}],"collection":[{"href":"https:\/\/bavarian-bondage.de\/da\/wp-json\/wp\/v2\/product"}],"about":[{"href":"https:\/\/bavarian-bondage.de\/da\/wp-json\/wp\/v2\/types\/product"}],"version-history":[{"count":7,"href":"https:\/\/bavarian-bondage.de\/da\/wp-json\/wp\/v2\/product\/3018\/revisions"}],"predecessor-version":[{"id":6153,"href":"https:\/\/bavarian-bondage.de\/da\/wp-json\/wp\/v2\/product\/3018\/revisions\/6153"}],"wp:featuredmedia":[{"embeddable":true,"href":"https:\/\/bavarian-bondage.de\/da\/wp-json\/wp\/v2\/media\/9406"}],"wp:attachment":[{"href":"https:\/\/bavarian-bondage.de\/da\/wp-json\/wp\/v2\/media?parent=3018"}],"wp:term":[{"taxonomy":"product_brand","embeddable":true,"href":"https:\/\/bavarian-bondage.de\/da\/wp-json\/wp\/v2\/product_brand?post=3018"},{"taxonomy":"product_cat","embeddable":true,"href":"https:\/\/bavarian-bondage.de\/da\/wp-json\/wp\/v2\/product_cat?post=3018"},{"taxonomy":"product_tag","embeddable":true,"href":"https:\/\/bavarian-bondage.de\/da\/wp-json\/wp\/v2\/product_tag?post=3018"}],"curies":[{"name":"wp","href":"https:\/\/api.w.org\/{rel}","templated":true}]}}