{"id":3020,"date":"2020-10-17T13:00:55","date_gmt":"2020-10-17T11:00:55","guid":{"rendered":"https:\/\/bavarian-bondage.tivendo.com\/produkt\/import-placeholder-for-640\/"},"modified":"2026-03-27T09:26:56","modified_gmt":"2026-03-27T08:26:56","slug":"hampreb-naturligt-6mm-klassisk-saet-10x8m-og-2x4m","status":"publish","type":"product","link":"https:\/\/bavarian-bondage.de\/da\/produkt\/leinenhanfseil-natur-6mm-klassik-set-10x8m-und-2x4m\/","title":{"rendered":"Hampreb naturligt 6 mm klassisk; S\u00e6t 10x8m og 2x4m"},"content":{"rendered":"<h3 style=\"text-align: center\">Hampreb af h\u00f8r 6mm KLASSISK!<\/h3>\n<p style=\"text-align: center\">Det store s\u00e6t med en masse reb! Velegnet til omfattende tr\u00e6ldom af enhver art!<\/p>\n<p style=\"text-align: center\">Hamprebet 6 mm classic er behageligt bl\u00f8dt, meget smidigt og imponerer med sin j\u00e6vne tekstur. Den er knastfri, lugtfri og f\u00e6lder meget lidt. Hamprebet blev vasket, kn\u00e6kket, flammet og derefter olieret. Farven p\u00e5 rebet er en naturlig lysegr\u00e5 tone. Enderne blev afsluttet med en simpel overh\u00e5ndsknude!<\/p>\n<p style=\"text-align: left\"><strong>Detaljer:<\/strong><\/p>\n<p>Hampreb 6 mm klassisk<br \/>\n3-akslet drejet<br \/>\nFarve: lys gr\u00e5<br \/>\nOverh\u00e5ndsknude<br \/>\nL\u00e6ngde: 10x8m \/ 2x4m<br \/>\n(Tovl\u00e6ngden kan afvige fra den specificerede l\u00e6ngde med op til 3%)<\/p>\n<p>&nbsp;<\/p>\n<p><span style=\"color: #ff0000\"><strong>En meddelelse:<\/strong><\/span><\/p>\n<p>Tjek reb regelm\u00e6ssigt for slitage og skader!<br \/>\nHvis reb bliver sl\u00e5et eller snoet, kan de blive l\u00f8s under brug!<\/p>\n<p><strong>Leveringsomfang:\u00a0<\/strong>10x8m \/ 2x4m h\u00f8r hamp reb 6mm CLASSIC<\/p>\n<p>&nbsp;<\/p>\n<blockquote>\n<hr \/>\n<p style=\"text-align: center\"><span style=\"color: #333399\">Oplysningerne om produkterne er givet efter vores bedste viden og overbevisning. Alle dimensioner er omtrentlige. Brugen af de produkter, der tilbydes her i butikken, er p\u00e5 eget ansvar. Hver person reagerer forskelligt p\u00e5 ydre p\u00e5virkninger, p\u00e5 nydelse eller smerte osv. Derfor kan der ikke p\u00e5tages noget ansvar for forkert brug.  Hver bruger b\u00e6rer det fulde ansvar for brug eller korrekt brug af produkterne og dets uforudsigelige konsekvenser.<\/span><\/p>\n<\/blockquote>","protected":false},"excerpt":{"rendered":"<p>Basispris: 1,93 \u20ac\/m\u00b2<\/p>\n<p>Leveringstid: 5-7 dage*<\/p>","protected":false},"featured_media":9401,"template":"","meta":[],"product_brand":[],"product_cat":[216,217,218],"product_tag":[261,281,289,528,529],"class_list":{"0":"post-3020","1":"product","2":"type-product","3":"status-publish","4":"has-post-thumbnail","6":"product_cat-bondageseile","7":"product_cat-leinenhanfseil","8":"product_cat-leinenhanfseil-natur","9":"product_tag-bondageseil","10":"product_tag-hanfseil-6mm","11":"product_tag-natur","12":"product_tag-leinenhanfseil","13":"product_tag-leinenhanf","15":"first","16":"outofstock","17":"taxable","18":"shipping-taxable","19":"purchasable","20":"product-type-simple"},"_links":{"self":[{"href":"https:\/\/bavarian-bondage.de\/da\/wp-json\/wp\/v2\/product\/3020","targetHints":{"allow":["GET"]}}],"collection":[{"href":"https:\/\/bavarian-bondage.de\/da\/wp-json\/wp\/v2\/product"}],"about":[{"href":"https:\/\/bavarian-bondage.de\/da\/wp-json\/wp\/v2\/types\/product"}],"version-history":[{"count":5,"href":"https:\/\/bavarian-bondage.de\/da\/wp-json\/wp\/v2\/product\/3020\/revisions"}],"predecessor-version":[{"id":16203,"href":"https:\/\/bavarian-bondage.de\/da\/wp-json\/wp\/v2\/product\/3020\/revisions\/16203"}],"wp:featuredmedia":[{"embeddable":true,"href":"https:\/\/bavarian-bondage.de\/da\/wp-json\/wp\/v2\/media\/9401"}],"wp:attachment":[{"href":"https:\/\/bavarian-bondage.de\/da\/wp-json\/wp\/v2\/media?parent=3020"}],"wp:term":[{"taxonomy":"product_brand","embeddable":true,"href":"https:\/\/bavarian-bondage.de\/da\/wp-json\/wp\/v2\/product_brand?post=3020"},{"taxonomy":"product_cat","embeddable":true,"href":"https:\/\/bavarian-bondage.de\/da\/wp-json\/wp\/v2\/product_cat?post=3020"},{"taxonomy":"product_tag","embeddable":true,"href":"https:\/\/bavarian-bondage.de\/da\/wp-json\/wp\/v2\/product_tag?post=3020"}],"curies":[{"name":"wp","href":"https:\/\/api.w.org\/{rel}","templated":true}]}}