{"id":3024,"date":"2020-10-17T12:56:55","date_gmt":"2020-10-17T10:56:55","guid":{"rendered":"https:\/\/bavarian-bondage.tivendo.com\/produkt\/import-placeholder-for-653\/"},"modified":"2026-03-13T20:37:50","modified_gmt":"2026-03-13T19:37:50","slug":"hor-hamp-reb-benzin-5mm-eksklusivt-saet-3x8m","status":"publish","type":"product","link":"https:\/\/bavarian-bondage.de\/da\/produkt\/leinenhanfseil-petrol-5mm-exklusiv-set-3x8m\/","title":{"rendered":"Linned hamp reb benzin 5mm eksklusivt; S\u00e6t 3x8m"},"content":{"rendered":"<h3 style=\"text-align: center\">Hampreb af h\u00f8r 5mm benzin EKSKLUSIVT<\/h3>\n<p style=\"text-align: center\">Tre reb er nok til starten og de f\u00f8rste bindinger!<\/p>\n<p style=\"text-align: center\">Hamprebet 5mm EXCLUSIVE har en st\u00e6rk og j\u00e6vn farve, er meget bl\u00f8d og smidig! Den er blevet behandlet flere gange for at sikre den bedste kvalitet. Rebet imponerer med sin runde, ensartede og knudel\u00f8se struktur i hele sin l\u00e6ngde. Endvidere er enderne forsynet med sm\u00e5 knaster. De tynde 5 mm reb er ideelle til kunstnerisk bondage og kombinationer med flere farver.<\/p>\n<p><strong>Detaljer:<\/strong><\/p>\n<p>Hampreb af h\u00f8r 5mm benzin EKSKLUSIVT<br \/>\n3-akslet drejet<br \/>\nFarve: benzin<br \/>\nTrisk knude<br \/>\nL\u00e6ngde: 3x8m<br \/>\n(Tovl\u00e6ngden kan afvige fra den specificerede l\u00e6ngde med op til 3%)<\/p>\n<p>&nbsp;<\/p>\n<p><span style=\"color: #ff0000\"><strong>En meddelelse:<\/strong><\/span><\/p>\n<p>Tjek reb regelm\u00e6ssigt for slitage og skader! Hvis reb bliver sl\u00e5et eller snoet, kan de blive l\u00f8s under brug!<br \/>\nRebene er farvet som helhed og har ikke samme farve helt ned til midten.<\/p>\n<p>&nbsp;<\/p>\n<p><strong>Leveringsomfang:<\/strong> Rebs\u00e6t 3x8m h\u00f8r hamp reb 5mm benzin EKSKLUSIVT<\/p>\n<p>&nbsp;<\/p>\n<hr \/>\n<blockquote>\n<p style=\"text-align: center\"><span style=\"color: #333399\">Oplysningerne om produkterne er givet efter vores bedste viden og overbevisning. Alle dimensioner er omtrentlige. Brugen af de produkter, der tilbydes her i butikken, er p\u00e5 eget ansvar. Hver person reagerer forskelligt p\u00e5 ydre p\u00e5virkninger, p\u00e5 nydelse eller smerte osv. Derfor kan der ikke p\u00e5tages noget ansvar for forkert brug.  Hver bruger b\u00e6rer det fulde ansvar for brug eller korrekt brug af produkterne og dets uforudsigelige konsekvenser.<\/span><\/p>\n<\/blockquote>","protected":false},"excerpt":{"rendered":"<p>Grundpris: 2,65 \u20ac\/m<\/p>\n<p>Leveringstid: 5-7 dage*<\/p>","protected":false},"featured_media":9109,"template":"","meta":[],"product_brand":[],"product_cat":[216,217,262,266],"product_tag":[528,260,261,273],"class_list":{"0":"post-3024","1":"product","2":"type-product","3":"status-publish","4":"has-post-thumbnail","6":"product_cat-bondageseile","7":"product_cat-leinenhanfseil","8":"product_cat-leinenhanfseil-farbig","9":"product_cat-petrol-edition","10":"product_tag-leinenhanfseil","11":"product_tag-hanfseil","12":"product_tag-bondageseil","13":"product_tag-5mm","15":"first","16":"instock","17":"taxable","18":"shipping-taxable","19":"purchasable","20":"product-type-simple"},"_links":{"self":[{"href":"https:\/\/bavarian-bondage.de\/da\/wp-json\/wp\/v2\/product\/3024","targetHints":{"allow":["GET"]}}],"collection":[{"href":"https:\/\/bavarian-bondage.de\/da\/wp-json\/wp\/v2\/product"}],"about":[{"href":"https:\/\/bavarian-bondage.de\/da\/wp-json\/wp\/v2\/types\/product"}],"version-history":[{"count":3,"href":"https:\/\/bavarian-bondage.de\/da\/wp-json\/wp\/v2\/product\/3024\/revisions"}],"predecessor-version":[{"id":6093,"href":"https:\/\/bavarian-bondage.de\/da\/wp-json\/wp\/v2\/product\/3024\/revisions\/6093"}],"wp:featuredmedia":[{"embeddable":true,"href":"https:\/\/bavarian-bondage.de\/da\/wp-json\/wp\/v2\/media\/9109"}],"wp:attachment":[{"href":"https:\/\/bavarian-bondage.de\/da\/wp-json\/wp\/v2\/media?parent=3024"}],"wp:term":[{"taxonomy":"product_brand","embeddable":true,"href":"https:\/\/bavarian-bondage.de\/da\/wp-json\/wp\/v2\/product_brand?post=3024"},{"taxonomy":"product_cat","embeddable":true,"href":"https:\/\/bavarian-bondage.de\/da\/wp-json\/wp\/v2\/product_cat?post=3024"},{"taxonomy":"product_tag","embeddable":true,"href":"https:\/\/bavarian-bondage.de\/da\/wp-json\/wp\/v2\/product_tag?post=3024"}],"curies":[{"name":"wp","href":"https:\/\/api.w.org\/{rel}","templated":true}]}}