{"id":3026,"date":"2020-10-17T12:58:56","date_gmt":"2020-10-17T10:58:56","guid":{"rendered":"https:\/\/bavarian-bondage.tivendo.com\/produkt\/import-placeholder-for-657\/"},"modified":"2026-04-18T10:40:20","modified_gmt":"2026-04-18T08:40:20","slug":"hampreb-naturligt-5mm-eksklusivt-saet-3x8m","status":"publish","type":"product","link":"https:\/\/bavarian-bondage.de\/da\/produkt\/leinenhanfseil-natur-5mm-exklusiv-set-3x8m\/","title":{"rendered":"Hamp reb naturligt 5 mm Eksklusivt; S\u00e6t 3x8m"},"content":{"rendered":"<h3 style=\"text-align: center\">Hamp reb 5 mm EKSKLUSIVT!<\/h3>\n<p style=\"text-align: center\">S\u00e6ttet til at starte med! Tre reb er nok til den f\u00f8rste tr\u00e6ldom. Eller selvf\u00f8lgelig for at udvide et eksisterende s\u00e6t.<\/p>\n<p style=\"text-align: center\">Hamprebet 5 mm EXCLUSIVE er meget bl\u00f8dt og smidigt! Den er blevet behandlet flere gange for at bevare den bedste kvalitet. Rebet imponerer med sin runde, j\u00e6vne og knudel\u00f8se struktur i hele sin l\u00e6ngde. Endvidere er enderne forsynet med sm\u00e5 splejseknuder. Med sin 5 mm diameter er den ideel til kunstnerisk bondage.<\/p>\n<p><strong>Detaljer:<\/strong><\/p>\n<p>Hamp reb 5 mm EKSKLUSIVT<br \/>\n3-akslet drejet<br \/>\nFarve: lys gr\u00e5<br \/>\nTrisk knude<br \/>\nL\u00e6ngde: 3x8m<br \/>\n(Tovl\u00e6ngden kan afvige fra den specificerede l\u00e6ngde med op til 3%)<\/p>\n<p>&nbsp;<\/p>\n<p><span style=\"color: #ff0000\"><strong>En meddelelse:<\/strong><\/span><\/p>\n<p>Tjek reb regelm\u00e6ssigt for slitage og skader!<br \/>\nHvis reb bliver sl\u00e5et eller snoet, kan de blive l\u00f8s under brug!<\/p>\n<p>&nbsp;<\/p>\n<p><strong><span style=\"color: #000000\">Leveringsomfang:<\/span><\/strong> 3x8m h\u00f8r hamp reb 5mm EKSKLUSIVT<\/p>\n<p>&nbsp;<\/p>\n<hr \/>\n<blockquote>\n<p style=\"text-align: center\"><span style=\"color: #333399\">Oplysningerne om produkterne er givet efter vores bedste viden og overbevisning. Alle dimensioner er omtrentlige. Brugen af de produkter, der tilbydes her i butikken, er p\u00e5 eget ansvar. Hver person reagerer forskelligt p\u00e5 ydre p\u00e5virkninger, p\u00e5 nydelse eller smerte osv. Derfor kan der ikke p\u00e5tages noget ansvar for forkert brug.  Hver bruger b\u00e6rer det fulde ansvar for brug eller korrekt brug af produkterne og dets uforudsigelige konsekvenser.<\/span><\/p>\n<\/blockquote>","protected":false},"excerpt":{"rendered":"<p>Grundpris: 2,21 \u20ac\/m<\/p>\n<p>Leveringstid: 5-7 dage*<\/p>","protected":false},"featured_media":9403,"template":"","meta":[],"product_brand":[],"product_cat":[216,217,218],"product_tag":[221,260,261],"class_list":{"0":"post-3026","1":"product","2":"type-product","3":"status-publish","4":"has-post-thumbnail","6":"product_cat-bondageseile","7":"product_cat-leinenhanfseil","8":"product_cat-leinenhanfseil-natur","9":"product_tag-seilset","10":"product_tag-hanfseil","11":"product_tag-bondageseil","13":"first","14":"outofstock","15":"taxable","16":"shipping-taxable","17":"purchasable","18":"product-type-simple"},"_links":{"self":[{"href":"https:\/\/bavarian-bondage.de\/da\/wp-json\/wp\/v2\/product\/3026","targetHints":{"allow":["GET"]}}],"collection":[{"href":"https:\/\/bavarian-bondage.de\/da\/wp-json\/wp\/v2\/product"}],"about":[{"href":"https:\/\/bavarian-bondage.de\/da\/wp-json\/wp\/v2\/types\/product"}],"version-history":[{"count":7,"href":"https:\/\/bavarian-bondage.de\/da\/wp-json\/wp\/v2\/product\/3026\/revisions"}],"predecessor-version":[{"id":13625,"href":"https:\/\/bavarian-bondage.de\/da\/wp-json\/wp\/v2\/product\/3026\/revisions\/13625"}],"wp:featuredmedia":[{"embeddable":true,"href":"https:\/\/bavarian-bondage.de\/da\/wp-json\/wp\/v2\/media\/9403"}],"wp:attachment":[{"href":"https:\/\/bavarian-bondage.de\/da\/wp-json\/wp\/v2\/media?parent=3026"}],"wp:term":[{"taxonomy":"product_brand","embeddable":true,"href":"https:\/\/bavarian-bondage.de\/da\/wp-json\/wp\/v2\/product_brand?post=3026"},{"taxonomy":"product_cat","embeddable":true,"href":"https:\/\/bavarian-bondage.de\/da\/wp-json\/wp\/v2\/product_cat?post=3026"},{"taxonomy":"product_tag","embeddable":true,"href":"https:\/\/bavarian-bondage.de\/da\/wp-json\/wp\/v2\/product_tag?post=3026"}],"curies":[{"name":"wp","href":"https:\/\/api.w.org\/{rel}","templated":true}]}}