{"id":3027,"date":"2020-10-17T12:56:56","date_gmt":"2020-10-17T10:56:56","guid":{"rendered":"https:\/\/bavarian-bondage.tivendo.com\/produkt\/import-placeholder-for-661\/"},"modified":"2026-02-03T17:39:19","modified_gmt":"2026-02-03T16:39:19","slug":"hampreb-gron-5mm-eksklusivt-saet-3x8m","status":"publish","type":"product","link":"https:\/\/bavarian-bondage.de\/da\/produkt\/leinenhanfseil-gruen-5mm-exklusiv-set-3x8m\/","title":{"rendered":"Hampreb gr\u00f8n 5mm eksklusivt; S\u00e6t 3x8m"},"content":{"rendered":"<h3 style=\"text-align: center\">Hampreb af h\u00f8r 5mm gr\u00f8n EKSKLUSIVT<\/h3>\n<p style=\"text-align: center\">Tre reb er nok til starten og de f\u00f8rste bindinger!<\/p>\n<p style=\"text-align: center\">Hamprebet 5mm EXCLUSIVE er meget bl\u00f8dt og smidigt! Den er blevet behandlet flere gange for at bevare den bedste kvalitet. Rebet imponerer med sin runde, j\u00e6vne og knudefri struktur i hele sin l\u00e6ngde. Ydermere bindes enderne med sm\u00e5 knuder. De tynde 5 mm reb er ideelle til kunstnerisk bondage og kombinationer med flere farver.<\/p>\n<p><strong>Detaljer:<\/strong><\/p>\n<p>Hampreb af h\u00f8r 5mm gr\u00f8n EKSKLUSIVT<br \/>\n3-akslet drejet<br \/>\nFarve: Gr\u00f8n<br \/>\nTrisk knude<br \/>\nL\u00e6ngde: 3x8m<br \/>\n(Tovl\u00e6ngden kan afvige fra den specificerede l\u00e6ngde med op til 3%)<\/p>\n<p>&nbsp;<\/p>\n<p><span style=\"color: #ff0000\"><strong>En meddelelse:<\/strong><\/span><\/p>\n<p>Tjek reb regelm\u00e6ssigt for slitage og skader! Hvis reb bliver sl\u00e5et eller snoet, kan de blive l\u00f8s under brug!<br \/>\nRebene er farvet som helhed og har ikke samme farve helt ned til midten.<\/p>\n<p>&nbsp;<\/p>\n<p><strong>Leveringsomfang:<\/strong> Rebs\u00e6t 3x8m h\u00f8r hamp reb 5mm gr\u00f8n EKSKLUSIVT<\/p>\n<p>&nbsp;<\/p>\n<hr \/>\n<blockquote>\n<p style=\"text-align: center\"><span style=\"color: #333399\">Oplysningerne om produkterne er givet efter vores bedste viden og overbevisning. Alle dimensioner er omtrentlige. Brugen af de produkter, der tilbydes her i butikken, er p\u00e5 eget ansvar. Hver person reagerer forskelligt p\u00e5 ydre p\u00e5virkninger, p\u00e5 nydelse eller smerte osv. Derfor kan der ikke p\u00e5tages noget ansvar for forkert brug.  Hver bruger b\u00e6rer det fulde ansvar for brug eller korrekt brug af produkterne og dets uforudsigelige konsekvenser.<\/span><\/p>\n<\/blockquote>","protected":false},"excerpt":{"rendered":"<p>Grundpris: 2,65 \u20ac\/m<\/p>\n<p>Leveringstid: 5-7 dage*<\/p>","protected":false},"featured_media":9235,"template":"","meta":[],"product_brand":[],"product_cat":[271,216,217,262],"product_tag":[528,261,267,268],"class_list":{"0":"post-3027","1":"product","2":"type-product","3":"status-publish","4":"has-post-thumbnail","6":"product_cat-green-edition","7":"product_cat-bondageseile","8":"product_cat-leinenhanfseil","9":"product_cat-leinenhanfseil-farbig","10":"product_tag-leinenhanfseil","11":"product_tag-bondageseil","12":"product_tag-gruen","13":"product_tag-hanfseil-5mm","15":"first","16":"instock","17":"taxable","18":"shipping-taxable","19":"purchasable","20":"product-type-simple"},"_links":{"self":[{"href":"https:\/\/bavarian-bondage.de\/da\/wp-json\/wp\/v2\/product\/3027","targetHints":{"allow":["GET"]}}],"collection":[{"href":"https:\/\/bavarian-bondage.de\/da\/wp-json\/wp\/v2\/product"}],"about":[{"href":"https:\/\/bavarian-bondage.de\/da\/wp-json\/wp\/v2\/types\/product"}],"version-history":[{"count":4,"href":"https:\/\/bavarian-bondage.de\/da\/wp-json\/wp\/v2\/product\/3027\/revisions"}],"predecessor-version":[{"id":13685,"href":"https:\/\/bavarian-bondage.de\/da\/wp-json\/wp\/v2\/product\/3027\/revisions\/13685"}],"wp:featuredmedia":[{"embeddable":true,"href":"https:\/\/bavarian-bondage.de\/da\/wp-json\/wp\/v2\/media\/9235"}],"wp:attachment":[{"href":"https:\/\/bavarian-bondage.de\/da\/wp-json\/wp\/v2\/media?parent=3027"}],"wp:term":[{"taxonomy":"product_brand","embeddable":true,"href":"https:\/\/bavarian-bondage.de\/da\/wp-json\/wp\/v2\/product_brand?post=3027"},{"taxonomy":"product_cat","embeddable":true,"href":"https:\/\/bavarian-bondage.de\/da\/wp-json\/wp\/v2\/product_cat?post=3027"},{"taxonomy":"product_tag","embeddable":true,"href":"https:\/\/bavarian-bondage.de\/da\/wp-json\/wp\/v2\/product_tag?post=3027"}],"curies":[{"name":"wp","href":"https:\/\/api.w.org\/{rel}","templated":true}]}}