{"id":3036,"date":"2020-10-17T12:57:03","date_gmt":"2020-10-17T10:57:03","guid":{"rendered":"https:\/\/bavarian-bondage.tivendo.com\/produkt\/import-placeholder-for-680\/"},"modified":"2026-05-02T12:13:28","modified_gmt":"2026-05-02T10:13:28","slug":"hampreb-naturligt-6mm-eksklusivt-saet-3x8m","status":"publish","type":"product","link":"https:\/\/bavarian-bondage.de\/da\/produkt\/leinenhanfseil-natur-6mm-exklusiv-set-3x8m\/","title":{"rendered":"Hampreb naturligt 6mm eksklusivt; S\u00e6t 3x8m"},"content":{"rendered":"<h3 style=\"text-align: center\">Hampreb 6 mm EKSKLUSIVT!<\/h3>\n<p style=\"text-align: center\">Tre reb er nok til starten og de f\u00f8rste bindinger!<\/p>\n<p style=\"text-align: center\">Det 6 mm EKSKLUSIVE h\u00f8r-hampreb er meget bl\u00f8dt og smidigt! Det er blevet behandlet flere gange for at sikre den h\u00f8jeste kvalitet. Rebet har en rund, ensartet og knudefri struktur i hele sin l\u00e6ngde. Derudover er enderne afsluttet med sm\u00e5 splejseknuder.<\/p>\n<p><strong>Detaljer:<\/strong><\/p>\n<p>Hampreb af h\u00f8r 6mm EKSKLUSIVT<br \/>\n3-akslet drejet<br \/>\nFarve: lys gr\u00e5<br \/>\nTrisk knude<br \/>\nL\u00e6ngde: 3x8m<br \/>\n(Rebl\u00e6ngden kan afvige med op til 3% fra den angivne l\u00e6ngde.)<\/p>\n<p>&nbsp;<\/p>\n<p><span style=\"color: #ff0000\"><strong>En meddelelse:<\/strong><\/span><\/p>\n<p>Tjek reb regelm\u00e6ssigt for slitage og skader!<br \/>\nHvis reb bliver sl\u00e5et eller snoet, kan de blive l\u00f8s under brug!<\/p>\n<p>&nbsp;<\/p>\n<p><strong>Leveringsomfang:<\/strong> 3x8m h\u00f8r hamp reb 6mm EKSKLUSIVT<\/p>\n<p>&nbsp;<\/p>\n<hr \/>\n<blockquote>\n<p style=\"text-align: center\"><span style=\"color: #333399\">\u00a0Oplysningerne om produkterne er givet efter vores bedste viden og overbevisning. Alle dimensioner er omtrentlige. Brugen af de produkter, der tilbydes her i butikken, er p\u00e5 eget ansvar. Hver person reagerer forskelligt p\u00e5 ydre p\u00e5virkninger, p\u00e5 nydelse eller smerte osv. Derfor kan der ikke p\u00e5tages noget ansvar for forkert brug.  Hver bruger b\u00e6rer det fulde ansvar for brug eller korrekt brug af produkterne og dets uforudsigelige konsekvenser.<\/span><\/p>\n<\/blockquote>","protected":false},"excerpt":{"rendered":"<p>Grundpris: 2,38 \u20ac\/m<\/p>\n<p>Leveringstid: 5-7 dage*<\/p>","protected":false},"featured_media":9393,"template":"","meta":[],"product_brand":[],"product_cat":[216,217,218],"product_tag":[221,260,261,284],"class_list":{"0":"post-3036","1":"product","2":"type-product","3":"status-publish","4":"has-post-thumbnail","6":"product_cat-bondageseile","7":"product_cat-leinenhanfseil","8":"product_cat-leinenhanfseil-natur","9":"product_tag-seilset","10":"product_tag-hanfseil","11":"product_tag-bondageseil","12":"product_tag-6mm","14":"first","15":"instock","16":"taxable","17":"shipping-taxable","18":"purchasable","19":"product-type-simple"},"_links":{"self":[{"href":"https:\/\/bavarian-bondage.de\/da\/wp-json\/wp\/v2\/product\/3036","targetHints":{"allow":["GET"]}}],"collection":[{"href":"https:\/\/bavarian-bondage.de\/da\/wp-json\/wp\/v2\/product"}],"about":[{"href":"https:\/\/bavarian-bondage.de\/da\/wp-json\/wp\/v2\/types\/product"}],"version-history":[{"count":5,"href":"https:\/\/bavarian-bondage.de\/da\/wp-json\/wp\/v2\/product\/3036\/revisions"}],"predecessor-version":[{"id":16519,"href":"https:\/\/bavarian-bondage.de\/da\/wp-json\/wp\/v2\/product\/3036\/revisions\/16519"}],"wp:featuredmedia":[{"embeddable":true,"href":"https:\/\/bavarian-bondage.de\/da\/wp-json\/wp\/v2\/media\/9393"}],"wp:attachment":[{"href":"https:\/\/bavarian-bondage.de\/da\/wp-json\/wp\/v2\/media?parent=3036"}],"wp:term":[{"taxonomy":"product_brand","embeddable":true,"href":"https:\/\/bavarian-bondage.de\/da\/wp-json\/wp\/v2\/product_brand?post=3036"},{"taxonomy":"product_cat","embeddable":true,"href":"https:\/\/bavarian-bondage.de\/da\/wp-json\/wp\/v2\/product_cat?post=3036"},{"taxonomy":"product_tag","embeddable":true,"href":"https:\/\/bavarian-bondage.de\/da\/wp-json\/wp\/v2\/product_tag?post=3036"}],"curies":[{"name":"wp","href":"https:\/\/api.w.org\/{rel}","templated":true}]}}