{"id":3049,"date":"2020-10-17T12:57:04","date_gmt":"2020-10-17T10:57:04","guid":{"rendered":"https:\/\/bavarian-bondage.tivendo.com\/produkt\/import-placeholder-for-716\/"},"modified":"2026-01-04T20:51:14","modified_gmt":"2026-01-04T19:51:14","slug":"hor-hampreb-gront-5mm-eksklusivt-saet-7x8m-og-2x4m","status":"publish","type":"product","link":"https:\/\/bavarian-bondage.de\/da\/produkt\/leinenhanfseil-gruen-5mm-exklusiv-set-7x8m-und-2x4m\/","title":{"rendered":"Hampreb gr\u00f8n 5mm eksklusivt; S\u00e6t 7x8m og 2x4m"},"content":{"rendered":"<h3 style=\"text-align: center\">Hampreb af h\u00f8r 5mm gr\u00f8n EKSKLUSIVT<\/h3>\n<p style=\"text-align: center\">7x8m rebs\u00e6ttet kan beskrives som en klassiker. Det hele suppleres af to korte reb, der tilbyder en r\u00e6kke forskellige muligheder. Det 5 mm EKSKLUSIVE h\u00f8rhampreb er meget bl\u00f8dt og smidigt! Den er blevet behandlet flere gange for at sikre den bedste kvalitet. Rebet imponerer med sin runde, ensartede og knudel\u00f8se struktur i hele sin l\u00e6ngde. Desuden er enderne forsynet med sm\u00e5 knuder. De tynde 5 mm reb er ideelle til kunstnerisk bondage og kombinationer med flere farver.<\/p>\n<p><strong>Detaljer:<\/strong><\/p>\n<p>Hampreb af h\u00f8r 5mm gr\u00f8n EKSKLUSIVT<br \/>\n3-akslet drejet<br \/>\nFarve: Gr\u00f8n<br \/>\nTrisk knude<br \/>\nL\u00e6ngde: 7x8m \/ 2x4m<br \/>\n(Tovl\u00e6ngden kan afvige fra den specificerede l\u00e6ngde med op til 3%)<\/p>\n<p>&nbsp;<\/p>\n<p><span style=\"color: #ff0000\"><strong>En meddelelse:<\/strong><\/span><\/p>\n<p>Tjek reb regelm\u00e6ssigt for slitage og skader! Hvis reb bliver sl\u00e5et eller snoet, kan de blive l\u00f8s under brug!<br \/>\nRebene er farvet som helhed og har ikke samme farve helt ned til midten.<\/p>\n<p>&nbsp;<\/p>\n<p><strong>Leveringsomfang:<\/strong> Rebs\u00e6t 7x8m og 2x4m h\u00f8rhampreb 5mm gr\u00f8n EKSKLUSIVT<\/p>\n<p>&nbsp;<\/p>\n<hr \/>\n<blockquote>\n<p style=\"text-align: center\"><span style=\"color: #333399\">Oplysningerne om produkterne er givet efter vores bedste viden og overbevisning. Alle dimensioner er omtrentlige. Brugen af de produkter, der tilbydes her i butikken, er p\u00e5 eget ansvar. Hver person reagerer forskelligt p\u00e5 ydre p\u00e5virkninger, p\u00e5 nydelse eller smerte osv. Derfor kan der ikke p\u00e5tages noget ansvar for forkert brug.  Hver bruger b\u00e6rer det fulde ansvar for brug eller korrekt brug af produkterne og dets uforudsigelige konsekvenser.<\/span><\/p>\n<\/blockquote>","protected":false},"excerpt":{"rendered":"<p>Grundpris: 2,33 \u20ac\/m<\/p>\n<p>Leveringstid: 5-7 dage*<\/p>","protected":false},"featured_media":9236,"template":"","meta":[],"product_brand":[],"product_cat":[216,217,262,271],"product_tag":[221,273,288,528],"class_list":{"0":"post-3049","1":"product","2":"type-product","3":"status-publish","4":"has-post-thumbnail","6":"product_cat-bondageseile","7":"product_cat-leinenhanfseil","8":"product_cat-leinenhanfseil-farbig","9":"product_cat-green-edition","10":"product_tag-seilset","11":"product_tag-5mm","12":"product_tag-hanfseil-gruen","13":"product_tag-leinenhanfseil","15":"first","16":"instock","17":"taxable","18":"shipping-taxable","19":"purchasable","20":"product-type-simple"},"_links":{"self":[{"href":"https:\/\/bavarian-bondage.de\/da\/wp-json\/wp\/v2\/product\/3049","targetHints":{"allow":["GET"]}}],"collection":[{"href":"https:\/\/bavarian-bondage.de\/da\/wp-json\/wp\/v2\/product"}],"about":[{"href":"https:\/\/bavarian-bondage.de\/da\/wp-json\/wp\/v2\/types\/product"}],"version-history":[{"count":4,"href":"https:\/\/bavarian-bondage.de\/da\/wp-json\/wp\/v2\/product\/3049\/revisions"}],"predecessor-version":[{"id":13684,"href":"https:\/\/bavarian-bondage.de\/da\/wp-json\/wp\/v2\/product\/3049\/revisions\/13684"}],"wp:featuredmedia":[{"embeddable":true,"href":"https:\/\/bavarian-bondage.de\/da\/wp-json\/wp\/v2\/media\/9236"}],"wp:attachment":[{"href":"https:\/\/bavarian-bondage.de\/da\/wp-json\/wp\/v2\/media?parent=3049"}],"wp:term":[{"taxonomy":"product_brand","embeddable":true,"href":"https:\/\/bavarian-bondage.de\/da\/wp-json\/wp\/v2\/product_brand?post=3049"},{"taxonomy":"product_cat","embeddable":true,"href":"https:\/\/bavarian-bondage.de\/da\/wp-json\/wp\/v2\/product_cat?post=3049"},{"taxonomy":"product_tag","embeddable":true,"href":"https:\/\/bavarian-bondage.de\/da\/wp-json\/wp\/v2\/product_tag?post=3049"}],"curies":[{"name":"wp","href":"https:\/\/api.w.org\/{rel}","templated":true}]}}