{"id":3052,"date":"2020-10-17T12:59:04","date_gmt":"2020-10-17T10:59:04","guid":{"rendered":"https:\/\/bavarian-bondage.tivendo.com\/produkt\/import-placeholder-for-723\/"},"modified":"2026-02-03T10:30:44","modified_gmt":"2026-02-03T09:30:44","slug":"hampreb-pink-5mm-udelukkende-7x8m-og-2x4m","status":"publish","type":"product","link":"https:\/\/bavarian-bondage.de\/da\/produkt\/leinenhanfseil-pink-5mm-exklusiv-7x8m-und-2x4m\/","title":{"rendered":"Hamp reb pink 5 mm eksklusivt; 7x8m og 2x4m"},"content":{"rendered":"<h3 style=\"text-align: center\">Hampreb af h\u00f8r 5mm pink EKSKLUSIVT<\/h3>\n<p style=\"text-align: center\">7x8m rebs\u00e6ttet kan beskrives som en klassiker. Det hele er suppleret med to korte reb, som giver en lang r\u00e6kke muligheder. Hamprebet 5 mm EXCLUSIVE er meget bl\u00f8dt og smidigt! Den er blevet behandlet flere gange for at bevare den bedste kvalitet. Rebet imponerer med en rund, j\u00e6vn og knudefri struktur i hele sin l\u00e6ngde og en smuk, kraftig lyser\u00f8d farve. Ydermere bindes enderne med sm\u00e5 knuder. De tynde 5 mm reb er ideelle til kunstnerisk bondage, selvf\u00f8lgelig ogs\u00e5 i kombination med andre farver.<\/p>\n<p><strong>Detaljer:<\/strong><\/p>\n<p>Hampreb af h\u00f8r 5mm pink EKSKLUSIVT<br \/>\n3-akslet drejet<br \/>\nFarve: Pink<br \/>\nTrisk knude<br \/>\nL\u00e6ngde: 7x8m \/ 2x4m<br \/>\n(Tovl\u00e6ngden kan afvige fra den specificerede l\u00e6ngde med op til 3%)<\/p>\n<p>&nbsp;<\/p>\n<p><span style=\"color: #ff0000\"><strong>En meddelelse:<\/strong><\/span><\/p>\n<p>Tjek reb regelm\u00e6ssigt for slitage og skader! Hvis reb bliver sl\u00e5et eller snoet, kan de blive l\u00f8s under brug!<br \/>\nRebene er farvet som helhed og har ikke samme farve helt ned til midten.<\/p>\n<p>&nbsp;<\/p>\n<p><strong>Leveringsomfang:<\/strong> Rebs\u00e6t 7x8m og 2x4m h\u00f8rhampereb 5mm pink EKSKLUSIVT<\/p>\n<p>&nbsp;<\/p>\n<hr \/>\n<blockquote>\n<p style=\"text-align: center\"><span style=\"color: #333399\">Oplysningerne om produkterne er givet efter vores bedste viden og overbevisning. Alle dimensioner er omtrentlige. Brugen af de produkter, der tilbydes her i butikken, er p\u00e5 eget ansvar. Hver person reagerer forskelligt p\u00e5 ydre p\u00e5virkninger, p\u00e5 nydelse eller smerte osv. Derfor kan der ikke p\u00e5tages noget ansvar for forkert brug.  Hver bruger b\u00e6rer det fulde ansvar for brug eller korrekt brug af produkterne og dets uforudsigelige konsekvenser.<\/span><\/p>\n<\/blockquote>","protected":false},"excerpt":{"rendered":"<p>Grundpris: 2,33 \u20ac\/m<\/p>\n<p>Leveringstid: 5-7 dage*<\/p>","protected":false},"featured_media":10276,"template":"","meta":[],"product_brand":[],"product_cat":[262,275,216,217],"product_tag":[261,291,528,221],"class_list":{"0":"post-3052","1":"product","2":"type-product","3":"status-publish","4":"has-post-thumbnail","6":"product_cat-leinenhanfseil-farbig","7":"product_cat-pink-edition","8":"product_cat-bondageseile","9":"product_cat-leinenhanfseil","10":"product_tag-bondageseil","11":"product_tag-hanfseil-pink","12":"product_tag-leinenhanfseil","13":"product_tag-seilset","15":"first","16":"instock","17":"taxable","18":"shipping-taxable","19":"purchasable","20":"product-type-simple"},"_links":{"self":[{"href":"https:\/\/bavarian-bondage.de\/da\/wp-json\/wp\/v2\/product\/3052","targetHints":{"allow":["GET"]}}],"collection":[{"href":"https:\/\/bavarian-bondage.de\/da\/wp-json\/wp\/v2\/product"}],"about":[{"href":"https:\/\/bavarian-bondage.de\/da\/wp-json\/wp\/v2\/types\/product"}],"version-history":[{"count":7,"href":"https:\/\/bavarian-bondage.de\/da\/wp-json\/wp\/v2\/product\/3052\/revisions"}],"predecessor-version":[{"id":13703,"href":"https:\/\/bavarian-bondage.de\/da\/wp-json\/wp\/v2\/product\/3052\/revisions\/13703"}],"wp:featuredmedia":[{"embeddable":true,"href":"https:\/\/bavarian-bondage.de\/da\/wp-json\/wp\/v2\/media\/10276"}],"wp:attachment":[{"href":"https:\/\/bavarian-bondage.de\/da\/wp-json\/wp\/v2\/media?parent=3052"}],"wp:term":[{"taxonomy":"product_brand","embeddable":true,"href":"https:\/\/bavarian-bondage.de\/da\/wp-json\/wp\/v2\/product_brand?post=3052"},{"taxonomy":"product_cat","embeddable":true,"href":"https:\/\/bavarian-bondage.de\/da\/wp-json\/wp\/v2\/product_cat?post=3052"},{"taxonomy":"product_tag","embeddable":true,"href":"https:\/\/bavarian-bondage.de\/da\/wp-json\/wp\/v2\/product_tag?post=3052"}],"curies":[{"name":"wp","href":"https:\/\/api.w.org\/{rel}","templated":true}]}}