{"id":3056,"date":"2020-10-17T12:57:05","date_gmt":"2020-10-17T10:57:05","guid":{"rendered":"https:\/\/bavarian-bondage.tivendo.com\/produkt\/import-placeholder-for-731\/"},"modified":"2026-03-04T10:12:02","modified_gmt":"2026-03-04T09:12:02","slug":"hampreb-benzin-6mm-eksklusivt-saet-7x8m-og-2x4m","status":"publish","type":"product","link":"https:\/\/bavarian-bondage.de\/da\/produkt\/leinenhanfseil-petrol-6mm-exklusiv-set-7x8m-und-2x4m\/","title":{"rendered":"Linned hamperov benzin 6mm eksklusivt; S\u00e6t 7x8m og 2x4m"},"content":{"rendered":"<h3 style=\"text-align: center\">Hampreb af h\u00f8r 6mm benzin EKSKLUSIVT<\/h3>\n<p style=\"text-align: center\">J\u00e6vn og kraftig benzinfarve.<\/p>\n<p style=\"text-align: center\">7x8m rebs\u00e6ttet kan beskrives som en klassiker. Det hele er suppleret med to korte reb, som giver en lang r\u00e6kke muligheder. Hamprebet 6 mm EXCLUSIVE er meget bl\u00f8dt og smidigt! Den er blevet behandlet flere gange for at bevare den bedste kvalitet. Rebet imponerer med sin runde, j\u00e6vne og knudefri struktur i hele sin l\u00e6ngde. Endvidere er enderne dekoreret med sm\u00e5 knaster.<\/p>\n<p><strong>Detaljer:<\/strong><\/p>\n<p>Hampreb af h\u00f8r 6mm benzin EKSKLUSIVT<br \/>\n3-akslet drejet<br \/>\nFarve: benzin<br \/>\nTrisk knude<br \/>\nL\u00e6ngde: 7x8m \/ 2x4m<br \/>\n(Tovl\u00e6ngden kan afvige fra den specificerede l\u00e6ngde med op til 3%)<\/p>\n<p>&nbsp;<\/p>\n<p><span style=\"color: #ff0000\"><strong>En meddelelse:<\/strong><\/span><\/p>\n<p>Tjek reb regelm\u00e6ssigt for slitage og skader! Hvis reb bliver sl\u00e5et eller snoet, kan de blive l\u00f8s under brug! Rebene er farvet som helhed og har ikke samme farve helt ned til midten.<\/p>\n<p>&nbsp;<\/p>\n<p><strong>Leveringsomfang:\u00a0<\/strong>Rebs\u00e6t 7x8m og 2x4m h\u00f8rhampedov 6mm benzin EKSKLUSIVT<\/p>\n<p>&nbsp;<\/p>\n<hr \/>\n<blockquote>\n<p style=\"text-align: center\"><span style=\"color: #333399\">Oplysningerne om produkterne er givet efter vores bedste viden og overbevisning. Alle dimensioner er omtrentlige. Brugen af de produkter, der tilbydes her i butikken, er p\u00e5 eget ansvar. Hver person reagerer forskelligt p\u00e5 ydre p\u00e5virkninger, p\u00e5 nydelse eller smerte osv. Derfor kan der ikke p\u00e5tages noget ansvar for forkert brug.  Hver bruger b\u00e6rer det fulde ansvar for brug eller korrekt brug af produkterne og dets uforudsigelige konsekvenser.<\/span><\/p>\n<\/blockquote>","protected":false},"excerpt":{"rendered":"<p>Grundpris: 2,48 \u20ac\/m<\/p>\n<p>Leveringstid: 5-7 dage*<\/p>","protected":false},"featured_media":9703,"template":"","meta":[],"product_brand":[],"product_cat":[217,262,266,216],"product_tag":[260,261,284,530],"class_list":{"0":"post-3056","1":"product","2":"type-product","3":"status-publish","4":"has-post-thumbnail","6":"product_cat-leinenhanfseil","7":"product_cat-leinenhanfseil-farbig","8":"product_cat-petrol-edition","9":"product_cat-bondageseile","10":"product_tag-hanfseil","11":"product_tag-bondageseil","12":"product_tag-6mm","13":"product_tag-leinenhafseil","15":"first","16":"outofstock","17":"taxable","18":"shipping-taxable","19":"purchasable","20":"product-type-simple"},"_links":{"self":[{"href":"https:\/\/bavarian-bondage.de\/da\/wp-json\/wp\/v2\/product\/3056","targetHints":{"allow":["GET"]}}],"collection":[{"href":"https:\/\/bavarian-bondage.de\/da\/wp-json\/wp\/v2\/product"}],"about":[{"href":"https:\/\/bavarian-bondage.de\/da\/wp-json\/wp\/v2\/types\/product"}],"version-history":[{"count":4,"href":"https:\/\/bavarian-bondage.de\/da\/wp-json\/wp\/v2\/product\/3056\/revisions"}],"predecessor-version":[{"id":13697,"href":"https:\/\/bavarian-bondage.de\/da\/wp-json\/wp\/v2\/product\/3056\/revisions\/13697"}],"wp:featuredmedia":[{"embeddable":true,"href":"https:\/\/bavarian-bondage.de\/da\/wp-json\/wp\/v2\/media\/9703"}],"wp:attachment":[{"href":"https:\/\/bavarian-bondage.de\/da\/wp-json\/wp\/v2\/media?parent=3056"}],"wp:term":[{"taxonomy":"product_brand","embeddable":true,"href":"https:\/\/bavarian-bondage.de\/da\/wp-json\/wp\/v2\/product_brand?post=3056"},{"taxonomy":"product_cat","embeddable":true,"href":"https:\/\/bavarian-bondage.de\/da\/wp-json\/wp\/v2\/product_cat?post=3056"},{"taxonomy":"product_tag","embeddable":true,"href":"https:\/\/bavarian-bondage.de\/da\/wp-json\/wp\/v2\/product_tag?post=3056"}],"curies":[{"name":"wp","href":"https:\/\/api.w.org\/{rel}","templated":true}]}}