{"id":3063,"date":"2020-10-17T12:57:12","date_gmt":"2020-10-17T10:57:12","guid":{"rendered":"https:\/\/bavarian-bondage.tivendo.com\/produkt\/import-placeholder-for-749\/"},"modified":"2026-04-11T14:26:15","modified_gmt":"2026-04-11T12:26:15","slug":"hampreb-rod-6mm-eksklusivt-saet-7x8m-og-2x4m","status":"publish","type":"product","link":"https:\/\/bavarian-bondage.de\/da\/produkt\/leinenhanfseil-rot-6mm-exklusiv-set-7x8m-und-2x4m\/","title":{"rendered":"Hamp reb r\u00f8d 6mm eksklusiv; S\u00e6t 7x8m og 2x4m"},"content":{"rendered":"<h3 style=\"text-align: center\">Hampreb af h\u00f8r 6mm r\u00f8d EKSKLUSIVT<\/h3>\n<p style=\"text-align: center\">En af de mest popul\u00e6re farver p\u00e5 bondagereb er klassisk r\u00f8d.<\/p>\n<p style=\"text-align: center\">Dette 7x8m rebs\u00e6t kan allerede betragtes som en klassiker. Det suppleres af to kortere reb, der tilbyder en bred vifte af muligheder. Det 6 mm EKSKLUSIVE h\u00f8r-hampreb er us\u00e6dvanligt bl\u00f8dt og smidigt! Det har gennemg\u00e5et flere behandlinger for at sikre den h\u00f8jeste kvalitet. Rebet har en rund, ensartet og knudefri struktur i hele sin l\u00e6ngde. Derudover er enderne afsluttet med sm\u00e5 knuder.<\/p>\n<p><strong>Detaljer:<\/strong><\/p>\n<p>Hampreb af h\u00f8r 6mm r\u00f8d EKSKLUSIVT<br \/>\n3-akslet drejet<br \/>\nFarve: R\u00f8d<br \/>\nTrisk knude<br \/>\nL\u00e6ngde: 7x8m \/ 2x4m<br \/>\n(Rebl\u00e6ngden kan afvige med op til 3% fra den angivne l\u00e6ngde.)<\/p>\n<p><strong><span style=\"color: #ff0000\">En meddelelse:<\/span><\/strong><\/p>\n<p>Tjek reb regelm\u00e6ssigt for slitage og skader! Hvis reb bliver sl\u00e5et eller snoet, kan de blive l\u00f8s under brug!<br \/>\nRebene er farvet som helhed og har ikke samme farve helt ned til midten.<\/p>\n<p>&nbsp;<\/p>\n<p><strong>Leveringsomfang:<\/strong> Rebs\u00e6t 7x8m og 2x4m h\u00f8rhampedov 6mm r\u00f8d EKSKLUSIVT<\/p>\n<p>&nbsp;<\/p>\n<hr \/>\n<blockquote>\n<p style=\"text-align: center\"><span style=\"color: #333399\">Oplysningerne om produkterne er givet efter vores bedste viden og overbevisning. Alle dimensioner er omtrentlige. Brugen af de produkter, der tilbydes her i butikken, er p\u00e5 eget ansvar. Hver person reagerer forskelligt p\u00e5 ydre p\u00e5virkninger, p\u00e5 nydelse eller smerte osv. Derfor kan der ikke p\u00e5tages noget ansvar for forkert brug.  Hver bruger b\u00e6rer det fulde ansvar for brug eller korrekt brug af produkterne og dets uforudsigelige konsekvenser.<\/span><\/p>\n<\/blockquote>","protected":false},"excerpt":{"rendered":"<p>Grundpris: 2,48 \u20ac\/m<\/p>\n<p>Leveringstid: 5-7 dage*<\/p>","protected":false},"featured_media":10271,"template":"","meta":[],"product_brand":[],"product_cat":[216,217,262,277],"product_tag":[221,261,292,339,528],"class_list":{"0":"post-3063","1":"product","2":"type-product","3":"status-publish","4":"has-post-thumbnail","6":"product_cat-bondageseile","7":"product_cat-leinenhanfseil","8":"product_cat-leinenhanfseil-farbig","9":"product_cat-red-edition","10":"product_tag-seilset","11":"product_tag-bondageseil","12":"product_tag-hanfseil-rot","13":"product_tag-hanfseil-6mm-rot","14":"product_tag-leinenhanfseil","16":"first","17":"outofstock","18":"taxable","19":"shipping-taxable","20":"purchasable","21":"product-type-simple"},"_links":{"self":[{"href":"https:\/\/bavarian-bondage.de\/da\/wp-json\/wp\/v2\/product\/3063","targetHints":{"allow":["GET"]}}],"collection":[{"href":"https:\/\/bavarian-bondage.de\/da\/wp-json\/wp\/v2\/product"}],"about":[{"href":"https:\/\/bavarian-bondage.de\/da\/wp-json\/wp\/v2\/types\/product"}],"version-history":[{"count":5,"href":"https:\/\/bavarian-bondage.de\/da\/wp-json\/wp\/v2\/product\/3063\/revisions"}],"predecessor-version":[{"id":16442,"href":"https:\/\/bavarian-bondage.de\/da\/wp-json\/wp\/v2\/product\/3063\/revisions\/16442"}],"wp:featuredmedia":[{"embeddable":true,"href":"https:\/\/bavarian-bondage.de\/da\/wp-json\/wp\/v2\/media\/10271"}],"wp:attachment":[{"href":"https:\/\/bavarian-bondage.de\/da\/wp-json\/wp\/v2\/media?parent=3063"}],"wp:term":[{"taxonomy":"product_brand","embeddable":true,"href":"https:\/\/bavarian-bondage.de\/da\/wp-json\/wp\/v2\/product_brand?post=3063"},{"taxonomy":"product_cat","embeddable":true,"href":"https:\/\/bavarian-bondage.de\/da\/wp-json\/wp\/v2\/product_cat?post=3063"},{"taxonomy":"product_tag","embeddable":true,"href":"https:\/\/bavarian-bondage.de\/da\/wp-json\/wp\/v2\/product_tag?post=3063"}],"curies":[{"name":"wp","href":"https:\/\/api.w.org\/{rel}","templated":true}]}}