{"id":3066,"date":"2020-10-17T12:58:12","date_gmt":"2020-10-17T10:58:12","guid":{"rendered":"https:\/\/bavarian-bondage.tivendo.com\/produkt\/import-placeholder-for-756\/"},"modified":"2025-11-18T12:55:58","modified_gmt":"2025-11-18T11:55:58","slug":"hoj-klasse-jute-5mm-klassisk-saet-7x8m-og-2x4m","status":"publish","type":"product","link":"https:\/\/bavarian-bondage.de\/da\/produkt\/high-class-jute-5mm-klassik-set-7x8m-und-2x4m\/","title":{"rendered":"H\u00f8j klasse jute 5mm CLASSIC; S\u00e6t 7x8m og 2x4m"},"content":{"rendered":"<h3 style=\"text-align: center\">H\u00f8j klasse jute 5mm CLASSIC<\/h3>\n<p style=\"text-align: center\">Det komplette s\u00e6t til begyndere og professionelle. De syv lange reb er normalt tilstr\u00e6kkelige til alle bindinger. S\u00e6ttet er komplet med de to fire meter lange reb, som kan bruges p\u00e5 mange forskellige m\u00e5der!<\/p>\n<p style=\"text-align: center\">Selv under produktionen af rebene er der fokus p\u00e5 den bedste kvalitet, hvilket er meget gavnligt til senere brug. Tovene er yderligere forarbejdet og forfinet i h\u00e5nden til en blid hvid finish.<\/p>\n<p style=\"text-align: center\">Enderne lukkes med en simpel overh\u00e5ndsknude.<\/p>\n<p>&nbsp;<\/p>\n<p><strong>Detaljer:<\/strong><\/p>\n<p>H\u00f8j klasse jute 5mm CLASSIC<br \/>\n3-akslet drejet<br \/>\nLet karamel tone<br \/>\nOverh\u00e5ndsknude<br \/>\nL\u00e6ngde: 7x8m og 2x4m<br \/>\n(Rebets l\u00e6ngde kan variere med op til 3% fra den angivne l\u00e6ngde.)<\/p>\n<p>&nbsp;<\/p>\n<p><span style=\"color: #ff0000\"><strong>En meddelelse:<\/strong><\/span><\/p>\n<p>Tjek reb regelm\u00e6ssigt for slitage og skader!<br \/>\nHvis reb bliver sl\u00e5et eller snoet, kan de blive l\u00f8s under brug!<br \/>\nVask ikke jute reb. Det er bedst at reng\u00f8re med en fugtig klud.<\/p>\n<p>&nbsp;<\/p>\n<p><strong>Leveringsomfang:<\/strong> 7x8m og 2x4m h\u00f8j klasse jute 5mm CLASSIC<\/p>\n<p>&nbsp;<\/p>\n<hr \/>\n<blockquote>\n<p style=\"text-align: center\"><span style=\"color: #333399\">Oplysningerne om produkterne er givet efter vores bedste viden og overbevisning. Alle dimensioner er omtrentlige. Brugen af de produkter, der tilbydes her i butikken, er p\u00e5 eget ansvar. Hver person reagerer forskelligt p\u00e5 ydre p\u00e5virkninger, p\u00e5 nydelse eller smerte osv. Derfor kan der ikke p\u00e5tages noget ansvar for ukorrekt brug.  Hver bruger b\u00e6rer det fulde ansvar for brug eller korrekt brug af produkterne og dets uforudsigelige konsekvenser<\/span>.<\/p>\n<\/blockquote>","protected":false},"excerpt":{"rendered":"<p>Basispris: 2,41 \u20ac\/m\u00b2<\/p>\n<p>Leveringstid: 5-7 dage*<\/p>","protected":false},"featured_media":8367,"template":"","meta":[],"product_brand":[],"product_cat":[294,295,216],"product_tag":[296,297,221,261],"class_list":{"0":"post-3066","1":"product","2":"type-product","3":"status-publish","4":"has-post-thumbnail","6":"product_cat-juteseile","7":"product_cat-high-class-jute-5mm","8":"product_cat-bondageseile","9":"product_tag-high-class-jute","10":"product_tag-juteseil","11":"product_tag-seilset","12":"product_tag-bondageseil","14":"first","15":"instock","16":"taxable","17":"shipping-taxable","18":"purchasable","19":"product-type-simple"},"_links":{"self":[{"href":"https:\/\/bavarian-bondage.de\/da\/wp-json\/wp\/v2\/product\/3066","targetHints":{"allow":["GET"]}}],"collection":[{"href":"https:\/\/bavarian-bondage.de\/da\/wp-json\/wp\/v2\/product"}],"about":[{"href":"https:\/\/bavarian-bondage.de\/da\/wp-json\/wp\/v2\/types\/product"}],"version-history":[{"count":6,"href":"https:\/\/bavarian-bondage.de\/da\/wp-json\/wp\/v2\/product\/3066\/revisions"}],"predecessor-version":[{"id":16139,"href":"https:\/\/bavarian-bondage.de\/da\/wp-json\/wp\/v2\/product\/3066\/revisions\/16139"}],"wp:featuredmedia":[{"embeddable":true,"href":"https:\/\/bavarian-bondage.de\/da\/wp-json\/wp\/v2\/media\/8367"}],"wp:attachment":[{"href":"https:\/\/bavarian-bondage.de\/da\/wp-json\/wp\/v2\/media?parent=3066"}],"wp:term":[{"taxonomy":"product_brand","embeddable":true,"href":"https:\/\/bavarian-bondage.de\/da\/wp-json\/wp\/v2\/product_brand?post=3066"},{"taxonomy":"product_cat","embeddable":true,"href":"https:\/\/bavarian-bondage.de\/da\/wp-json\/wp\/v2\/product_cat?post=3066"},{"taxonomy":"product_tag","embeddable":true,"href":"https:\/\/bavarian-bondage.de\/da\/wp-json\/wp\/v2\/product_tag?post=3066"}],"curies":[{"name":"wp","href":"https:\/\/api.w.org\/{rel}","templated":true}]}}