{"id":3067,"date":"2020-10-17T12:57:12","date_gmt":"2020-10-17T10:57:12","guid":{"rendered":"https:\/\/bavarian-bondage.tivendo.com\/produkt\/import-placeholder-for-762\/"},"modified":"2026-02-22T15:27:09","modified_gmt":"2026-02-22T14:27:09","slug":"silikone-bind-for-ojnene","status":"publish","type":"product","link":"https:\/\/bavarian-bondage.de\/da\/produkt\/silikon-augenbinde\/","title":{"rendered":"Silikone bind for \u00f8jnene"},"content":{"rendered":"<h3 style=\"text-align: center\">Silikone bind for \u00f8jnene<\/h3>\n<p style=\"text-align: center\">Det meget lette og smidige bind for \u00f8jnene er lavet af silikone. Dekorative nitter og sp\u00e6ndet fuldender det samlede billede. Trinl\u00f8st justerbar gennem adskillige huller.<\/p>\n<p style=\"text-align: center\">Uigennemsigtig og meget behagelig at have p\u00e5.<\/p>\n<p>&nbsp;<\/p>\n<p style=\"text-align: left\"><strong>Detaljer:<\/strong><\/p>\n<p>Materiale: silikone, metal<br \/>\nFarve: Sort<br \/>\nSamlet l\u00e6ngde 63 cm<\/p>\n<p>&nbsp;<\/p>\n<p><strong>Leveringsomfang:<\/strong> 1 silikone bind for \u00f8jnene<\/p>\n<p>&nbsp;<\/p>\n<hr \/>\n<blockquote>\n<p style=\"text-align: center\"><span style=\"color: #333399\">Oplysningerne om produkterne er givet efter vores bedste viden og overbevisning. Alle dimensioner er omtrentlige. Brugen af de produkter, der tilbydes her i butikken, er p\u00e5 eget ansvar. Hver person reagerer forskelligt p\u00e5 ydre p\u00e5virkninger, p\u00e5 nydelse eller smerte osv. Derfor kan der ikke p\u00e5tages noget ansvar for forkert brug.  Hver bruger b\u00e6rer det fulde ansvar for brug eller korrekt brug af produkterne og dets uforudsigelige konsekvenser.<\/span><\/p>\n<\/blockquote>","protected":false},"excerpt":{"rendered":"<p>Leveringstid: 5-7 dage*<\/p>","protected":false},"featured_media":8584,"template":"","meta":[],"product_brand":[],"product_cat":[245],"product_tag":[246,342,343],"class_list":{"0":"post-3067","1":"product","2":"type-product","3":"status-publish","4":"has-post-thumbnail","6":"product_cat-augenbinden","7":"product_tag-augenbinde","8":"product_tag-augenmaske","9":"product_tag-silikon","11":"first","12":"instock","13":"taxable","14":"shipping-taxable","15":"purchasable","16":"product-type-simple"},"_links":{"self":[{"href":"https:\/\/bavarian-bondage.de\/da\/wp-json\/wp\/v2\/product\/3067","targetHints":{"allow":["GET"]}}],"collection":[{"href":"https:\/\/bavarian-bondage.de\/da\/wp-json\/wp\/v2\/product"}],"about":[{"href":"https:\/\/bavarian-bondage.de\/da\/wp-json\/wp\/v2\/types\/product"}],"version-history":[{"count":1,"href":"https:\/\/bavarian-bondage.de\/da\/wp-json\/wp\/v2\/product\/3067\/revisions"}],"predecessor-version":[{"id":5944,"href":"https:\/\/bavarian-bondage.de\/da\/wp-json\/wp\/v2\/product\/3067\/revisions\/5944"}],"wp:featuredmedia":[{"embeddable":true,"href":"https:\/\/bavarian-bondage.de\/da\/wp-json\/wp\/v2\/media\/8584"}],"wp:attachment":[{"href":"https:\/\/bavarian-bondage.de\/da\/wp-json\/wp\/v2\/media?parent=3067"}],"wp:term":[{"taxonomy":"product_brand","embeddable":true,"href":"https:\/\/bavarian-bondage.de\/da\/wp-json\/wp\/v2\/product_brand?post=3067"},{"taxonomy":"product_cat","embeddable":true,"href":"https:\/\/bavarian-bondage.de\/da\/wp-json\/wp\/v2\/product_cat?post=3067"},{"taxonomy":"product_tag","embeddable":true,"href":"https:\/\/bavarian-bondage.de\/da\/wp-json\/wp\/v2\/product_tag?post=3067"}],"curies":[{"name":"wp","href":"https:\/\/api.w.org\/{rel}","templated":true}]}}