{"id":3068,"date":"2020-10-17T12:57:13","date_gmt":"2020-10-17T10:57:13","guid":{"rendered":"https:\/\/bavarian-bondage.tivendo.com\/produkt\/import-placeholder-for-767\/"},"modified":"2026-03-16T15:00:59","modified_gmt":"2026-03-16T14:00:59","slug":"slapper-pagaj","status":"publish","type":"product","link":"https:\/\/bavarian-bondage.de\/da\/produkt\/slapper-paddel\/","title":{"rendered":"Slapper pagaj"},"content":{"rendered":"<h3 style=\"text-align: center\">Slappere<\/h3>\n<p style=\"text-align: center\">Slapperen kan, som navnet antyder, blive ret h\u00f8j, n\u00e5r den bruges korrekt. Pagajen er smukt udformet, har et tr\u00e6h\u00e5ndtag med en l\u00e6derl\u00f8kke med flere dekorative nitter og en b\u00e6rerem.<\/p>\n<p style=\"text-align: center\">En interessant udseende og smukt udformet pagaj.<\/p>\n<p><strong>Detaljer:<\/strong><\/p>\n<p>Materiale: tr\u00e6, l\u00e6der<br \/>\nFarve: Sort<br \/>\nSamlet l\u00e6ngde: 40 cm<br \/>\nH\u00e5ndtagsl\u00e6ngde: 18 cm<br \/>\nBredde: 4 cm<\/p>\n<p><strong>Leveringsomfang:<\/strong> 1 pagaj slapper<\/p>\n<p>&nbsp;<\/p>\n<hr \/>\n<blockquote>\n<p style=\"text-align: center\"><span style=\"color: #333399\">Oplysningerne om produkterne er givet efter vores bedste viden og overbevisning. Alle dimensioner er omtrentlige. Brugen af de produkter, der tilbydes her i butikken, er p\u00e5 eget ansvar. Hver person reagerer forskelligt p\u00e5 ydre p\u00e5virkninger, p\u00e5 nydelse eller smerte osv. Derfor kan der ikke p\u00e5tages noget ansvar for forkert brug.  Hver bruger b\u00e6rer det fulde ansvar for brug eller korrekt brug af produkterne og dets uforudsigelige konsekvenser.<\/span><\/p>\n<\/blockquote>","protected":false},"excerpt":{"rendered":"<p>Leveringstid: 5-7 dage*<\/p>","protected":false},"featured_media":8630,"template":"","meta":[],"product_brand":[],"product_cat":[224,252],"product_tag":[254,255,344],"class_list":{"0":"post-3068","1":"product","2":"type-product","3":"status-publish","4":"has-post-thumbnail","6":"product_cat-lustschmerz","7":"product_cat-peitschen-gerten","8":"product_tag-echtleder","9":"product_tag-paddel","10":"product_tag-slapper","12":"first","13":"instock","14":"taxable","15":"shipping-taxable","16":"purchasable","17":"product-type-simple"},"_links":{"self":[{"href":"https:\/\/bavarian-bondage.de\/da\/wp-json\/wp\/v2\/product\/3068","targetHints":{"allow":["GET"]}}],"collection":[{"href":"https:\/\/bavarian-bondage.de\/da\/wp-json\/wp\/v2\/product"}],"about":[{"href":"https:\/\/bavarian-bondage.de\/da\/wp-json\/wp\/v2\/types\/product"}],"version-history":[{"count":3,"href":"https:\/\/bavarian-bondage.de\/da\/wp-json\/wp\/v2\/product\/3068\/revisions"}],"predecessor-version":[{"id":13973,"href":"https:\/\/bavarian-bondage.de\/da\/wp-json\/wp\/v2\/product\/3068\/revisions\/13973"}],"wp:featuredmedia":[{"embeddable":true,"href":"https:\/\/bavarian-bondage.de\/da\/wp-json\/wp\/v2\/media\/8630"}],"wp:attachment":[{"href":"https:\/\/bavarian-bondage.de\/da\/wp-json\/wp\/v2\/media?parent=3068"}],"wp:term":[{"taxonomy":"product_brand","embeddable":true,"href":"https:\/\/bavarian-bondage.de\/da\/wp-json\/wp\/v2\/product_brand?post=3068"},{"taxonomy":"product_cat","embeddable":true,"href":"https:\/\/bavarian-bondage.de\/da\/wp-json\/wp\/v2\/product_cat?post=3068"},{"taxonomy":"product_tag","embeddable":true,"href":"https:\/\/bavarian-bondage.de\/da\/wp-json\/wp\/v2\/product_tag?post=3068"}],"curies":[{"name":"wp","href":"https:\/\/api.w.org\/{rel}","templated":true}]}}