{"id":3069,"date":"2020-10-17T12:57:13","date_gmt":"2020-10-17T10:57:13","guid":{"rendered":"https:\/\/bavarian-bondage.tivendo.com\/produkt\/import-placeholder-for-772\/"},"modified":"2025-03-28T18:56:17","modified_gmt":"2025-03-28T17:56:17","slug":"specielle-klemmer","status":"publish","type":"product","link":"https:\/\/bavarian-bondage.de\/da\/produkt\/spezial-klammern\/","title":{"rendered":"S\u00e6rlige beslag"},"content":{"rendered":"<h3 style=\"text-align: center\">Specielle klemmer<\/h3>\n<p style=\"text-align: center\">Visuelt og praktisk meget vellykket. Den meget robuste klemme kan gribe fra meget blidt til virkelig h\u00e5rdt. De knoppede gummipuder giver st\u00f8tte og de fint justerbare justeringsskruer sikrer effekten. Den meget solide k\u00e6de forbinder de to beslag solidt sammen.<\/p>\n<p><strong>Detaljer:<\/strong><\/p>\n<p>Materiale: metal, gummi<br \/>\nSamlet l\u00e6ngde: 49 cm<br \/>\nL\u00e6ngde p\u00e5 beslag: 9 cm<br \/>\nBredde beslag: 3 cm<\/p>\n<p><strong>Leveringsomfang:<\/strong> Speciel klemme<\/p>\n<p>&nbsp;<\/p>\n<hr \/>\n<blockquote>\n<p style=\"text-align: center\"><span style=\"color: #333399\">Oplysningerne om produkterne er givet efter vores bedste viden og overbevisning. Alle dimensioner er omtrentlige. Brugen af de produkter, der tilbydes her i butikken, er p\u00e5 eget ansvar. Hver person reagerer forskelligt p\u00e5 ydre p\u00e5virkninger, p\u00e5 nydelse eller smerte osv. Derfor kan der ikke p\u00e5tages noget ansvar for forkert brug.  Hver bruger b\u00e6rer det fulde ansvar for brug eller korrekt brug af produkterne og dets uforudsigelige konsekvenser.<\/span><\/p>\n<\/blockquote>","protected":false},"excerpt":{"rendered":"<p>Leveringstid: 5-7 dage*<\/p>","protected":false},"featured_media":8562,"template":"","meta":[],"product_brand":[],"product_cat":[248],"product_tag":[310,345],"class_list":{"0":"post-3069","1":"product","2":"type-product","3":"status-publish","4":"has-post-thumbnail","6":"product_cat-klammern","7":"product_tag-klammer","8":"product_tag-nippelklemmen","10":"first","11":"instock","12":"taxable","13":"shipping-taxable","14":"purchasable","15":"product-type-simple"},"_links":{"self":[{"href":"https:\/\/bavarian-bondage.de\/da\/wp-json\/wp\/v2\/product\/3069","targetHints":{"allow":["GET"]}}],"collection":[{"href":"https:\/\/bavarian-bondage.de\/da\/wp-json\/wp\/v2\/product"}],"about":[{"href":"https:\/\/bavarian-bondage.de\/da\/wp-json\/wp\/v2\/types\/product"}],"version-history":[{"count":1,"href":"https:\/\/bavarian-bondage.de\/da\/wp-json\/wp\/v2\/product\/3069\/revisions"}],"predecessor-version":[{"id":5422,"href":"https:\/\/bavarian-bondage.de\/da\/wp-json\/wp\/v2\/product\/3069\/revisions\/5422"}],"wp:featuredmedia":[{"embeddable":true,"href":"https:\/\/bavarian-bondage.de\/da\/wp-json\/wp\/v2\/media\/8562"}],"wp:attachment":[{"href":"https:\/\/bavarian-bondage.de\/da\/wp-json\/wp\/v2\/media?parent=3069"}],"wp:term":[{"taxonomy":"product_brand","embeddable":true,"href":"https:\/\/bavarian-bondage.de\/da\/wp-json\/wp\/v2\/product_brand?post=3069"},{"taxonomy":"product_cat","embeddable":true,"href":"https:\/\/bavarian-bondage.de\/da\/wp-json\/wp\/v2\/product_cat?post=3069"},{"taxonomy":"product_tag","embeddable":true,"href":"https:\/\/bavarian-bondage.de\/da\/wp-json\/wp\/v2\/product_tag?post=3069"}],"curies":[{"name":"wp","href":"https:\/\/api.w.org\/{rel}","templated":true}]}}