{"id":3070,"date":"2020-10-17T11:57:13","date_gmt":"2020-10-17T09:57:13","guid":{"rendered":"https:\/\/bavarian-bondage.tivendo.com\/produkt\/import-placeholder-for-777\/"},"modified":"2026-03-28T10:42:31","modified_gmt":"2026-03-28T09:42:31","slug":"sikkerhedskarabin-i-stal","status":"publish","type":"product","link":"https:\/\/bavarian-bondage.de\/da\/produkt\/stahl-sicherheitskarabiner\/","title":{"rendered":"Sikkerhedskarabin i st\u00e5l"},"content":{"rendered":"<h3 style=\"text-align: center\">St\u00e5l karabinhage<\/h3>\n<p style=\"text-align: center\">Denne sikkerhedskarabin i galvaniseret st\u00e5l er et omkostningseffektivt alternativ til dyre karabinhager i rustfrit st\u00e5l eller aluminium. Uanset om den bruges som ringbeslag, forl\u00e6ngelse af en ring eller rebbeslag, g\u00f8r karabinhagens afrundede top og bund den velegnet til en bred vifte af anvendelser.<\/p>\n<p style=\"text-align: center\">Denne karabinhage tilbyder ogs\u00e5 sikkerhedsfunktioner. Ved at dreje aluminiumshjulet opad forhindres det, at karabinhagen \u00e5bnes ved et uheld.<\/p>\n<p><strong>Detaljer:<\/strong><\/p>\n<p>Materiale: galvaniseret st\u00e5l, aluminium<br \/>\nSt\u00f8rrelse: L 10,5 cm \/ B 5 cm<br \/>\n\u00c5bning: 1,8 cm<br \/>\nB\u00e6reevne: lukket 25KN<br \/>\nV\u00e6gt: 160g<br \/>\nFarve: S\u00f8lv<br \/>\nEN362:2004<\/p>\n<p>&nbsp;<\/p>\n<p>&nbsp;<\/p>\n<p><strong>Leveringsomfang:<\/strong> Sikkerhedskarabin i st\u00e5l<\/p>\n<p>&nbsp;<\/p>\n<hr \/>\n<blockquote>\n<p style=\"text-align: center\"><span style=\"color: #333399\">Oplysningerne om produkterne er givet efter vores bedste overbevisning. Alle m\u00e5l er omtrentlige. Brugen af de produkter, der tilbydes her i butikken, sker p\u00e5 eget ansvar. Alle reagerer forskelligt p\u00e5 ydre p\u00e5virkninger, nydelse eller smerte osv. Derfor kan der ikke p\u00e5tages noget ansvar for forkert brug. Hver bruger b\u00e6rer det fulde ansvar for brugen og korrekt brug af produkterne og deres uforudsigelige konsekvenser.<\/span><\/p>\n<\/blockquote>","protected":false},"excerpt":{"rendered":"<p>Leveringstid: 5-7 dage*<\/p>","protected":false},"featured_media":8176,"template":"","meta":[],"product_brand":[],"product_cat":[223,222],"product_tag":[],"class_list":{"0":"post-3070","1":"product","2":"type-product","3":"status-publish","4":"has-post-thumbnail","6":"product_cat-zubehoer","7":"product_cat-alle-produkte","9":"first","10":"instock","11":"taxable","12":"shipping-taxable","13":"purchasable","14":"product-type-simple"},"_links":{"self":[{"href":"https:\/\/bavarian-bondage.de\/da\/wp-json\/wp\/v2\/product\/3070","targetHints":{"allow":["GET"]}}],"collection":[{"href":"https:\/\/bavarian-bondage.de\/da\/wp-json\/wp\/v2\/product"}],"about":[{"href":"https:\/\/bavarian-bondage.de\/da\/wp-json\/wp\/v2\/types\/product"}],"version-history":[{"count":5,"href":"https:\/\/bavarian-bondage.de\/da\/wp-json\/wp\/v2\/product\/3070\/revisions"}],"predecessor-version":[{"id":14149,"href":"https:\/\/bavarian-bondage.de\/da\/wp-json\/wp\/v2\/product\/3070\/revisions\/14149"}],"wp:featuredmedia":[{"embeddable":true,"href":"https:\/\/bavarian-bondage.de\/da\/wp-json\/wp\/v2\/media\/8176"}],"wp:attachment":[{"href":"https:\/\/bavarian-bondage.de\/da\/wp-json\/wp\/v2\/media?parent=3070"}],"wp:term":[{"taxonomy":"product_brand","embeddable":true,"href":"https:\/\/bavarian-bondage.de\/da\/wp-json\/wp\/v2\/product_brand?post=3070"},{"taxonomy":"product_cat","embeddable":true,"href":"https:\/\/bavarian-bondage.de\/da\/wp-json\/wp\/v2\/product_cat?post=3070"},{"taxonomy":"product_tag","embeddable":true,"href":"https:\/\/bavarian-bondage.de\/da\/wp-json\/wp\/v2\/product_tag?post=3070"}],"curies":[{"name":"wp","href":"https:\/\/api.w.org\/{rel}","templated":true}]}}