{"id":3072,"date":"2020-10-17T12:57:13","date_gmt":"2020-10-17T10:57:13","guid":{"rendered":"https:\/\/bavarian-bondage.tivendo.com\/produkt\/import-placeholder-for-1072\/"},"modified":"2026-04-05T06:55:43","modified_gmt":"2026-04-05T04:55:43","slug":"jute-reb-standard-6mm-klassisk-enkelt-reb-8m","status":"publish","type":"product","link":"https:\/\/bavarian-bondage.de\/da\/produkt\/juteseil-standard-6mm-klassik-einzelseil-8m\/","title":{"rendered":"Jute reb standard 6mm klassisk; Enkelt reb 8m"},"content":{"rendered":"<h3 style=\"text-align: center\">Jute rebet 6mm CLASSIC<\/h3>\n<p style=\"text-align: center\">Udskift et reb, udvid s\u00e6ttet eller tjek blot kvaliteten.<\/p>\n<p style=\"text-align: center\">P\u00e5 grund af den stramme rotation er rebet i starten lidt stift og ru. Jutetovet har n\u00e6sten ingen egen lugt, det lugter minimalt af den anvendte behandlingsolie. Enderne af rebet bindes med en normal overh\u00e5ndsknude. Den karamelfarvede farve skabt af flammebr\u00e6nding giver et smukt udseende. Rebet er lavet af \u00e9t garn og er derfor j\u00e6vnt og knastfrit over sin fulde l\u00e6ngde.<\/p>\n<p><strong>Detaljer:<\/strong><\/p>\n<p>Jute reb 6mm CLASSIC<br \/>\n3-akslet stramt snoet<br \/>\nKaramel farver<br \/>\nNormale overh\u00e5ndsknuder<br \/>\nL\u00e6ngde: 1x8m<br \/>\n(rebets l\u00e6ngde kan variere med op til 3% fra den angivne l\u00e6ngde.)<\/p>\n<p>&nbsp;<\/p>\n<p><strong><span style=\"color: #ff0000\">En meddelelse:<\/span><\/strong><\/p>\n<p>Tjek reb regelm\u00e6ssigt for slitage og skader!<br \/>\nHvis reb bliver sl\u00e5et eller snoet, kan de blive l\u00f8s under brug!<br \/>\nVask ikke jute reb. Det er bedst at reng\u00f8re med en fugtig klud.<\/p>\n<p><span style=\"color: #000000\"><strong>Leveringsomfang:<\/strong><\/span> 1x8m jute reb 6mm CLASSIC<\/p>\n<p>&nbsp;<\/p>\n<hr \/>\n<blockquote>\n<p style=\"text-align: center\"><span style=\"color: #333399\">Oplysningerne om produkterne er givet efter vores bedste viden og overbevisning. Alle dimensioner er omtrentlige. Brugen af de produkter, der tilbydes her i butikken, er p\u00e5 eget ansvar. Hver person reagerer forskelligt p\u00e5 ydre p\u00e5virkninger, p\u00e5 nydelse eller smerte osv. Derfor kan der ikke p\u00e5tages noget ansvar for forkert brug.  Hver bruger b\u00e6rer det fulde ansvar for brug eller korrekt brug af produkterne og dets uforudsigelige konsekvenser.<\/span><\/p>\n<\/blockquote>","protected":false},"excerpt":{"rendered":"<p>Grundpris: 2,25 \u20ac\/m<\/p>\n<p>Leveringstid: 5-7 dage*<\/p>","protected":false},"featured_media":8476,"template":"","meta":[],"product_brand":[],"product_cat":[294,346,216,222],"product_tag":[261,297,221],"class_list":{"0":"post-3072","1":"product","2":"type-product","3":"status-publish","4":"has-post-thumbnail","6":"product_cat-juteseile","7":"product_cat-juteseil-6mm","8":"product_cat-bondageseile","9":"product_cat-alle-produkte","10":"product_tag-bondageseil","11":"product_tag-juteseil","12":"product_tag-seilset","14":"first","15":"instock","16":"taxable","17":"shipping-taxable","18":"purchasable","19":"product-type-simple"},"_links":{"self":[{"href":"https:\/\/bavarian-bondage.de\/da\/wp-json\/wp\/v2\/product\/3072","targetHints":{"allow":["GET"]}}],"collection":[{"href":"https:\/\/bavarian-bondage.de\/da\/wp-json\/wp\/v2\/product"}],"about":[{"href":"https:\/\/bavarian-bondage.de\/da\/wp-json\/wp\/v2\/types\/product"}],"version-history":[{"count":5,"href":"https:\/\/bavarian-bondage.de\/da\/wp-json\/wp\/v2\/product\/3072\/revisions"}],"predecessor-version":[{"id":16150,"href":"https:\/\/bavarian-bondage.de\/da\/wp-json\/wp\/v2\/product\/3072\/revisions\/16150"}],"wp:featuredmedia":[{"embeddable":true,"href":"https:\/\/bavarian-bondage.de\/da\/wp-json\/wp\/v2\/media\/8476"}],"wp:attachment":[{"href":"https:\/\/bavarian-bondage.de\/da\/wp-json\/wp\/v2\/media?parent=3072"}],"wp:term":[{"taxonomy":"product_brand","embeddable":true,"href":"https:\/\/bavarian-bondage.de\/da\/wp-json\/wp\/v2\/product_brand?post=3072"},{"taxonomy":"product_cat","embeddable":true,"href":"https:\/\/bavarian-bondage.de\/da\/wp-json\/wp\/v2\/product_cat?post=3072"},{"taxonomy":"product_tag","embeddable":true,"href":"https:\/\/bavarian-bondage.de\/da\/wp-json\/wp\/v2\/product_tag?post=3072"}],"curies":[{"name":"wp","href":"https:\/\/api.w.org\/{rel}","templated":true}]}}