{"id":3075,"date":"2020-10-17T13:01:13","date_gmt":"2020-10-17T11:01:13","guid":{"rendered":"https:\/\/bavarian-bondage.tivendo.com\/produkt\/import-placeholder-for-1078\/"},"modified":"2025-11-17T11:24:50","modified_gmt":"2025-11-17T10:24:50","slug":"jute-reb-standard-6mm-eksklusivt-saet-10x8-og-2x4m","status":"publish","type":"product","link":"https:\/\/bavarian-bondage.de\/da\/produkt\/juteseil-standard-6mm-exklusiv-set-10x8-und-2x4m\/","title":{"rendered":"Jute reb standard 6mm Eksklusiv; S\u00e6t 10\u00d78 og 2x4m"},"content":{"rendered":"<h3 style=\"text-align: center\">Jute rebet 6mm EKSKLUSIVT<\/h3>\n<p style=\"text-align: center\">Det store professionelle s\u00e6t byder p\u00e5 masser af reb til kr\u00e6vende tr\u00e6ldom. De to korte reb komplementerer s\u00e6ttet perfekt og tilbyder en bred vifte af anvendelser!<\/p>\n<p style=\"text-align: center\">De stramme reb er i starten lidt stive og ru, men det vil snart \u00e6ndre sig med brugen! Tovene er forsynet med sm\u00e5 endeknuder. Forfiningen giver jute rebet et smukt karamelfarvet look. Rebet er lavet af \u00e9t garn og er derfor j\u00e6vnt og knastfrit over sin fulde l\u00e6ngde.<\/p>\n<p>&nbsp;<\/p>\n<p><strong>Detaljer:<\/strong><\/p>\n<p>Jute reb 6mm EKSKLUSIVT<br \/>\n3-akslet stramt snoet<br \/>\nKaramel farver<br \/>\nSm\u00e5 endeknuder<br \/>\nL\u00e6ngde: 10x8m \/ 2x4m<br \/>\n(Rebets l\u00e6ngde kan variere med op til 3% fra den angivne l\u00e6ngde.)<\/p>\n<p>&nbsp;<\/p>\n<p><span style=\"color: #ff0000\"><strong>En meddelelse:<\/strong><\/span><\/p>\n<p>Tjek reb regelm\u00e6ssigt for slitage og skader!<br \/>\nHvis reb bliver sl\u00e5et eller snoet, kan de blive l\u00f8s under brug!<br \/>\nVask ikke jute reb. Det er bedst at reng\u00f8re med en fugtig klud.<\/p>\n<p>&nbsp;<\/p>\n<p><strong>Leveringsomfang:<\/strong> 10x8m og 2x4m jute reb 6mm EKSKLUSIVT<\/p>\n<p>&nbsp;<\/p>\n<hr \/>\n<blockquote>\n<p style=\"text-align: center\"><span style=\"color: #333399\">Oplysningerne om produkterne er givet efter vores bedste viden og overbevisning. Alle dimensioner er omtrentlige. Brugen af de produkter, der tilbydes her i butikken, er p\u00e5 eget ansvar. Hver person reagerer forskelligt p\u00e5 ydre p\u00e5virkninger, p\u00e5 nydelse eller smerte osv. Derfor kan der ikke p\u00e5tages noget ansvar for forkert brug.  Hver bruger b\u00e6rer det fulde ansvar for brug eller korrekt brug af produkterne og dets uforudsigelige konsekvenser.<\/span><\/p>\n<\/blockquote>","protected":false},"excerpt":{"rendered":"<p>Grundpris: 2,09 \u20ac\/m<\/p>\n<p>Leveringstid: 5-7 dage*<\/p>","protected":false},"featured_media":8477,"template":"","meta":[],"product_brand":[],"product_cat":[294,346,216,222],"product_tag":[284,297,221,261],"class_list":{"0":"post-3075","1":"product","2":"type-product","3":"status-publish","4":"has-post-thumbnail","6":"product_cat-juteseile","7":"product_cat-juteseil-6mm","8":"product_cat-bondageseile","9":"product_cat-alle-produkte","10":"product_tag-6mm","11":"product_tag-juteseil","12":"product_tag-seilset","13":"product_tag-bondageseil","15":"first","16":"instock","17":"taxable","18":"shipping-taxable","19":"purchasable","20":"product-type-simple"},"_links":{"self":[{"href":"https:\/\/bavarian-bondage.de\/da\/wp-json\/wp\/v2\/product\/3075","targetHints":{"allow":["GET"]}}],"collection":[{"href":"https:\/\/bavarian-bondage.de\/da\/wp-json\/wp\/v2\/product"}],"about":[{"href":"https:\/\/bavarian-bondage.de\/da\/wp-json\/wp\/v2\/types\/product"}],"version-history":[{"count":5,"href":"https:\/\/bavarian-bondage.de\/da\/wp-json\/wp\/v2\/product\/3075\/revisions"}],"predecessor-version":[{"id":15987,"href":"https:\/\/bavarian-bondage.de\/da\/wp-json\/wp\/v2\/product\/3075\/revisions\/15987"}],"wp:featuredmedia":[{"embeddable":true,"href":"https:\/\/bavarian-bondage.de\/da\/wp-json\/wp\/v2\/media\/8477"}],"wp:attachment":[{"href":"https:\/\/bavarian-bondage.de\/da\/wp-json\/wp\/v2\/media?parent=3075"}],"wp:term":[{"taxonomy":"product_brand","embeddable":true,"href":"https:\/\/bavarian-bondage.de\/da\/wp-json\/wp\/v2\/product_brand?post=3075"},{"taxonomy":"product_cat","embeddable":true,"href":"https:\/\/bavarian-bondage.de\/da\/wp-json\/wp\/v2\/product_cat?post=3075"},{"taxonomy":"product_tag","embeddable":true,"href":"https:\/\/bavarian-bondage.de\/da\/wp-json\/wp\/v2\/product_tag?post=3075"}],"curies":[{"name":"wp","href":"https:\/\/api.w.org\/{rel}","templated":true}]}}