{"id":3077,"date":"2020-10-17T12:59:14","date_gmt":"2020-10-17T10:59:14","guid":{"rendered":"https:\/\/bavarian-bondage.tivendo.com\/produkt\/import-placeholder-for-1082\/"},"modified":"2025-12-28T22:41:30","modified_gmt":"2025-12-28T21:41:30","slug":"jute-reb-standard-6mm-eksklusivt-saet-3x8m","status":"publish","type":"product","link":"https:\/\/bavarian-bondage.de\/da\/produkt\/juteseil-standard-6mm-exklusiv-set-3x8m\/","title":{"rendered":"Jute reb standard 6mm Eksklusiv; S\u00e6t 3x8m"},"content":{"rendered":"<h3 style=\"text-align: center\">Jute rebet 6mm EKSKLUSIVT<\/h3>\n<p style=\"text-align: center\">Ideel til at starte som rigger eller til at udvide et eksisterende s\u00e6t.<\/p>\n<p style=\"text-align: center\">Jutetovet er stramt snoet og i starten lidt stift og groft, men det bliver bedre med brugen! Endvidere var rebet forsynet med sm\u00e5 endeknuder. Raffinering giver jute rebet et smukt karamelfarvet look. Rebet er lavet af \u00e9t garn og er derfor j\u00e6vnt og normalt knastfrit over hele l\u00e6ngden.<\/p>\n<p><strong>\u00a0Detaljer:<\/strong><\/p>\n<p>Jute reb 6mm EKSKLUSIVT<br \/>\n3-akslet stramt snoet<br \/>\nKaramel farver<br \/>\nSm\u00e5 endeknuder<br \/>\nL\u00e6ngde: 3x8m<br \/>\n(Rebets l\u00e6ngde kan variere med op til 3% fra den angivne l\u00e6ngde.)<\/p>\n<p>&nbsp;<\/p>\n<p><span style=\"color: #ff0000\"><strong>En meddelelse:<\/strong><\/span><\/p>\n<p>Tjek reb regelm\u00e6ssigt for slitage og skader!<br \/>\nHvis reb bliver sl\u00e5et eller snoet, kan de blive l\u00f8s under brug!<br \/>\nVask ikke jute reb. Det er bedst at reng\u00f8re med en fugtig klud.<\/p>\n<p>&nbsp;<\/p>\n<p><strong>Leveringsomfang:<\/strong> 3x8m jute reb 6mm EKSKLUSIVT<\/p>\n<p>&nbsp;<\/p>\n<hr \/>\n<blockquote>\n<p style=\"text-align: center\"><span style=\"color: #333399\">Oplysningerne om produkterne er givet efter vores bedste viden og overbevisning. Alle dimensioner er omtrentlige. Brugen af de produkter, der tilbydes her i butikken, er p\u00e5 eget ansvar. Hver person reagerer forskelligt p\u00e5 ydre p\u00e5virkninger, p\u00e5 nydelse eller smerte osv. Derfor kan der ikke p\u00e5tages noget ansvar for forkert brug.  Hver bruger b\u00e6rer det fulde ansvar for brug eller korrekt brug af produkterne og dets uforudsigelige konsekvenser.<\/span><\/p>\n<\/blockquote>","protected":false},"excerpt":{"rendered":"<p>Grundpris: 2,31 \u20ac\/m<\/p>\n<p>Leveringstid: 5-7 dage*<\/p>","protected":false},"featured_media":8469,"template":"","meta":[],"product_brand":[],"product_cat":[216,222,294,346],"product_tag":[221,284,297,329],"class_list":{"0":"post-3077","1":"product","2":"type-product","3":"status-publish","4":"has-post-thumbnail","6":"product_cat-bondageseile","7":"product_cat-alle-produkte","8":"product_cat-juteseile","9":"product_cat-juteseil-6mm","10":"product_tag-seilset","11":"product_tag-6mm","12":"product_tag-juteseil","13":"product_tag-bondageseile","15":"first","16":"instock","17":"taxable","18":"shipping-taxable","19":"purchasable","20":"product-type-simple"},"_links":{"self":[{"href":"https:\/\/bavarian-bondage.de\/da\/wp-json\/wp\/v2\/product\/3077","targetHints":{"allow":["GET"]}}],"collection":[{"href":"https:\/\/bavarian-bondage.de\/da\/wp-json\/wp\/v2\/product"}],"about":[{"href":"https:\/\/bavarian-bondage.de\/da\/wp-json\/wp\/v2\/types\/product"}],"version-history":[{"count":5,"href":"https:\/\/bavarian-bondage.de\/da\/wp-json\/wp\/v2\/product\/3077\/revisions"}],"predecessor-version":[{"id":15985,"href":"https:\/\/bavarian-bondage.de\/da\/wp-json\/wp\/v2\/product\/3077\/revisions\/15985"}],"wp:featuredmedia":[{"embeddable":true,"href":"https:\/\/bavarian-bondage.de\/da\/wp-json\/wp\/v2\/media\/8469"}],"wp:attachment":[{"href":"https:\/\/bavarian-bondage.de\/da\/wp-json\/wp\/v2\/media?parent=3077"}],"wp:term":[{"taxonomy":"product_brand","embeddable":true,"href":"https:\/\/bavarian-bondage.de\/da\/wp-json\/wp\/v2\/product_brand?post=3077"},{"taxonomy":"product_cat","embeddable":true,"href":"https:\/\/bavarian-bondage.de\/da\/wp-json\/wp\/v2\/product_cat?post=3077"},{"taxonomy":"product_tag","embeddable":true,"href":"https:\/\/bavarian-bondage.de\/da\/wp-json\/wp\/v2\/product_tag?post=3077"}],"curies":[{"name":"wp","href":"https:\/\/api.w.org\/{rel}","templated":true}]}}