{"id":3079,"date":"2020-10-17T13:00:14","date_gmt":"2020-10-17T11:00:14","guid":{"rendered":"https:\/\/bavarian-bondage.tivendo.com\/produkt\/import-placeholder-for-1086\/"},"modified":"2025-12-01T22:40:07","modified_gmt":"2025-12-01T21:40:07","slug":"jute-reb-standard-6mm-eksklusivt-saet-7x8-og-2x4m","status":"publish","type":"product","link":"https:\/\/bavarian-bondage.de\/da\/produkt\/juteseil-standard-6mm-exklusiv-set-7x8-und-2x4m\/","title":{"rendered":"Jute reb standard 6mm Eksklusiv; S\u00e6t 7\u00d78 og 2x4m"},"content":{"rendered":"<h3 style=\"text-align: center\">Jute rebet 6mm EKSKLUSIVT<\/h3>\n<p style=\"text-align: center\">Det komplette s\u00e6t til begyndere og professionelle. De syv lange reb er normalt tilstr\u00e6kkelige til alle bindinger. S\u00e6ttet er komplet med de to fire meter lange reb, som kan bruges p\u00e5 mange forskellige m\u00e5der!<\/p>\n<p style=\"text-align: center\">P\u00e5 grund af deres stramme vrid er rebene lidt stive og ru i starten, men det aftager hurtigt ved brug. Tovene er forsynet med sm\u00e5 endeknuder. Gennem efterbehandlingsprocessen f\u00e5r jute-rebet et smukt karamelfarvet look. Rebet er lavet af \u00e9t garn og er derfor j\u00e6vnt og knastfrit i hele sin l\u00e6ngde.<\/p>\n<p><strong>Detaljer:<\/strong><\/p>\n<p>Jute reb 6mm EKSKLUSIVT<br \/>\n3-akslet stramt snoet<br \/>\nKaramel farver<br \/>\nSm\u00e5 endeknuder<br \/>\nL\u00e6ngde: 7x8m \/ 2x4m<br \/>\n(Rebets l\u00e6ngde kan variere med op til 3% fra den angivne l\u00e6ngde.)<\/p>\n<p>&nbsp;<\/p>\n<p><span style=\"color: #ff0000\"><strong>En meddelelse:<\/strong><\/span><\/p>\n<p>Tjek reb regelm\u00e6ssigt for slitage og skader! Hvis rebene er b\u00f8jede eller snoede, kan de blive l\u00f8s under brug! Vask ikke jute reb. Reng\u00f8res bedst med en fugtig klud<\/p>\n<p>&nbsp;<\/p>\n<p>Leveringsomfang: 7x8m og 2x4m jute reb 6mm EKSKLUSIVT<\/p>\n<p>&nbsp;<\/p>\n<hr \/>\n<blockquote>\n<p style=\"text-align: center\"><span style=\"color: #333399\">Oplysningerne om produkterne er givet efter vores bedste viden og overbevisning. Alle dimensioner er omtrentlige. Brugen af de produkter, der tilbydes her i butikken, er p\u00e5 eget ansvar. Hver person reagerer forskelligt p\u00e5 ydre p\u00e5virkninger, p\u00e5 nydelse eller smerte osv. Derfor kan der ikke p\u00e5tages noget ansvar for forkert brug.  Hver bruger b\u00e6rer det fulde ansvar for brug eller korrekt brug af produkterne og dets uforudsigelige konsekvenser.<\/span><\/p>\n<\/blockquote>","protected":false},"excerpt":{"rendered":"<p>Basispris: 2,16 \u20ac\/m\u00b2<\/p>\n<p>Leveringstid: 5-7 dage*<\/p>","protected":false},"featured_media":8473,"template":"","meta":[],"product_brand":[],"product_cat":[216,222,294,346],"product_tag":[],"class_list":{"0":"post-3079","1":"product","2":"type-product","3":"status-publish","4":"has-post-thumbnail","6":"product_cat-bondageseile","7":"product_cat-alle-produkte","8":"product_cat-juteseile","9":"product_cat-juteseil-6mm","11":"first","12":"instock","13":"taxable","14":"shipping-taxable","15":"purchasable","16":"product-type-simple"},"_links":{"self":[{"href":"https:\/\/bavarian-bondage.de\/da\/wp-json\/wp\/v2\/product\/3079","targetHints":{"allow":["GET"]}}],"collection":[{"href":"https:\/\/bavarian-bondage.de\/da\/wp-json\/wp\/v2\/product"}],"about":[{"href":"https:\/\/bavarian-bondage.de\/da\/wp-json\/wp\/v2\/types\/product"}],"version-history":[{"count":5,"href":"https:\/\/bavarian-bondage.de\/da\/wp-json\/wp\/v2\/product\/3079\/revisions"}],"predecessor-version":[{"id":15986,"href":"https:\/\/bavarian-bondage.de\/da\/wp-json\/wp\/v2\/product\/3079\/revisions\/15986"}],"wp:featuredmedia":[{"embeddable":true,"href":"https:\/\/bavarian-bondage.de\/da\/wp-json\/wp\/v2\/media\/8473"}],"wp:attachment":[{"href":"https:\/\/bavarian-bondage.de\/da\/wp-json\/wp\/v2\/media?parent=3079"}],"wp:term":[{"taxonomy":"product_brand","embeddable":true,"href":"https:\/\/bavarian-bondage.de\/da\/wp-json\/wp\/v2\/product_brand?post=3079"},{"taxonomy":"product_cat","embeddable":true,"href":"https:\/\/bavarian-bondage.de\/da\/wp-json\/wp\/v2\/product_cat?post=3079"},{"taxonomy":"product_tag","embeddable":true,"href":"https:\/\/bavarian-bondage.de\/da\/wp-json\/wp\/v2\/product_tag?post=3079"}],"curies":[{"name":"wp","href":"https:\/\/api.w.org\/{rel}","templated":true}]}}