{"id":3083,"date":"2020-10-17T12:51:14","date_gmt":"2020-10-17T10:51:14","guid":{"rendered":"https:\/\/bavarian-bondage.tivendo.com\/produkt\/import-placeholder-for-1514\/"},"modified":"2026-01-11T22:25:13","modified_gmt":"2026-01-11T21:25:13","slug":"hoj-klasse-jute-4mm-eksklusivt-enkeltreb-4m","status":"publish","type":"product","link":"https:\/\/bavarian-bondage.de\/da\/produkt\/high-class-jute-4mm-exklusiv-einzelseil-4m\/","title":{"rendered":"H\u00f8j klasse jute 4mm EKSKLUSIVT; Enkelt reb 4m"},"content":{"rendered":"<h3 style=\"text-align: center\">H\u00f8j klasse jute 4mm EKSKLUSIVT<\/h3>\n<p style=\"text-align: center\">Udskift et reb, udvid s\u00e6ttet eller tjek blot kvaliteten.<\/p>\n<p style=\"text-align: center\">Selv under produktionen af rebene er der fokus p\u00e5 den bedste kvalitet, hvilket er meget gavnligt til senere brug. Tovene er yderligere forarbejdet og forfinet i h\u00e5nden til en blid hvid finish.<\/p>\n<p style=\"text-align: center\">Enderne bindes med sm\u00e5 trisque-knuder, hvilket g\u00f8r bindningen meget nemmere.<\/p>\n<p><strong>Detaljer:<\/strong><\/p>\n<p>H\u00f8j klasse jute 4mm EKSKLUSIVT<br \/>\n3-akslet drejet<br \/>\nLet karamel tone<br \/>\nSm\u00e5 endeknuder<br \/>\nL\u00e6ngde: 1x4m<br \/>\n(Rebets l\u00e6ngde kan variere med op til 3% fra den angivne l\u00e6ngde.)<\/p>\n<p>&nbsp;<\/p>\n<p><span style=\"color: #ff0000\"><strong>En meddelelse:<\/strong><\/span><\/p>\n<p>Tjek reb regelm\u00e6ssigt for slitage og skader!<br \/>\nHvis reb bliver sl\u00e5et eller snoet, kan de blive l\u00f8s under brug!<br \/>\nVask ikke jute reb. Det er bedst at reng\u00f8re med en fugtig klud.<\/p>\n<p><strong>Leveringsomfang:<\/strong> 1x4m H\u00f8j klasse Jute 4mm EKSKLUSIVT<\/p>\n<p>&nbsp;<\/p>\n<hr \/>\n<blockquote>\n<p style=\"text-align: center\"><span style=\"color: #333399\">Oplysningerne om produkterne er givet efter vores bedste viden og overbevisning. Alle dimensioner er omtrentlige. Brugen af de produkter, der tilbydes her i butikken, er p\u00e5 eget ansvar. Hver person reagerer forskelligt p\u00e5 ydre p\u00e5virkninger, p\u00e5 nydelse eller smerte osv. Derfor kan der ikke p\u00e5tages noget ansvar for forkert brug.  Hver bruger b\u00e6rer det fulde ansvar for brug eller korrekt brug af produkterne og dets uforudsigelige konsekvenser.<\/span><\/p>\n<\/blockquote>","protected":false},"excerpt":{"rendered":"<p>Grundpris: 2,80 \u20ac\/m<\/p>\n<p>Leveringstid: 5-7 dage*<\/p>","protected":false},"featured_media":8376,"template":"","meta":[],"product_brand":[],"product_cat":[349,216,222,294],"product_tag":[352,221,259,261,297],"class_list":{"0":"post-3083","1":"product","2":"type-product","3":"status-publish","4":"has-post-thumbnail","6":"product_cat-high-class-jute-4mm","7":"product_cat-bondageseile","8":"product_cat-alle-produkte","9":"product_cat-juteseile","10":"product_tag-352","11":"product_tag-seilset","12":"product_tag-4mm","13":"product_tag-bondageseil","14":"product_tag-juteseil","16":"first","17":"instock","18":"taxable","19":"shipping-taxable","20":"purchasable","21":"product-type-simple"},"_links":{"self":[{"href":"https:\/\/bavarian-bondage.de\/da\/wp-json\/wp\/v2\/product\/3083","targetHints":{"allow":["GET"]}}],"collection":[{"href":"https:\/\/bavarian-bondage.de\/da\/wp-json\/wp\/v2\/product"}],"about":[{"href":"https:\/\/bavarian-bondage.de\/da\/wp-json\/wp\/v2\/types\/product"}],"version-history":[{"count":3,"href":"https:\/\/bavarian-bondage.de\/da\/wp-json\/wp\/v2\/product\/3083\/revisions"}],"predecessor-version":[{"id":13812,"href":"https:\/\/bavarian-bondage.de\/da\/wp-json\/wp\/v2\/product\/3083\/revisions\/13812"}],"wp:featuredmedia":[{"embeddable":true,"href":"https:\/\/bavarian-bondage.de\/da\/wp-json\/wp\/v2\/media\/8376"}],"wp:attachment":[{"href":"https:\/\/bavarian-bondage.de\/da\/wp-json\/wp\/v2\/media?parent=3083"}],"wp:term":[{"taxonomy":"product_brand","embeddable":true,"href":"https:\/\/bavarian-bondage.de\/da\/wp-json\/wp\/v2\/product_brand?post=3083"},{"taxonomy":"product_cat","embeddable":true,"href":"https:\/\/bavarian-bondage.de\/da\/wp-json\/wp\/v2\/product_cat?post=3083"},{"taxonomy":"product_tag","embeddable":true,"href":"https:\/\/bavarian-bondage.de\/da\/wp-json\/wp\/v2\/product_tag?post=3083"}],"curies":[{"name":"wp","href":"https:\/\/api.w.org\/{rel}","templated":true}]}}