{"id":3109,"date":"2021-01-02T17:37:24","date_gmt":"2021-01-02T16:37:24","guid":{"rendered":"https:\/\/bavarian-bondage.tivendo.com\/produkt\/import-placeholder-for-1696\/"},"modified":"2026-04-11T23:55:58","modified_gmt":"2026-04-11T21:55:58","slug":"reb-pisk","status":"publish","type":"product","link":"https:\/\/bavarian-bondage.de\/da\/produkt\/seilpeitsche\/","title":{"rendered":"Rebpisk kort"},"content":{"rendered":"<h3 style=\"text-align: center\">Rebpisk kort<\/h3>\n<p style=\"text-align: center\">Rebpisken er det perfekte tilbeh\u00f8r til din bondage session. Den best\u00e5r af tyve tr\u00e5de lavet af 4 mm tykke hampereb og lukket med sm\u00e5 trisk-knuder. H\u00e5ndtaget i rustfrit st\u00e5l og de to elementer i valn\u00f8d sikrer det elegante look.<\/p>\n<p><strong>Detaljer:<\/strong><\/p>\n<p>Materiale: tr\u00e6, hamp reb, rustfrit st\u00e5l<br \/>\nL\u00e6ngde: ca 55 cm<br \/>\nDiameter h\u00e5ndtag: 22mm<\/p>\n<p><strong>Leveringsomfang:<\/strong> reb pisk kort; Farve valgbar<\/p>\n<p>&nbsp;<\/p>\n<hr \/>\n<blockquote>\n<p style=\"text-align: center\"><span style=\"color: #333399\">Oplysningerne om produkterne er givet efter vores bedste viden og overbevisning. Alle dimensioner er omtrentlige. Brugen af de produkter, der tilbydes her i butikken, er p\u00e5 eget ansvar. Hver person reagerer forskelligt p\u00e5 ydre p\u00e5virkninger, p\u00e5 nydelse eller smerte osv. Derfor kan der ikke p\u00e5tages noget ansvar for forkert brug.  Hver bruger b\u00e6rer det fulde ansvar for brug eller korrekt brug af produkterne og dets uforudsigelige konsekvenser.<\/span><\/p>\n<\/blockquote>","protected":false},"excerpt":{"rendered":"<p>Leveringstid: 5-7 dage*<\/p>","protected":false},"featured_media":14069,"template":"","meta":[],"product_brand":[],"product_cat":[224,252],"product_tag":[],"class_list":{"0":"post-3109","1":"product","2":"type-product","3":"status-publish","4":"has-post-thumbnail","6":"product_cat-lustschmerz","7":"product_cat-peitschen-gerten","9":"first","10":"instock","11":"taxable","12":"shipping-taxable","13":"purchasable","14":"product-type-variable"},"_links":{"self":[{"href":"https:\/\/bavarian-bondage.de\/da\/wp-json\/wp\/v2\/product\/3109","targetHints":{"allow":["GET"]}}],"collection":[{"href":"https:\/\/bavarian-bondage.de\/da\/wp-json\/wp\/v2\/product"}],"about":[{"href":"https:\/\/bavarian-bondage.de\/da\/wp-json\/wp\/v2\/types\/product"}],"version-history":[{"count":6,"href":"https:\/\/bavarian-bondage.de\/da\/wp-json\/wp\/v2\/product\/3109\/revisions"}],"predecessor-version":[{"id":4511,"href":"https:\/\/bavarian-bondage.de\/da\/wp-json\/wp\/v2\/product\/3109\/revisions\/4511"}],"wp:featuredmedia":[{"embeddable":true,"href":"https:\/\/bavarian-bondage.de\/da\/wp-json\/wp\/v2\/media\/14069"}],"wp:attachment":[{"href":"https:\/\/bavarian-bondage.de\/da\/wp-json\/wp\/v2\/media?parent=3109"}],"wp:term":[{"taxonomy":"product_brand","embeddable":true,"href":"https:\/\/bavarian-bondage.de\/da\/wp-json\/wp\/v2\/product_brand?post=3109"},{"taxonomy":"product_cat","embeddable":true,"href":"https:\/\/bavarian-bondage.de\/da\/wp-json\/wp\/v2\/product_cat?post=3109"},{"taxonomy":"product_tag","embeddable":true,"href":"https:\/\/bavarian-bondage.de\/da\/wp-json\/wp\/v2\/product_tag?post=3109"}],"curies":[{"name":"wp","href":"https:\/\/api.w.org\/{rel}","templated":true}]}}