{"id":3111,"date":"2020-10-17T12:57:24","date_gmt":"2020-10-17T10:57:24","guid":{"rendered":"https:\/\/bavarian-bondage.tivendo.com\/produkt\/import-placeholder-for-1704\/"},"modified":"2026-01-05T09:25:10","modified_gmt":"2026-01-05T08:25:10","slug":"bambus-flogger","status":"publish","type":"product","link":"https:\/\/bavarian-bondage.de\/da\/produkt\/bambus-flogger\/","title":{"rendered":"Bambus flogger"},"content":{"rendered":"<h3 style=\"text-align: center\">Bambus flogger<\/h3>\n<p style=\"text-align: center\">Bambusfloggeren er et interessant alternativ til piske og st\u00e6nger. Ligesom vores rebpisk er h\u00e5ndtaget lavet af rustfrit st\u00e5l og bekl\u00e6dt med valn\u00f8ddetr\u00e6. Floggeren best\u00e5r af 16 bambuspinde med en diameter p\u00e5 5 mm. N\u00e5r de enkelte st\u00e6nger st\u00f8der sammen, skabes der et relativt h\u00f8jt brag, som kan g\u00f8re spillet meget sp\u00e6ndende.<\/p>\n<p>&nbsp;<\/p>\n<p><strong>Detaljer:<\/strong><\/p>\n<p>Materiale: rustfrit st\u00e5l, bambus, valn\u00f8d<br \/>\nFarve: s\u00f8lv, lysebrun<br \/>\nSamlet l\u00e6ngde: 51 cm<br \/>\nH\u00e5ndtagsl\u00e6ngde: 14,5 cm<br \/>\nH\u00e5ndtagsbredde: 21 mm<\/p>\n<p>&nbsp;<\/p>\n<p><strong>Leveringsomfang:<\/strong> 1 bambus flogger<\/p>\n<p>&nbsp;<\/p>\n<hr \/>\n<blockquote>\n<p style=\"text-align: center\"><span style=\"color: #333399\">\u00a0Oplysningerne om produkterne er givet efter vores bedste viden og overbevisning. Alle dimensioner er omtrentlige. Brugen af de produkter, der tilbydes her i butikken, er p\u00e5 eget ansvar. Hver person reagerer forskelligt p\u00e5 ydre p\u00e5virkninger, p\u00e5 nydelse eller smerte osv. Derfor kan der ikke p\u00e5tages noget ansvar for forkert brug.  Hver bruger b\u00e6rer det fulde ansvar for brug eller korrekt brug af produkterne og dets uforudsigelige konsekvenser.<\/span><\/p>\n<\/blockquote>","protected":false},"excerpt":{"rendered":"<p>Leveringstid: 5-7 dage*<\/p>","protected":false},"featured_media":8654,"template":"","meta":[],"product_brand":[],"product_cat":[222,224,252],"product_tag":[],"class_list":{"0":"post-3111","1":"product","2":"type-product","3":"status-publish","4":"has-post-thumbnail","6":"product_cat-alle-produkte","7":"product_cat-lustschmerz","8":"product_cat-peitschen-gerten","10":"first","11":"outofstock","12":"taxable","13":"shipping-taxable","14":"purchasable","15":"product-type-simple"},"_links":{"self":[{"href":"https:\/\/bavarian-bondage.de\/da\/wp-json\/wp\/v2\/product\/3111","targetHints":{"allow":["GET"]}}],"collection":[{"href":"https:\/\/bavarian-bondage.de\/da\/wp-json\/wp\/v2\/product"}],"about":[{"href":"https:\/\/bavarian-bondage.de\/da\/wp-json\/wp\/v2\/types\/product"}],"version-history":[{"count":3,"href":"https:\/\/bavarian-bondage.de\/da\/wp-json\/wp\/v2\/product\/3111\/revisions"}],"predecessor-version":[{"id":13984,"href":"https:\/\/bavarian-bondage.de\/da\/wp-json\/wp\/v2\/product\/3111\/revisions\/13984"}],"wp:featuredmedia":[{"embeddable":true,"href":"https:\/\/bavarian-bondage.de\/da\/wp-json\/wp\/v2\/media\/8654"}],"wp:attachment":[{"href":"https:\/\/bavarian-bondage.de\/da\/wp-json\/wp\/v2\/media?parent=3111"}],"wp:term":[{"taxonomy":"product_brand","embeddable":true,"href":"https:\/\/bavarian-bondage.de\/da\/wp-json\/wp\/v2\/product_brand?post=3111"},{"taxonomy":"product_cat","embeddable":true,"href":"https:\/\/bavarian-bondage.de\/da\/wp-json\/wp\/v2\/product_cat?post=3111"},{"taxonomy":"product_tag","embeddable":true,"href":"https:\/\/bavarian-bondage.de\/da\/wp-json\/wp\/v2\/product_tag?post=3111"}],"curies":[{"name":"wp","href":"https:\/\/api.w.org\/{rel}","templated":true}]}}