{"id":3116,"date":"2020-10-17T12:57:25","date_gmt":"2020-10-17T10:57:25","guid":{"rendered":"https:\/\/bavarian-bondage.tivendo.com\/produkt\/import-placeholder-for-1719\/"},"modified":"2026-04-12T09:14:43","modified_gmt":"2026-04-12T07:14:43","slug":"shibaku-bind-1","status":"publish","type":"product","link":"https:\/\/bavarian-bondage.de\/da\/produkt\/shibaku-band-1\/","title":{"rendered":"Shibaku bind 1"},"content":{"rendered":"<h2 style=\"text-align: center\">\u00a0Shibaku bind 1<\/h2>\n<h3 style=\"text-align: center\">BASIC OG GRUNDL\u00c6GGENDE (Paperback)<\/h3>\n<p style=\"text-align: center\">Grundl\u00e6ggende arbejde med reb og modeller pr\u00e6senteres og beskrives i 11 kapitler. Forskellige processer illustreres trin for trin p\u00e5 176 sider med over 500 farveillustrationer.<\/p>\n<p>&nbsp;<\/p>\n<p><strong>De enkelte kapitler:<\/strong><\/p>\n<p><strong>Indledning<\/strong> \u2013 Bundet med reb<br \/>\n<strong>Reb gear<\/strong> \u2013 Reb som v\u00e6rkt\u00f8j<br \/>\n<strong>Knude i rebet<\/strong> \u2013 En lille knude ABC<br \/>\n<strong>Teknikker<\/strong> \u2013 Grundelementer med reb<br \/>\n<strong>Bind op<\/strong> \u2013 H\u00e5nd- og ankelmanchetter med reb<br \/>\n<strong>Karada<\/strong> \u2013 Reb under hverdagst\u00f8j<br \/>\n<strong>Indbindingen<\/strong> \u2013 Reb p\u00e5 overkroppen uden at begr\u00e6nse bev\u00e6gelsen<br \/>\n<strong>overkrop<\/strong> \u2013 Bev\u00e6gelsesbegr\u00e6nsning med et reb<br \/>\n<strong>Takate Kote<\/strong> \u2013 En Takate Kote med to reb<br \/>\n<strong>Underkrop<\/strong> \u2013 Reb p\u00e5 underkroppen<br \/>\n<strong>Bondage tips<\/strong> \u2013 Bundet med reb \u2013 Hvad nu?<\/p>\n<p>&nbsp;<\/p>\n<p><strong>Detaljer:<\/strong><\/p>\n<p>Udgivet af: Peter Wettstein<br \/>\nIndbinding: Bl\u00f8dt omslag<br \/>\nSider: 176 sider<br \/>\nForfatter: Peter Wettstein<br \/>\n\u00c5r: 2017<br \/>\nISBN: 978-3-9524407-2-8<br \/>\nTysk udgave<\/p>\n<p><strong>Leveringsomfang:<\/strong> Shibaku bind 1<\/p>\n<p>&nbsp;<\/p>\n<hr \/>\n<blockquote>\n<p style=\"text-align: center\"><span style=\"color: #333399\">\u00a0Oplysningerne om produkterne er givet efter vores bedste viden og overbevisning. Alle dimensioner er omtrentlige. Brugen af de produkter, der tilbydes her i butikken, er p\u00e5 eget ansvar. Hver person reagerer forskelligt p\u00e5 ydre p\u00e5virkninger, p\u00e5 nydelse eller smerte osv. Derfor kan der ikke p\u00e5tages noget ansvar for forkert brug.  Hver bruger b\u00e6rer det fulde ansvar for brug eller korrekt brug af produkterne og dets uforudsigelige konsekvenser.<\/span><\/p>\n<\/blockquote>\n<p>&nbsp;<\/p>","protected":false},"excerpt":{"rendered":"<p>Leveringstid: 5-7 dage*<\/p>","protected":false},"featured_media":8502,"template":"","meta":[],"product_brand":[],"product_cat":[358,222,233],"product_tag":[359],"class_list":{"0":"post-3116","1":"product","2":"type-product","3":"status-publish","4":"has-post-thumbnail","6":"product_cat-buecher","7":"product_cat-alle-produkte","8":"product_cat-bondage-zubehoer","9":"product_tag-shibaku","11":"first","12":"instock","13":"taxable","14":"shipping-taxable","15":"purchasable","16":"product-type-simple"},"_links":{"self":[{"href":"https:\/\/bavarian-bondage.de\/da\/wp-json\/wp\/v2\/product\/3116","targetHints":{"allow":["GET"]}}],"collection":[{"href":"https:\/\/bavarian-bondage.de\/da\/wp-json\/wp\/v2\/product"}],"about":[{"href":"https:\/\/bavarian-bondage.de\/da\/wp-json\/wp\/v2\/types\/product"}],"version-history":[{"count":4,"href":"https:\/\/bavarian-bondage.de\/da\/wp-json\/wp\/v2\/product\/3116\/revisions"}],"predecessor-version":[{"id":16507,"href":"https:\/\/bavarian-bondage.de\/da\/wp-json\/wp\/v2\/product\/3116\/revisions\/16507"}],"wp:featuredmedia":[{"embeddable":true,"href":"https:\/\/bavarian-bondage.de\/da\/wp-json\/wp\/v2\/media\/8502"}],"wp:attachment":[{"href":"https:\/\/bavarian-bondage.de\/da\/wp-json\/wp\/v2\/media?parent=3116"}],"wp:term":[{"taxonomy":"product_brand","embeddable":true,"href":"https:\/\/bavarian-bondage.de\/da\/wp-json\/wp\/v2\/product_brand?post=3116"},{"taxonomy":"product_cat","embeddable":true,"href":"https:\/\/bavarian-bondage.de\/da\/wp-json\/wp\/v2\/product_cat?post=3116"},{"taxonomy":"product_tag","embeddable":true,"href":"https:\/\/bavarian-bondage.de\/da\/wp-json\/wp\/v2\/product_tag?post=3116"}],"curies":[{"name":"wp","href":"https:\/\/api.w.org\/{rel}","templated":true}]}}