{"id":3117,"date":"2020-10-17T12:57:25","date_gmt":"2020-10-17T10:57:25","guid":{"rendered":"https:\/\/bavarian-bondage.tivendo.com\/produkt\/import-placeholder-for-1720\/"},"modified":"2026-03-22T19:15:24","modified_gmt":"2026-03-22T18:15:24","slug":"shibaku-bind-2","status":"publish","type":"product","link":"https:\/\/bavarian-bondage.de\/da\/produkt\/shibaku-band-2\/","title":{"rendered":"Shibaku bind 2"},"content":{"rendered":"<h2 style=\"text-align: center\">\u00a0Shibaku bind 2<\/h2>\n<h3 style=\"text-align: center\">Takate Kote og overkrop (paperback)<\/h3>\n<p style=\"text-align: center\">De vigtigste kabelf\u00f8ringer p\u00e5 overkroppen er pr\u00e6senteret i 11 kapitler. Ud over forskellige Takate-kote-versioner inkluderer disse ogs\u00e5 en Hishi-shibari, en Giai eller en Teppo. De forskellige processer er vist og beskrevet trin-for-trin p\u00e5 176 sider med over 450 farvede illustrationer.<\/p>\n<p>&nbsp;<\/p>\n<p><strong>De enkelte kapitler:<\/strong><\/p>\n<p><strong>Indledning<\/strong> \u2013 Betydningen af Takate kote<br \/>\n<strong>Takate Kote<\/strong> \u2013 Klassikeren if\u00f8lge Osada Ryu<br \/>\n<strong>vestlig stil<\/strong> \u2013 En fortolkning<br \/>\n<strong>Udvidelser<\/strong> \u2013 Resterende reb og efterbehandlingsteknikker<br \/>\n<strong>Varianter<\/strong> \u2013 Id\u00e9er og muligheder<br \/>\n<strong>Hishi<\/strong> \u2013 En Takate kote med en rebkjole<br \/>\n<strong>Gyaku Gote Shibari<\/strong> \u2013 Armene foldet foran maven<br \/>\n<strong>Jiai Shibari<\/strong> \u2013 H\u00e6nder bundet foran brystet<br \/>\n<strong>Dragonfly \u00e6rme<\/strong> \u2013 En kompleks armbinding<br \/>\n<strong>Teppou<\/strong> \u2013 Riflen skulder<br \/>\n<strong>Usagi<\/strong> \u2013 Kanin\u00f8rene<\/p>\n<p>&nbsp;<\/p>\n<p><strong>Detaljer:<\/strong><\/p>\n<p>Udgivet af: Peter Wettstein<br \/>\nIndbinding: Bl\u00f8dt omslag<br \/>\nSider: 176<br \/>\nForfatter: Peter Wettstein<br \/>\n\u00c5r: 2017<br \/>\nISBN: 978-3-9524407-3-5<br \/>\nTysk udgave<\/p>\n<p><strong>Leveringsomfang:<\/strong> Shibaku bind 2<\/p>\n<p>&nbsp;<\/p>\n<hr \/>\n<blockquote>\n<p style=\"text-align: center\"><span style=\"color: #333399\">\u00a0Oplysningerne om produkterne er givet efter vores bedste viden og overbevisning. Alle dimensioner er omtrentlige. Brugen af de produkter, der tilbydes her i butikken, er p\u00e5 eget ansvar. Hver person reagerer forskelligt p\u00e5 ydre p\u00e5virkninger, p\u00e5 nydelse eller smerte osv. Derfor kan der ikke p\u00e5tages noget ansvar for forkert brug.  Hver bruger b\u00e6rer det fulde ansvar for brug eller korrekt brug af produkterne og dets uforudsigelige konsekvenser.<\/span><\/p>\n<\/blockquote>","protected":false},"excerpt":{"rendered":"<p>Leveringstid: 5-7 dage*<\/p>","protected":false},"featured_media":8503,"template":"","meta":[],"product_brand":[],"product_cat":[222,233,358],"product_tag":[359],"class_list":{"0":"post-3117","1":"product","2":"type-product","3":"status-publish","4":"has-post-thumbnail","6":"product_cat-alle-produkte","7":"product_cat-bondage-zubehoer","8":"product_cat-buecher","9":"product_tag-shibaku","11":"first","12":"instock","13":"taxable","14":"shipping-taxable","15":"purchasable","16":"product-type-simple"},"_links":{"self":[{"href":"https:\/\/bavarian-bondage.de\/da\/wp-json\/wp\/v2\/product\/3117","targetHints":{"allow":["GET"]}}],"collection":[{"href":"https:\/\/bavarian-bondage.de\/da\/wp-json\/wp\/v2\/product"}],"about":[{"href":"https:\/\/bavarian-bondage.de\/da\/wp-json\/wp\/v2\/types\/product"}],"version-history":[{"count":3,"href":"https:\/\/bavarian-bondage.de\/da\/wp-json\/wp\/v2\/product\/3117\/revisions"}],"predecessor-version":[{"id":15606,"href":"https:\/\/bavarian-bondage.de\/da\/wp-json\/wp\/v2\/product\/3117\/revisions\/15606"}],"wp:featuredmedia":[{"embeddable":true,"href":"https:\/\/bavarian-bondage.de\/da\/wp-json\/wp\/v2\/media\/8503"}],"wp:attachment":[{"href":"https:\/\/bavarian-bondage.de\/da\/wp-json\/wp\/v2\/media?parent=3117"}],"wp:term":[{"taxonomy":"product_brand","embeddable":true,"href":"https:\/\/bavarian-bondage.de\/da\/wp-json\/wp\/v2\/product_brand?post=3117"},{"taxonomy":"product_cat","embeddable":true,"href":"https:\/\/bavarian-bondage.de\/da\/wp-json\/wp\/v2\/product_cat?post=3117"},{"taxonomy":"product_tag","embeddable":true,"href":"https:\/\/bavarian-bondage.de\/da\/wp-json\/wp\/v2\/product_tag?post=3117"}],"curies":[{"name":"wp","href":"https:\/\/api.w.org\/{rel}","templated":true}]}}