{"id":3118,"date":"2020-10-17T12:57:25","date_gmt":"2020-10-17T10:57:25","guid":{"rendered":"https:\/\/bavarian-bondage.tivendo.com\/produkt\/import-placeholder-for-1722\/"},"modified":"2026-02-25T08:57:18","modified_gmt":"2026-02-25T07:57:18","slug":"shibaku-bind-3","status":"publish","type":"product","link":"https:\/\/bavarian-bondage.de\/da\/produkt\/shibaku-band-3\/","title":{"rendered":"Shibaku bind 3"},"content":{"rendered":"<h2 style=\"text-align: center\">\u00a0Shibaku bind 3<\/h2>\n<h3 style=\"text-align: center\">Start og flyv (paperback)<\/h3>\n<p style=\"text-align: center\">I tredje bind pr\u00e6senteres og forklares det grundl\u00e6ggende i semi- og suspension i 11 kapitler. Udover forskellige semi-affjedringsmuligheder omfatter dette ogs\u00e5 simple oph\u00e6ng fra Giri-Giri til Yoko-zuri. De forskellige processer er vist og beskrevet trin for trin p\u00e5 176 sider med utallige farvede illustrationer.<\/p>\n<p>&nbsp;<\/p>\n<p><strong>De enkelte kapitler:<\/strong><\/p>\n<p><strong>Indledning<\/strong> \u2013 Generel information om semi-suspension og suspension<br \/>\n<strong>Sikkerhed<\/strong> \u2013 En sikker affjedring<br \/>\n<strong>V\u00e6rkt\u00f8jet<\/strong> \u2013 Ring, r\u00f8r, karabinhage, reb og andre hj\u00e6lpemidler<br \/>\n<strong>Teori og praksis<\/strong> \u2013 Hvad skal der tages h\u00f8jde for<br \/>\n<strong>Bef\u00e6stningen<\/strong> \u2013 Fra ankerpunkt til model<br \/>\n<b>Overgangen <\/b>\u2013 Kropsdele i luften<br \/>\n<b>semi-suspensioner <\/b>\u2013 Fra Futomomo til Strappado<br \/>\n<strong>Vejen op i luften<\/strong> \u2013 Fordele og ulemper ved en affjedring<br \/>\n<strong>L\u00f8ft op<\/strong> \u2013 Fra Girigiri til Face Down<br \/>\n<strong>Flyve<\/strong> \u2013 Yoko \u2013 zuri og hoftesele<br \/>\n<strong>Og nu?<\/strong> \u2013 F\u00f8r under og efter suspensionen<\/p>\n<p>&nbsp;<\/p>\n<p><strong>Detaljer:<\/strong><\/p>\n<p>Udgivet af: Peter Wettstein<br \/>\nIndbinding: Bl\u00f8dt omslag<br \/>\nSider: 176<br \/>\nForfatter: Peter Wettstein<br \/>\n\u00c5r: 2019<br \/>\nISBN: 978-3-9524407-2-8<br \/>\nTysk udgave<\/p>\n<p>&nbsp;<\/p>\n<p><strong>Leveringsomfang:<\/strong> Shibaku bind 3<\/p>\n<p>&nbsp;<\/p>\n<p>&nbsp;<\/p>\n<hr \/>\n<blockquote>\n<p style=\"text-align: center\"><span style=\"color: #333399\">\u00a0Oplysningerne om produkterne er givet efter vores bedste viden og overbevisning. Alle dimensioner er omtrentlige. Brugen af de produkter, der tilbydes her i butikken, er p\u00e5 eget ansvar. Hver person reagerer forskelligt p\u00e5 ydre p\u00e5virkninger, p\u00e5 nydelse eller smerte osv. Derfor kan der ikke p\u00e5tages noget ansvar for forkert brug.  Hver bruger b\u00e6rer det fulde ansvar for brug eller korrekt brug af produkterne og dets uforudsigelige konsekvenser.<\/span><\/p>\n<\/blockquote>","protected":false},"excerpt":{"rendered":"<p>Leveringstid: 5-7 dage*<\/p>","protected":false},"featured_media":8507,"template":"","meta":[],"product_brand":[],"product_cat":[222,233,358],"product_tag":[],"class_list":{"0":"post-3118","1":"product","2":"type-product","3":"status-publish","4":"has-post-thumbnail","6":"product_cat-alle-produkte","7":"product_cat-bondage-zubehoer","8":"product_cat-buecher","10":"first","11":"instock","12":"taxable","13":"shipping-taxable","14":"purchasable","15":"product-type-simple"},"_links":{"self":[{"href":"https:\/\/bavarian-bondage.de\/da\/wp-json\/wp\/v2\/product\/3118","targetHints":{"allow":["GET"]}}],"collection":[{"href":"https:\/\/bavarian-bondage.de\/da\/wp-json\/wp\/v2\/product"}],"about":[{"href":"https:\/\/bavarian-bondage.de\/da\/wp-json\/wp\/v2\/types\/product"}],"version-history":[{"count":4,"href":"https:\/\/bavarian-bondage.de\/da\/wp-json\/wp\/v2\/product\/3118\/revisions"}],"predecessor-version":[{"id":15607,"href":"https:\/\/bavarian-bondage.de\/da\/wp-json\/wp\/v2\/product\/3118\/revisions\/15607"}],"wp:featuredmedia":[{"embeddable":true,"href":"https:\/\/bavarian-bondage.de\/da\/wp-json\/wp\/v2\/media\/8507"}],"wp:attachment":[{"href":"https:\/\/bavarian-bondage.de\/da\/wp-json\/wp\/v2\/media?parent=3118"}],"wp:term":[{"taxonomy":"product_brand","embeddable":true,"href":"https:\/\/bavarian-bondage.de\/da\/wp-json\/wp\/v2\/product_brand?post=3118"},{"taxonomy":"product_cat","embeddable":true,"href":"https:\/\/bavarian-bondage.de\/da\/wp-json\/wp\/v2\/product_cat?post=3118"},{"taxonomy":"product_tag","embeddable":true,"href":"https:\/\/bavarian-bondage.de\/da\/wp-json\/wp\/v2\/product_tag?post=3118"}],"curies":[{"name":"wp","href":"https:\/\/api.w.org\/{rel}","templated":true}]}}