{"id":3130,"date":"2020-10-17T12:57:33","date_gmt":"2020-10-17T10:57:33","guid":{"rendered":"https:\/\/bavarian-bondage.tivendo.com\/produkt\/import-placeholder-for-2112\/"},"modified":"2026-03-30T16:57:53","modified_gmt":"2026-03-30T14:57:53","slug":"shibaku-bind-1-3","status":"publish","type":"product","link":"https:\/\/bavarian-bondage.de\/da\/produkt\/shibaku-band-1-3\/","title":{"rendered":"Shibaku bind 1 \u2013 3"},"content":{"rendered":"<h2 style=\"text-align: center\">Shibaku bind 1 \u2013 3<\/h2>\n<p>&nbsp;<\/p>\n<p style=\"text-align: center\">Oversigt:<\/p>\n<h2 style=\"text-align: center\">Shibaku bind 1<\/h2>\n<h3 style=\"text-align: center\">BASIC OG GRUNDL\u00c6GGENDE (Paperback)<\/h3>\n<p style=\"text-align: center\">Det grundl\u00e6ggende i brug af reb og modeller er pr\u00e6senteret og beskrevet i 11 kapitler. Forskellige processer er vist trin-for-trin p\u00e5 176 sider med over 500 farvede illustrationer.<\/p>\n<p>&nbsp;<\/p>\n<p><strong>De enkelte kapitler:<\/strong><\/p>\n<p><strong>Indledning<\/strong> \u2013 Bundet med reb<br \/>\n<strong>Reb gear<\/strong> \u2013 Reb som v\u00e6rkt\u00f8j<br \/>\n<strong>Knude i rebet<\/strong> \u2013 En lille knude ABC<br \/>\n<strong>Teknikker<\/strong> \u2013 Grundelementer med reb<br \/>\n<strong>Bind op<\/strong> \u2013 H\u00e5nd- og ankelmanchetter med reb<br \/>\n<strong>Karada<\/strong> \u2013 Reb under hverdagst\u00f8j<br \/>\n<strong>Indbindingen<\/strong> \u2013 Reb p\u00e5 overkroppen uden at begr\u00e6nse bev\u00e6gelsen<br \/>\n<strong>overkrop<\/strong> \u2013 Bev\u00e6gelsesbegr\u00e6nsning med et reb<br \/>\n<strong>Takate Kote<\/strong> \u2013 En Takate Kote med to reb<br \/>\n<strong>Underkrop<\/strong> \u2013 Reb p\u00e5 underkroppen<br \/>\n<strong>Bondage tips<\/strong> \u2013 Bundet med reb \u2013 Hvad nu?<\/p>\n<p>&nbsp;<\/p>\n<p><strong>Detaljer:<\/strong><\/p>\n<p>Udgivet af: Peter Wettstein<br \/>\nIndbinding: Bl\u00f8dt omslag<br \/>\nSider: 176 sider<br \/>\nForfatter: Peter Wettstein<br \/>\n\u00c5r: 2016<br \/>\nISBN: 978-3-9524407-2-8<br \/>\nTysk udgave<\/p>\n<hr \/>\n<h2 style=\"text-align: center\">\u00a0Shibaku bind 2<\/h2>\n<h3 style=\"text-align: center\">Takate Kote og overkrop (paperback)<\/h3>\n<p style=\"text-align: center\">De vigtigste kabelf\u00f8ringer p\u00e5 overkroppen er pr\u00e6senteret i 11 kapitler. Ud over forskellige Takate-kote-versioner inkluderer disse ogs\u00e5 en Hishi-shibari, en Giai eller en Teppo. De forskellige processer er vist og beskrevet trin-for-trin p\u00e5 176 sider med over 450 farvede illustrationer.<\/p>\n<p>&nbsp;<\/p>\n<p><strong>De enkelte kapitler:<\/strong><\/p>\n<p><strong>Indledning<\/strong> \u2013 Betydningen af Takate kote<br \/>\n<strong>Takate Kote<\/strong> \u2013 Klassikeren if\u00f8lge Osada Ryu<br \/>\n<strong>vestlig stil<\/strong> \u2013 En fortolkning<br \/>\n<strong>Udvidelser<\/strong> \u2013 Resterende reb og efterbehandlingsteknikker<br \/>\n<strong>Varianter<\/strong> \u2013 Id\u00e9er og muligheder<br \/>\n<strong>Hishi<\/strong> \u2013 En Takate kote med en rebkjole<br \/>\n<strong>Gyaku Gote Shibari<\/strong> \u2013 Armene foldet foran maven<br \/>\n<strong>Jiai Shibari<\/strong> \u2013 H\u00e6nder bundet foran brystet<br \/>\n<strong>Dragonfly \u00e6rme<\/strong> \u2013 En kompleks armbinding<br \/>\n<strong>Teppou<\/strong> \u2013 Riflen skulder<br \/>\n<strong>Usagi<\/strong> \u2013 Kanin\u00f8rene<\/p>\n<p>&nbsp;<\/p>\n<p><strong>Detaljer:<\/strong><\/p>\n<p>Udgivet af: Peter Wettstein<br \/>\nIndbinding: Bl\u00f8dt omslag<br \/>\nSider: 176<br \/>\nForfatter: Peter Wettstein<br \/>\n\u00c5r: 2017<br \/>\nISBN: 978-3-9524407-3-5<br \/>\nTysk udgave<\/p>\n<hr \/>\n<h2 style=\"text-align: center\">\u00a0Shibaku bind 3<\/h2>\n<h3 style=\"text-align: center\">Start og flyv (paperback)<\/h3>\n<p style=\"text-align: center\">I tredje bind pr\u00e6senteres og forklares det grundl\u00e6ggende i semi- og suspension i 11 kapitler. Udover forskellige semi-affjedringsmuligheder omfatter dette ogs\u00e5 simple oph\u00e6ng fra Giri-Giri til Yoko-zuri. De forskellige processer er vist og beskrevet trin for trin p\u00e5 176 sider med utallige farvede illustrationer.<\/p>\n<p>&nbsp;<\/p>\n<p><strong>De enkelte kapitler:<\/strong><\/p>\n<p><strong>Indledning<\/strong> \u2013 Generel information om semi-suspension og suspension<br \/>\n<strong>Sikkerhed<\/strong> \u2013 En sikker affjedring<br \/>\n<strong>V\u00e6rkt\u00f8jet<\/strong> \u2013 Ring, r\u00f8r, karabinhage, reb og andre hj\u00e6lpemidler<br \/>\n<strong>Teori og praksis<\/strong> \u2013 Hvad skal der tages h\u00f8jde for<br \/>\n<strong>Bef\u00e6stningen<\/strong> \u2013 Fra ankerpunkt til model<br \/>\n<b>Overgangen <\/b>\u2013 Kropsdele i luften<br \/>\n<b>semi-suspensioner <\/b>\u2013 Fra Futomomo til Strappado<br \/>\n<strong>Vejen op i luften<\/strong> \u2013 Fordele og ulemper ved en affjedring<br \/>\n<strong>L\u00f8ft op<\/strong> \u2013 Fra Girigiri til Face Down<br \/>\n<strong>Flyve<\/strong> \u2013 Yoko \u2013 zuri og hoftesele<br \/>\n<strong>Og nu?<\/strong> \u2013 F\u00f8r under og efter suspensionen<\/p>\n<p>&nbsp;<\/p>\n<p><strong>Detaljer:<\/strong><\/p>\n<p>Udgivet af: Peter Wettstein<br \/>\nIndbinding: Bl\u00f8dt omslag<br \/>\nSider: 176<br \/>\nForfatter: Peter Wettstein<br \/>\n\u00c5r: 2019<br \/>\nISBN: 978-3-9524407-2-8<br \/>\nTysk udgave<\/p>\n<p>&nbsp;<\/p>\n<p><strong>Leveringsomfang:<\/strong> Shibaku bind 1, 2 og 3<\/p>\n<p>&nbsp;<\/p>\n<p>&nbsp;<\/p>\n<hr \/>\n<blockquote>\n<p style=\"text-align: center\"><span style=\"color: #333399\">\u00a0Oplysningerne om produkterne er givet efter vores bedste viden og overbevisning. Alle dimensioner er omtrentlige. Brugen af de produkter, der tilbydes her i butikken, er p\u00e5 eget ansvar. Hver person reagerer forskelligt p\u00e5 ydre p\u00e5virkninger, p\u00e5 nydelse eller smerte osv. Derfor kan der ikke p\u00e5tages noget ansvar for forkert brug.  Hver bruger b\u00e6rer det fulde ansvar for brug eller korrekt brug af produkterne og dets uforudsigelige konsekvenser.<\/span><\/p>\n<\/blockquote>","protected":false},"excerpt":{"rendered":"<p>Leveringstid: 5-7 dage*<\/p>","protected":false},"featured_media":8501,"template":"","meta":[],"product_brand":[],"product_cat":[222,358],"product_tag":[],"class_list":{"0":"post-3130","1":"product","2":"type-product","3":"status-publish","4":"has-post-thumbnail","6":"product_cat-alle-produkte","7":"product_cat-buecher","9":"first","10":"instock","11":"taxable","12":"shipping-taxable","13":"purchasable","14":"product-type-simple"},"_links":{"self":[{"href":"https:\/\/bavarian-bondage.de\/da\/wp-json\/wp\/v2\/product\/3130","targetHints":{"allow":["GET"]}}],"collection":[{"href":"https:\/\/bavarian-bondage.de\/da\/wp-json\/wp\/v2\/product"}],"about":[{"href":"https:\/\/bavarian-bondage.de\/da\/wp-json\/wp\/v2\/types\/product"}],"version-history":[{"count":4,"href":"https:\/\/bavarian-bondage.de\/da\/wp-json\/wp\/v2\/product\/3130\/revisions"}],"predecessor-version":[{"id":5183,"href":"https:\/\/bavarian-bondage.de\/da\/wp-json\/wp\/v2\/product\/3130\/revisions\/5183"}],"wp:featuredmedia":[{"embeddable":true,"href":"https:\/\/bavarian-bondage.de\/da\/wp-json\/wp\/v2\/media\/8501"}],"wp:attachment":[{"href":"https:\/\/bavarian-bondage.de\/da\/wp-json\/wp\/v2\/media?parent=3130"}],"wp:term":[{"taxonomy":"product_brand","embeddable":true,"href":"https:\/\/bavarian-bondage.de\/da\/wp-json\/wp\/v2\/product_brand?post=3130"},{"taxonomy":"product_cat","embeddable":true,"href":"https:\/\/bavarian-bondage.de\/da\/wp-json\/wp\/v2\/product_cat?post=3130"},{"taxonomy":"product_tag","embeddable":true,"href":"https:\/\/bavarian-bondage.de\/da\/wp-json\/wp\/v2\/product_tag?post=3130"}],"curies":[{"name":"wp","href":"https:\/\/api.w.org\/{rel}","templated":true}]}}