{"id":3131,"date":"2020-10-17T12:57:33","date_gmt":"2020-10-17T10:57:33","guid":{"rendered":"https:\/\/bavarian-bondage.tivendo.com\/produkt\/import-placeholder-for-2192\/"},"modified":"2023-02-02T12:18:36","modified_gmt":"2023-02-02T11:18:36","slug":"individuelt-designet-bondage-ring","status":"publish","type":"product","link":"https:\/\/bavarian-bondage.de\/da\/produkt\/individuell-gestalteter-bondagering\/","title":{"rendered":"Individuelt designet bondage ring"},"content":{"rendered":"<h3 style=\"text-align: center\">Individuelt designet bondage ring<\/h3>\n<p style=\"text-align: center\">Mulighederne for at designe bondage-ringe af tr\u00e6 er meget alsidige. Det v\u00e6re sig bestemte st\u00f8rrelser og tykkelser, forskellige tr\u00e6sorter eller forskellige former.<\/p>\n<p style=\"text-align: center\">Der er ogs\u00e5 mulighed for at m\u00e6rke ringen.<\/p>\n<p>&nbsp;<\/p>\n<p style=\"text-align: center\">Du er velkommen til at fort\u00e6lle mig dine \u00f8nsker og ideer!<\/p>\n<p>&nbsp;<\/p>\n<p>&nbsp;<\/p>\n<p><strong>Detaljer:<\/strong><\/p>\n<p>Individuelt design<\/p>\n<p>&nbsp;<\/p>\n<hr \/>\n<blockquote>\n<p style=\"text-align: center\"><span style=\"color: #333399\">Oplysningerne om produkterne er givet efter vores bedste viden og overbevisning. Alle dimensioner er omtrentlige. Brugen af de produkter, der tilbydes her i butikken, er p\u00e5 eget ansvar. Hver person reagerer forskelligt p\u00e5 ydre p\u00e5virkninger, p\u00e5 nydelse eller smerte osv. Derfor kan der ikke p\u00e5tages noget ansvar for forkert brug.  Hver bruger b\u00e6rer det fulde ansvar for brug eller korrekt brug af produkterne og dets uforudsigelige konsekvenser.<\/span><\/p>\n<\/blockquote>","protected":false},"excerpt":{"rendered":"<p>Priser og leveringstider efter aftale<\/p>","protected":false},"featured_media":556,"template":"","meta":[],"product_brand":[],"product_cat":[222],"product_tag":[],"class_list":{"0":"post-3131","1":"product","2":"type-product","3":"status-publish","4":"has-post-thumbnail","6":"product_cat-alle-produkte","8":"first","9":"instock","10":"virtual","11":"product-type-simple"},"_links":{"self":[{"href":"https:\/\/bavarian-bondage.de\/da\/wp-json\/wp\/v2\/product\/3131","targetHints":{"allow":["GET"]}}],"collection":[{"href":"https:\/\/bavarian-bondage.de\/da\/wp-json\/wp\/v2\/product"}],"about":[{"href":"https:\/\/bavarian-bondage.de\/da\/wp-json\/wp\/v2\/types\/product"}],"version-history":[{"count":1,"href":"https:\/\/bavarian-bondage.de\/da\/wp-json\/wp\/v2\/product\/3131\/revisions"}],"predecessor-version":[{"id":9449,"href":"https:\/\/bavarian-bondage.de\/da\/wp-json\/wp\/v2\/product\/3131\/revisions\/9449"}],"wp:featuredmedia":[{"embeddable":true,"href":"https:\/\/bavarian-bondage.de\/da\/wp-json\/wp\/v2\/media\/556"}],"wp:attachment":[{"href":"https:\/\/bavarian-bondage.de\/da\/wp-json\/wp\/v2\/media?parent=3131"}],"wp:term":[{"taxonomy":"product_brand","embeddable":true,"href":"https:\/\/bavarian-bondage.de\/da\/wp-json\/wp\/v2\/product_brand?post=3131"},{"taxonomy":"product_cat","embeddable":true,"href":"https:\/\/bavarian-bondage.de\/da\/wp-json\/wp\/v2\/product_cat?post=3131"},{"taxonomy":"product_tag","embeddable":true,"href":"https:\/\/bavarian-bondage.de\/da\/wp-json\/wp\/v2\/product_tag?post=3131"}],"curies":[{"name":"wp","href":"https:\/\/api.w.org\/{rel}","templated":true}]}}