{"id":3135,"date":"2020-10-17T12:57:34","date_gmt":"2020-10-17T10:57:34","guid":{"rendered":"https:\/\/bavarian-bondage.tivendo.com\/produkt\/import-placeholder-for-2335\/"},"modified":"2026-03-30T10:59:44","modified_gmt":"2026-03-30T08:59:44","slug":"bondage-ring-triskele-egetrae","status":"publish","type":"product","link":"https:\/\/bavarian-bondage.de\/da\/produkt\/bondagering-triskele-eichenholz\/","title":{"rendered":"Bondage ring triskele egetr\u00e6"},"content":{"rendered":"<h3 style=\"text-align: center\">Bondage ring triskele lavet af egetr\u00e6<\/h3>\n<p style=\"text-align: center\">Triskelion er kendt som et s\u00e6rpr\u00e6g i BDSM-scenen, og m\u00f8nsteret er ogs\u00e5 meget almindeligt i bondage-ringe. Ringen er lavet af egetr\u00e6 og suppleret med en 10 x 10 mm st\u00e5lkerne.<\/p>\n<p style=\"text-align: center\">Bem\u00e6rk: Selvom tr\u00e6 er et ekstremt stabilt materiale, kan det ikke sammenlignes med metals styrke. Is\u00e6r under oph\u00e6ngning og is\u00e6r under den s\u00e5kaldte lift-up kan der forekomme sm\u00e5 hak i tr\u00e6et \u2013 disse p\u00e5virker naturligvis ikke ringens stabilitet.<\/p>\n<p>&nbsp;<\/p>\n<p><strong>Detaljer:<\/strong><\/p>\n<p>Udvendig diameter: 240 mm<br \/>\nIndvendig diameter: 180 mm<br \/>\nMateriale tykkelse: 30 mm<br \/>\nV\u00e6gt: ca 900g<br \/>\nMateriale: egetr\u00e6, 10 x 10 mm st\u00e5lkerne<\/p>\n<p>&nbsp;<\/p>\n<p><strong>Leveringsomfang:<\/strong> 1 bondage ring med st\u00e5lkerne<\/p>\n<p>&nbsp;<\/p>\n<p>&nbsp;<\/p>\n<hr \/>\n<blockquote>\n<p style=\"text-align: center\"><span style=\"color: #333399\">Oplysningerne om produkterne er givet efter vores bedste viden og overbevisning. Alle dimensioner er omtrentlige. Brugen af de produkter, der tilbydes her i butikken, er p\u00e5 eget ansvar. Hver person reagerer forskelligt p\u00e5 ydre p\u00e5virkninger, p\u00e5 nydelse eller smerte osv. Derfor kan der ikke p\u00e5tages noget ansvar for forkert brug.  Hver bruger b\u00e6rer det fulde ansvar for brug eller korrekt brug af produkterne og dets uforudsigelige konsekvenser.<\/span><\/p>\n<\/blockquote>","protected":false},"excerpt":{"rendered":"<p>Leveringstid: 5-7 dage*<\/p>","protected":false},"featured_media":8096,"template":"","meta":[],"product_brand":[],"product_cat":[222,234],"product_tag":[],"class_list":{"0":"post-3135","1":"product","2":"type-product","3":"status-publish","4":"has-post-thumbnail","6":"product_cat-alle-produkte","7":"product_cat-ringe","9":"first","10":"outofstock","11":"taxable","12":"shipping-taxable","13":"purchasable","14":"product-type-simple"},"_links":{"self":[{"href":"https:\/\/bavarian-bondage.de\/da\/wp-json\/wp\/v2\/product\/3135","targetHints":{"allow":["GET"]}}],"collection":[{"href":"https:\/\/bavarian-bondage.de\/da\/wp-json\/wp\/v2\/product"}],"about":[{"href":"https:\/\/bavarian-bondage.de\/da\/wp-json\/wp\/v2\/types\/product"}],"version-history":[{"count":4,"href":"https:\/\/bavarian-bondage.de\/da\/wp-json\/wp\/v2\/product\/3135\/revisions"}],"predecessor-version":[{"id":15091,"href":"https:\/\/bavarian-bondage.de\/da\/wp-json\/wp\/v2\/product\/3135\/revisions\/15091"}],"wp:featuredmedia":[{"embeddable":true,"href":"https:\/\/bavarian-bondage.de\/da\/wp-json\/wp\/v2\/media\/8096"}],"wp:attachment":[{"href":"https:\/\/bavarian-bondage.de\/da\/wp-json\/wp\/v2\/media?parent=3135"}],"wp:term":[{"taxonomy":"product_brand","embeddable":true,"href":"https:\/\/bavarian-bondage.de\/da\/wp-json\/wp\/v2\/product_brand?post=3135"},{"taxonomy":"product_cat","embeddable":true,"href":"https:\/\/bavarian-bondage.de\/da\/wp-json\/wp\/v2\/product_cat?post=3135"},{"taxonomy":"product_tag","embeddable":true,"href":"https:\/\/bavarian-bondage.de\/da\/wp-json\/wp\/v2\/product_tag?post=3135"}],"curies":[{"name":"wp","href":"https:\/\/api.w.org\/{rel}","templated":true}]}}