{"id":4524,"date":"2021-01-02T17:54:38","date_gmt":"2021-01-02T16:54:38","guid":{"rendered":"https:\/\/bavarian-bondage.de\/?post_type=product&#038;p=4524"},"modified":"2026-02-16T18:45:07","modified_gmt":"2026-02-16T17:45:07","slug":"reb-pisk-2","status":"publish","type":"product","link":"https:\/\/bavarian-bondage.de\/da\/produkt\/seil-striemenpeitsche\/","title":{"rendered":"Reb pisk"},"content":{"rendered":"<h3 style=\"text-align: center\">Reb pisk<\/h3>\n<p style=\"text-align: center\">I mods\u00e6tning til rebpiskene med knuder, er rebpiskene lavet af 3 mm tyndt hamperov og har gummih\u00e6tter p\u00e5 rebets ender. I kombination med en samlet l\u00e6ngde p\u00e5 70 cm og de 20 tr\u00e5de giver pisken en skarp og ret br\u00e6ndende smerte, der ligner piske. Som navnet antyder, er welts n\u00e6sten uundg\u00e5elige!<\/p>\n<p><strong>Detaljer:<\/strong><\/p>\n<p>Materiale: tr\u00e6, hamp reb, rustfrit st\u00e5l, gummi<br \/>\nL\u00e6ngde: ca 70 cm<br \/>\nDiameter h\u00e5ndtag: 22mm<\/p>\n<p><strong>Leveringsomfang:<\/strong> reb pisk; Farve valgbar<\/p>\n<p>&nbsp;<\/p>\n<hr \/>\n<blockquote>\n<p style=\"text-align: center\"><span style=\"color: #333399\">Oplysningerne om produkterne er givet efter vores bedste viden og overbevisning. Alle dimensioner er omtrentlige. Brugen af de produkter, der tilbydes her i butikken, er p\u00e5 eget ansvar. Hver person reagerer forskelligt p\u00e5 ydre p\u00e5virkninger, p\u00e5 nydelse eller smerte osv. Derfor kan der ikke p\u00e5tages noget ansvar for forkert brug.  Hver bruger b\u00e6rer det fulde ansvar for brug eller korrekt brug af produkterne og dets uforudsigelige konsekvenser.<\/span><\/p>\n<\/blockquote>","protected":false},"excerpt":{"rendered":"<p>Leveringstid: 5-7 dage*<\/p>","protected":false},"featured_media":10295,"template":"","meta":[],"product_brand":[],"product_cat":[224,252],"product_tag":[],"class_list":{"0":"post-4524","1":"product","2":"type-product","3":"status-publish","4":"has-post-thumbnail","6":"product_cat-lustschmerz","7":"product_cat-peitschen-gerten","9":"first","10":"instock","11":"taxable","12":"shipping-taxable","13":"purchasable","14":"product-type-variable"},"_links":{"self":[{"href":"https:\/\/bavarian-bondage.de\/da\/wp-json\/wp\/v2\/product\/4524","targetHints":{"allow":["GET"]}}],"collection":[{"href":"https:\/\/bavarian-bondage.de\/da\/wp-json\/wp\/v2\/product"}],"about":[{"href":"https:\/\/bavarian-bondage.de\/da\/wp-json\/wp\/v2\/types\/product"}],"version-history":[{"count":4,"href":"https:\/\/bavarian-bondage.de\/da\/wp-json\/wp\/v2\/product\/4524\/revisions"}],"predecessor-version":[{"id":13980,"href":"https:\/\/bavarian-bondage.de\/da\/wp-json\/wp\/v2\/product\/4524\/revisions\/13980"}],"wp:featuredmedia":[{"embeddable":true,"href":"https:\/\/bavarian-bondage.de\/da\/wp-json\/wp\/v2\/media\/10295"}],"wp:attachment":[{"href":"https:\/\/bavarian-bondage.de\/da\/wp-json\/wp\/v2\/media?parent=4524"}],"wp:term":[{"taxonomy":"product_brand","embeddable":true,"href":"https:\/\/bavarian-bondage.de\/da\/wp-json\/wp\/v2\/product_brand?post=4524"},{"taxonomy":"product_cat","embeddable":true,"href":"https:\/\/bavarian-bondage.de\/da\/wp-json\/wp\/v2\/product_cat?post=4524"},{"taxonomy":"product_tag","embeddable":true,"href":"https:\/\/bavarian-bondage.de\/da\/wp-json\/wp\/v2\/product_tag?post=4524"}],"curies":[{"name":"wp","href":"https:\/\/api.w.org\/{rel}","templated":true}]}}