{"id":4541,"date":"2020-10-17T12:56:33","date_gmt":"2020-10-17T10:56:33","guid":{"rendered":"https:\/\/bavarian-bondage.de\/?post_type=product&#038;p=4541"},"modified":"2025-09-05T11:59:00","modified_gmt":"2025-09-05T09:59:00","slug":"styrekaede-med-laederlokke","status":"publish","type":"product","link":"https:\/\/bavarian-bondage.de\/da\/produkt\/fuehrungskette-mit-lederschlaufe\/","title":{"rendered":"Styrek\u00e6de med l\u00e6derl\u00f8kke"},"content":{"rendered":"<h3 style=\"text-align: center\">Styrek\u00e6de med l\u00e6derl\u00f8kke<\/h3>\n<p style=\"text-align: center\">En solid k\u00e6de med to sp\u00e6nder og en sort l\u00e6derl\u00f8kke. De to klemmer er justerbare ved hj\u00e6lp af gevindskruer, og kontaktfladerne er d\u00e6kket af gummi for at sikre en behagelig pasform.<\/p>\n<p>&nbsp;<\/p>\n<p><strong>Detaljer:<\/strong><\/p>\n<p>Materiale: metal, gummi, l\u00e6der<br \/>\nSamlet l\u00e6ngde: 80 cm<br \/>\nL\u00e6ngde p\u00e5 l\u00f8kken: 20 cm<br \/>\nL\u00e6ngde k\u00e6de: 60 cm<\/p>\n<p>&nbsp;<\/p>\n<p><strong>Leveringsomfang:<\/strong> 1 styrek\u00e6de med clips og l\u00e6derl\u00f8kke<\/p>","protected":false},"excerpt":{"rendered":"<p>Leveringstid: 5-7 dage*<\/p>","protected":false},"featured_media":14045,"template":"","meta":[],"product_brand":[],"product_cat":[224,248],"product_tag":[],"class_list":{"0":"post-4541","1":"product","2":"type-product","3":"status-publish","4":"has-post-thumbnail","6":"product_cat-lustschmerz","7":"product_cat-klammern","9":"first","10":"instock","11":"taxable","12":"shipping-taxable","13":"purchasable","14":"product-type-simple"},"_links":{"self":[{"href":"https:\/\/bavarian-bondage.de\/da\/wp-json\/wp\/v2\/product\/4541","targetHints":{"allow":["GET"]}}],"collection":[{"href":"https:\/\/bavarian-bondage.de\/da\/wp-json\/wp\/v2\/product"}],"about":[{"href":"https:\/\/bavarian-bondage.de\/da\/wp-json\/wp\/v2\/types\/product"}],"version-history":[{"count":7,"href":"https:\/\/bavarian-bondage.de\/da\/wp-json\/wp\/v2\/product\/4541\/revisions"}],"predecessor-version":[{"id":13959,"href":"https:\/\/bavarian-bondage.de\/da\/wp-json\/wp\/v2\/product\/4541\/revisions\/13959"}],"wp:featuredmedia":[{"embeddable":true,"href":"https:\/\/bavarian-bondage.de\/da\/wp-json\/wp\/v2\/media\/14045"}],"wp:attachment":[{"href":"https:\/\/bavarian-bondage.de\/da\/wp-json\/wp\/v2\/media?parent=4541"}],"wp:term":[{"taxonomy":"product_brand","embeddable":true,"href":"https:\/\/bavarian-bondage.de\/da\/wp-json\/wp\/v2\/product_brand?post=4541"},{"taxonomy":"product_cat","embeddable":true,"href":"https:\/\/bavarian-bondage.de\/da\/wp-json\/wp\/v2\/product_cat?post=4541"},{"taxonomy":"product_tag","embeddable":true,"href":"https:\/\/bavarian-bondage.de\/da\/wp-json\/wp\/v2\/product_tag?post=4541"}],"curies":[{"name":"wp","href":"https:\/\/api.w.org\/{rel}","templated":true}]}}