{"id":4548,"date":"2021-01-02T18:33:08","date_gmt":"2021-01-02T17:33:08","guid":{"rendered":"https:\/\/bavarian-bondage.de\/?post_type=product&#038;p=4548"},"modified":"2026-03-22T13:12:40","modified_gmt":"2026-03-22T12:12:40","slug":"redningskniv","status":"publish","type":"product","link":"https:\/\/bavarian-bondage.de\/da\/produkt\/rettungsmesser\/","title":{"rendered":"Redningskniv"},"content":{"rendered":"<h3 style=\"text-align: center\">Redningskniv (rebsk\u00e6rer)<\/h3>\n<p style=\"text-align: center\">Gill redningskniven er et meget praktisk v\u00e6rkt\u00f8j, n\u00e5r det kommer til at sk\u00e6re liner, b\u00e6lter mv.<\/p>\n<p style=\"text-align: center\">Den er ogs\u00e5 ideel til at sk\u00e6re bondage-reb op til ca. 8 mm tykke. V\u00e6rkt\u00f8jet leveres med en nylonpose, der f.eks. kan fastg\u00f8res til et b\u00e6lte. Derudover er redningskniven udstyret med et skridsikkert h\u00e5ndtag.<\/p>\n<p style=\"text-align: center\">Du burde aldrig have brug for s\u00e5dan en redningskniv, n\u00e5r du fastholder nogen, men du er godt forberedt p\u00e5 s\u00e5danne eventualiteter.<\/p>\n<p>&nbsp;<\/p>\n<p><strong>Detaljer:<\/strong><br \/>\nMateriale: belagt st\u00e5l, komposit, nylon<br \/>\nSamlet l\u00e6ngde: 12,7 cm<br \/>\nProducent: Gill<\/p>\n<p>&nbsp;<\/p>\n<p><strong>Leveringsomfang: <\/strong>1 Gill redningskniv med nylonpose<\/p>\n<hr \/>\n<blockquote>\n<p style=\"text-align: center\"><span style=\"color: #333399\">Oplysningerne om produkterne er givet efter vores bedste viden og overbevisning. Alle dimensioner er omtrentlige. Brugen af de produkter, der tilbydes her i butikken, er p\u00e5 eget ansvar. Hver person reagerer forskelligt p\u00e5 ydre p\u00e5virkninger, p\u00e5 nydelse eller smerte osv. Derfor kan der ikke p\u00e5tages noget ansvar for ukorrekt brug.  Hver bruger b\u00e6rer det fulde ansvar for brug eller korrekt brug af produkterne og dets uforudsigelige konsekvenser<\/span><\/p>\n<\/blockquote>","protected":false},"excerpt":{"rendered":"<p>Leveringstid: 5-7 dage*<\/p>","protected":false},"featured_media":8174,"template":"","meta":[],"product_brand":[],"product_cat":[223],"product_tag":[],"class_list":{"0":"post-4548","1":"product","2":"type-product","3":"status-publish","4":"has-post-thumbnail","6":"product_cat-zubehoer","8":"first","9":"instock","10":"taxable","11":"shipping-taxable","12":"purchasable","13":"product-type-simple"},"_links":{"self":[{"href":"https:\/\/bavarian-bondage.de\/da\/wp-json\/wp\/v2\/product\/4548","targetHints":{"allow":["GET"]}}],"collection":[{"href":"https:\/\/bavarian-bondage.de\/da\/wp-json\/wp\/v2\/product"}],"about":[{"href":"https:\/\/bavarian-bondage.de\/da\/wp-json\/wp\/v2\/types\/product"}],"version-history":[{"count":3,"href":"https:\/\/bavarian-bondage.de\/da\/wp-json\/wp\/v2\/product\/4548\/revisions"}],"predecessor-version":[{"id":16504,"href":"https:\/\/bavarian-bondage.de\/da\/wp-json\/wp\/v2\/product\/4548\/revisions\/16504"}],"wp:featuredmedia":[{"embeddable":true,"href":"https:\/\/bavarian-bondage.de\/da\/wp-json\/wp\/v2\/media\/8174"}],"wp:attachment":[{"href":"https:\/\/bavarian-bondage.de\/da\/wp-json\/wp\/v2\/media?parent=4548"}],"wp:term":[{"taxonomy":"product_brand","embeddable":true,"href":"https:\/\/bavarian-bondage.de\/da\/wp-json\/wp\/v2\/product_brand?post=4548"},{"taxonomy":"product_cat","embeddable":true,"href":"https:\/\/bavarian-bondage.de\/da\/wp-json\/wp\/v2\/product_cat?post=4548"},{"taxonomy":"product_tag","embeddable":true,"href":"https:\/\/bavarian-bondage.de\/da\/wp-json\/wp\/v2\/product_tag?post=4548"}],"curies":[{"name":"wp","href":"https:\/\/api.w.org\/{rel}","templated":true}]}}