{"id":4567,"date":"2021-01-02T19:17:52","date_gmt":"2021-01-02T18:17:52","guid":{"rendered":"https:\/\/bavarian-bondage.de\/?post_type=product&#038;p=4567"},"modified":"2026-01-28T22:38:00","modified_gmt":"2026-01-28T21:38:00","slug":"klaebe-med-reb","status":"publish","type":"product","link":"https:\/\/bavarian-bondage.de\/da\/produkt\/klammern-mit-seil\/","title":{"rendered":"Klemmer med reb"},"content":{"rendered":"<h3 style=\"text-align: center\">Kl\u00f8verklemmer med reb<\/h3>\n<p style=\"text-align: center\">Sandsynligvis de mest ber\u00f8mte klemmer inden for BDSM-omr\u00e5det. Disse klemmer er designet p\u00e5 en s\u00e5dan m\u00e5de, at n\u00e5r de tr\u00e6kkes, stiger trykket endnu mere.<\/p>\n<p style=\"text-align: center\">I stedet for en k\u00e6de er Clover Clamps udstyret med et 3m langt og 3mm tykt hamperov. Dette g\u00f8r det muligt for klemmerne at blive bedre integreret under bondage og at bruge et fikseringspunkt langt v\u00e6k.<\/p>\n<p>&nbsp;<\/p>\n<p><strong>Detaljer:<\/strong><\/p>\n<p>Materiale: metal, gummipude, hamp reb<br \/>\nTovl\u00e6ngde: 3m<br \/>\nKlipst\u00f8rrelse: 9 cm<\/p>\n<p>&nbsp;<\/p>\n<p><strong>Leveringsomfang:<\/strong> Kl\u00f8verklemmer med reb<\/p>\n<p>&nbsp;<\/p>\n<hr \/>\n<blockquote>\n<p style=\"text-align: center\"><span style=\"color: #333399\">Oplysningerne om produkterne er givet efter vores bedste viden og overbevisning. Alle dimensioner er omtrentlige. Brugen af de produkter, der tilbydes her i butikken, er p\u00e5 eget ansvar. Hver person reagerer forskelligt p\u00e5 ydre p\u00e5virkninger, p\u00e5 nydelse eller smerte osv. Derfor kan der ikke p\u00e5tages noget ansvar for forkert brug.  Hver bruger b\u00e6rer det fulde ansvar for brug eller korrekt brug af produkterne og dets uforudsigelige konsekvenser.<\/span><\/p>\n<\/blockquote>","protected":false},"excerpt":{"rendered":"<p>Leveringstid: 5-7 dage*<\/p>","protected":false},"featured_media":8569,"template":"","meta":[],"product_brand":[],"product_cat":[224,248,222],"product_tag":[],"class_list":{"0":"post-4567","1":"product","2":"type-product","3":"status-publish","4":"has-post-thumbnail","6":"product_cat-lustschmerz","7":"product_cat-klammern","8":"product_cat-alle-produkte","10":"first","11":"instock","12":"taxable","13":"shipping-taxable","14":"purchasable","15":"product-type-variable"},"_links":{"self":[{"href":"https:\/\/bavarian-bondage.de\/da\/wp-json\/wp\/v2\/product\/4567","targetHints":{"allow":["GET"]}}],"collection":[{"href":"https:\/\/bavarian-bondage.de\/da\/wp-json\/wp\/v2\/product"}],"about":[{"href":"https:\/\/bavarian-bondage.de\/da\/wp-json\/wp\/v2\/types\/product"}],"version-history":[{"count":4,"href":"https:\/\/bavarian-bondage.de\/da\/wp-json\/wp\/v2\/product\/4567\/revisions"}],"predecessor-version":[{"id":13957,"href":"https:\/\/bavarian-bondage.de\/da\/wp-json\/wp\/v2\/product\/4567\/revisions\/13957"}],"wp:featuredmedia":[{"embeddable":true,"href":"https:\/\/bavarian-bondage.de\/da\/wp-json\/wp\/v2\/media\/8569"}],"wp:attachment":[{"href":"https:\/\/bavarian-bondage.de\/da\/wp-json\/wp\/v2\/media?parent=4567"}],"wp:term":[{"taxonomy":"product_brand","embeddable":true,"href":"https:\/\/bavarian-bondage.de\/da\/wp-json\/wp\/v2\/product_brand?post=4567"},{"taxonomy":"product_cat","embeddable":true,"href":"https:\/\/bavarian-bondage.de\/da\/wp-json\/wp\/v2\/product_cat?post=4567"},{"taxonomy":"product_tag","embeddable":true,"href":"https:\/\/bavarian-bondage.de\/da\/wp-json\/wp\/v2\/product_tag?post=4567"}],"curies":[{"name":"wp","href":"https:\/\/api.w.org\/{rel}","templated":true}]}}