{"id":6337,"date":"2022-12-13T11:14:59","date_gmt":"2022-12-13T10:14:59","guid":{"rendered":"https:\/\/bavarian-bondage.de\/?post_type=product&#038;p=6337"},"modified":"2026-04-07T23:46:55","modified_gmt":"2026-04-07T21:46:55","slug":"bessey-saks","status":"publish","type":"product","link":"https:\/\/bavarian-bondage.de\/da\/produkt\/schere-bessey\/","title":{"rendered":"Bessey saks"},"content":{"rendered":"<h3 style=\"text-align: center\">Saks Bessy<\/h3>\n<p style=\"text-align: center\">Bessys saks er et meget praktisk v\u00e6rkt\u00f8j, n\u00e5r det kommer til at klippe liner, stropper mv.<\/p>\n<p style=\"text-align: center\">Men ogs\u00e5 ideel til at sk\u00e6re bondage-reb op til ca. 10 mm.<\/p>\n<p style=\"text-align: center\">Et passende v\u00e6rkt\u00f8j s\u00e5som en redningskniv, linesk\u00e6rer eller saks skal aldrig bruges ved opbinding, men det er stadig en god id\u00e9 at have det ved h\u00e5nden for at v\u00e6re godt forberedt til disse eventualiteter.<\/p>\n<p>&nbsp;<\/p>\n<pre><strong>Detaljer:<\/strong>\r\nMateriale: rustfrit st\u00e5l; Plast Totall\u00e6ngde: 14 cm Sk\u00e6rel\u00e6ngde: ca. 3 cm Producent: Bessey<\/pre>\n<p>&nbsp;<\/p>\n<p><strong>Leveringsomfang: <\/strong>1 Bessy saks<\/p>","protected":false},"excerpt":{"rendered":"<p>Leveringstid: 5-7 dage*<\/p>","protected":false},"featured_media":8169,"template":"","meta":[],"product_brand":[],"product_cat":[222,223],"product_tag":[],"class_list":{"0":"post-6337","1":"product","2":"type-product","3":"status-publish","4":"has-post-thumbnail","6":"product_cat-alle-produkte","7":"product_cat-zubehoer","9":"first","10":"instock","11":"taxable","12":"shipping-taxable","13":"purchasable","14":"product-type-simple"},"_links":{"self":[{"href":"https:\/\/bavarian-bondage.de\/da\/wp-json\/wp\/v2\/product\/6337","targetHints":{"allow":["GET"]}}],"collection":[{"href":"https:\/\/bavarian-bondage.de\/da\/wp-json\/wp\/v2\/product"}],"about":[{"href":"https:\/\/bavarian-bondage.de\/da\/wp-json\/wp\/v2\/types\/product"}],"version-history":[{"count":4,"href":"https:\/\/bavarian-bondage.de\/da\/wp-json\/wp\/v2\/product\/6337\/revisions"}],"predecessor-version":[{"id":6342,"href":"https:\/\/bavarian-bondage.de\/da\/wp-json\/wp\/v2\/product\/6337\/revisions\/6342"}],"wp:featuredmedia":[{"embeddable":true,"href":"https:\/\/bavarian-bondage.de\/da\/wp-json\/wp\/v2\/media\/8169"}],"wp:attachment":[{"href":"https:\/\/bavarian-bondage.de\/da\/wp-json\/wp\/v2\/media?parent=6337"}],"wp:term":[{"taxonomy":"product_brand","embeddable":true,"href":"https:\/\/bavarian-bondage.de\/da\/wp-json\/wp\/v2\/product_brand?post=6337"},{"taxonomy":"product_cat","embeddable":true,"href":"https:\/\/bavarian-bondage.de\/da\/wp-json\/wp\/v2\/product_cat?post=6337"},{"taxonomy":"product_tag","embeddable":true,"href":"https:\/\/bavarian-bondage.de\/da\/wp-json\/wp\/v2\/product_tag?post=6337"}],"curies":[{"name":"wp","href":"https:\/\/api.w.org\/{rel}","templated":true}]}}