{"id":8130,"date":"2023-01-28T15:56:38","date_gmt":"2023-01-28T14:56:38","guid":{"rendered":"https:\/\/bavarian-bondage.de\/?post_type=product&#038;p=8130"},"modified":"2026-01-26T11:59:53","modified_gmt":"2026-01-26T10:59:53","slug":"bondage-ring-triskele-lille","status":"publish","type":"product","link":"https:\/\/bavarian-bondage.de\/da\/produkt\/bondagering-triskele-klein\/","title":{"rendered":"Bondage ring triskele lille"},"content":{"rendered":"<h3 style=\"text-align: center\">Bondage ring triskele lille<\/h3>\n<p style=\"text-align: center\">Oph\u00e6ngsringen med triskele, lavet af poleret rustfrit st\u00e5l, tilbyder ikke kun sit flotte udseende, men ogs\u00e5 muligheden for at organisere individuelle reb. Denne ring er et blikfang i enhver henseende.<\/p>\n<p>&nbsp;<\/p>\n<p><strong>Detaljer:<\/strong><\/p>\n<p>Udvendig diameter: 230 mm<br \/>\nMateriale tykkelse: 16mm<br \/>\nV\u00e6gt: 980g<br \/>\nMateriale: rustfrit st\u00e5l<\/p>\n<p>&nbsp;<\/p>\n<p><strong>Leveringsomfang:<\/strong> 1 bondage ring triskele lille<\/p>\n<p>&nbsp;<\/p>","protected":false},"excerpt":{"rendered":"<p>Leveringstid: 5-7 dage*<\/p>","protected":false},"featured_media":8081,"template":"","meta":[],"product_brand":[],"product_cat":[222,233,234],"product_tag":[],"class_list":{"0":"post-8130","1":"product","2":"type-product","3":"status-publish","4":"has-post-thumbnail","6":"product_cat-alle-produkte","7":"product_cat-bondage-zubehoer","8":"product_cat-ringe","10":"first","11":"instock","12":"taxable","13":"shipping-taxable","14":"purchasable","15":"product-type-simple"},"_links":{"self":[{"href":"https:\/\/bavarian-bondage.de\/da\/wp-json\/wp\/v2\/product\/8130","targetHints":{"allow":["GET"]}}],"collection":[{"href":"https:\/\/bavarian-bondage.de\/da\/wp-json\/wp\/v2\/product"}],"about":[{"href":"https:\/\/bavarian-bondage.de\/da\/wp-json\/wp\/v2\/types\/product"}],"version-history":[{"count":3,"href":"https:\/\/bavarian-bondage.de\/da\/wp-json\/wp\/v2\/product\/8130\/revisions"}],"predecessor-version":[{"id":15372,"href":"https:\/\/bavarian-bondage.de\/da\/wp-json\/wp\/v2\/product\/8130\/revisions\/15372"}],"wp:featuredmedia":[{"embeddable":true,"href":"https:\/\/bavarian-bondage.de\/da\/wp-json\/wp\/v2\/media\/8081"}],"wp:attachment":[{"href":"https:\/\/bavarian-bondage.de\/da\/wp-json\/wp\/v2\/media?parent=8130"}],"wp:term":[{"taxonomy":"product_brand","embeddable":true,"href":"https:\/\/bavarian-bondage.de\/da\/wp-json\/wp\/v2\/product_brand?post=8130"},{"taxonomy":"product_cat","embeddable":true,"href":"https:\/\/bavarian-bondage.de\/da\/wp-json\/wp\/v2\/product_cat?post=8130"},{"taxonomy":"product_tag","embeddable":true,"href":"https:\/\/bavarian-bondage.de\/da\/wp-json\/wp\/v2\/product_tag?post=8130"}],"curies":[{"name":"wp","href":"https:\/\/api.w.org\/{rel}","templated":true}]}}