{"id":8201,"date":"2023-01-28T19:04:14","date_gmt":"2023-01-28T18:04:14","guid":{"rendered":"https:\/\/bavarian-bondage.de\/?post_type=product&#038;p=8201"},"modified":"2025-11-14T12:22:40","modified_gmt":"2025-11-14T11:22:40","slug":"bondage-ring-andreaskreuz-egetrae","status":"publish","type":"product","link":"https:\/\/bavarian-bondage.de\/da\/produkt\/bondagering-andreaskreuz-eichenholz\/","title":{"rendered":"Bondage ring St. Andrews kors egetr\u00e6"},"content":{"rendered":"<h3 style=\"text-align: center\">Bondage ring St. Andreas kors eg<\/h3>\n<p style=\"text-align: center\">\u00a0Ringen er lavet af eg og suppleret med en 10 x 10 mm st\u00e5lkerne. Tr\u00e6et slibes fint og behandles til sidst med et tyndt lag tr\u00e6olie. I mods\u00e6tning til triskele-ringene er rebene nemmere at placere. Ringen forbliver lige takket v\u00e6re de to separate centre. I triskele vrider ringen sig relativt hurtigt.<\/p>\n<p style=\"text-align: center\">Bem\u00e6rk: Selvom tr\u00e6 er et ekstremt stabilt materiale, kan det ikke sammenlignes med metals styrke. Is\u00e6r under oph\u00e6ngning og is\u00e6r under den s\u00e5kaldte lift-up kan der forekomme sm\u00e5 hak i tr\u00e6et \u2013 disse p\u00e5virker naturligvis ikke ringens stabilitet.<\/p>\n<p>&nbsp;<\/p>\n<p><strong>Detaljer:<\/strong><\/p>\n<p>Udvendig diameter: 240 mm<br \/>\nIndvendig diameter: 180 mm<br \/>\nMateriale tykkelse: 30 mm<br \/>\nV\u00e6gt: ca 950g<br \/>\nMateriale: eg, 10 x 10 mm st\u00e5lkerne<\/p>\n<p>&nbsp;<\/p>\n<p><strong>Leveringsomfang:<\/strong> 1 bondage ring lavet af egetr\u00e6 med en st\u00e5lkerne<\/p>\n<p>&nbsp;<\/p>\n<hr \/>\n<blockquote>\n<p style=\"text-align: center\"><span style=\"color: #333399\">Oplysningerne om produkterne er givet efter vores bedste viden og overbevisning. Alle dimensioner er omtrentlige. Brugen af de produkter, der tilbydes her i butikken, er p\u00e5 eget ansvar. Hver person reagerer forskelligt p\u00e5 ydre p\u00e5virkninger, p\u00e5 nydelse eller smerte osv. Derfor kan der ikke p\u00e5tages noget ansvar for forkert brug.  Hver bruger b\u00e6rer det fulde ansvar for brug eller korrekt brug af produkterne og dets uforudsigelige konsekvenser.<\/span><\/p>\n<\/blockquote>","protected":false},"excerpt":{"rendered":"<p>Leveringstid: 5-7 dage*<\/p>","protected":false},"featured_media":8075,"template":"","meta":[],"product_brand":[],"product_cat":[222,234,233],"product_tag":[],"class_list":{"0":"post-8201","1":"product","2":"type-product","3":"status-publish","4":"has-post-thumbnail","6":"product_cat-alle-produkte","7":"product_cat-ringe","8":"product_cat-bondage-zubehoer","10":"first","11":"instock","12":"taxable","13":"shipping-taxable","14":"purchasable","15":"product-type-simple"},"_links":{"self":[{"href":"https:\/\/bavarian-bondage.de\/da\/wp-json\/wp\/v2\/product\/8201","targetHints":{"allow":["GET"]}}],"collection":[{"href":"https:\/\/bavarian-bondage.de\/da\/wp-json\/wp\/v2\/product"}],"about":[{"href":"https:\/\/bavarian-bondage.de\/da\/wp-json\/wp\/v2\/types\/product"}],"version-history":[{"count":4,"href":"https:\/\/bavarian-bondage.de\/da\/wp-json\/wp\/v2\/product\/8201\/revisions"}],"predecessor-version":[{"id":15080,"href":"https:\/\/bavarian-bondage.de\/da\/wp-json\/wp\/v2\/product\/8201\/revisions\/15080"}],"wp:featuredmedia":[{"embeddable":true,"href":"https:\/\/bavarian-bondage.de\/da\/wp-json\/wp\/v2\/media\/8075"}],"wp:attachment":[{"href":"https:\/\/bavarian-bondage.de\/da\/wp-json\/wp\/v2\/media?parent=8201"}],"wp:term":[{"taxonomy":"product_brand","embeddable":true,"href":"https:\/\/bavarian-bondage.de\/da\/wp-json\/wp\/v2\/product_brand?post=8201"},{"taxonomy":"product_cat","embeddable":true,"href":"https:\/\/bavarian-bondage.de\/da\/wp-json\/wp\/v2\/product_cat?post=8201"},{"taxonomy":"product_tag","embeddable":true,"href":"https:\/\/bavarian-bondage.de\/da\/wp-json\/wp\/v2\/product_tag?post=8201"}],"curies":[{"name":"wp","href":"https:\/\/api.w.org\/{rel}","templated":true}]}}