{"id":8211,"date":"2023-01-28T19:17:45","date_gmt":"2023-01-28T18:17:45","guid":{"rendered":"https:\/\/bavarian-bondage.de\/?post_type=product&#038;p=8211"},"modified":"2026-04-20T14:37:13","modified_gmt":"2026-04-20T12:37:13","slug":"bondage-ring-andreaskreuz-kirsebaertrae","status":"publish","type":"product","link":"https:\/\/bavarian-bondage.de\/da\/produkt\/bondagering-andreaskreuz-kirschbaum\/","title":{"rendered":"Bondage ring St. Andrew&#039;s cross kirseb\u00e6rtr\u00e6"},"content":{"rendered":"<h3 style=\"text-align: center\">Bondage-ring St. Andreas-kors af kirseb\u00e6rtr\u00e6<\/h3>\n<p style=\"text-align: center\">Sankt Andreaskorset er et velkendt symbol i BDSM-milj\u00f8et, og m\u00f8nsteret er ogs\u00e5 meget praktisk til bondage-ringe. Ringen er lavet af kirseb\u00e6rtr\u00e6 og forst\u00e6rket med en 10 x 10 mm st\u00e5lkerne. St\u00e5lkernen er placeret b\u00e5de i den ydre ring og i den indvendige skillev\u00e6g. Kirseb\u00e6rtr\u00e6 har en r\u00f8dlig, meget elegant farve.<\/p>\n<p style=\"text-align: center\">Bem\u00e6rk: Selvom tr\u00e6 er et ekstremt stabilt materiale, kan det ikke sammenlignes med metals styrke. Is\u00e6r under oph\u00e6ngning og is\u00e6r under den s\u00e5kaldte lift-up kan der forekomme sm\u00e5 hak i tr\u00e6et \u2013 disse p\u00e5virker naturligvis ikke ringens stabilitet.<\/p>\n<p>&nbsp;<\/p>\n<p><strong>Detaljer:<\/strong><\/p>\n<p>Udvendig diameter: 240 mm<br \/>\nIndvendig diameter: 180 mm<br \/>\nMateriale tykkelse: 30 mm<br \/>\nV\u00e6gt: ca 900g<br \/>\nMateriale: Kirseb\u00e6rtr\u00e6, 10 \u00d7 10 mm st\u00e5lkerne<\/p>\n<p>&nbsp;<\/p>\n<p><strong>Leveringsomfang:<\/strong> 1 bondage ring kirseb\u00e6rtr\u00e6 med st\u00e5lkerne<\/p>\n<p>&nbsp;<\/p>\n<p>&nbsp;<\/p>\n<hr \/>\n<blockquote>\n<p style=\"text-align: center\"><span style=\"color: #333399\">Oplysningerne om produkterne er givet efter vores bedste viden og overbevisning. Alle dimensioner er omtrentlige. Brugen af de produkter, der tilbydes her i butikken, er p\u00e5 eget ansvar. Hver person reagerer forskelligt p\u00e5 ydre p\u00e5virkninger, p\u00e5 nydelse eller smerte osv. Derfor kan der ikke p\u00e5tages noget ansvar for forkert brug.  Hver bruger b\u00e6rer det fulde ansvar for brug eller korrekt brug af produkterne og dets uforudsigelige konsekvenser.<\/span><\/p>\n<\/blockquote>","protected":false},"excerpt":{"rendered":"<p>Leveringstid: 5-7 dage*<\/p>","protected":false},"featured_media":8076,"template":"","meta":[],"product_brand":[],"product_cat":[234,222],"product_tag":[],"class_list":{"0":"post-8211","1":"product","2":"type-product","3":"status-publish","4":"has-post-thumbnail","6":"product_cat-ringe","7":"product_cat-alle-produkte","9":"first","10":"instock","11":"taxable","12":"shipping-taxable","13":"purchasable","14":"product-type-simple"},"_links":{"self":[{"href":"https:\/\/bavarian-bondage.de\/da\/wp-json\/wp\/v2\/product\/8211","targetHints":{"allow":["GET"]}}],"collection":[{"href":"https:\/\/bavarian-bondage.de\/da\/wp-json\/wp\/v2\/product"}],"about":[{"href":"https:\/\/bavarian-bondage.de\/da\/wp-json\/wp\/v2\/types\/product"}],"version-history":[{"count":4,"href":"https:\/\/bavarian-bondage.de\/da\/wp-json\/wp\/v2\/product\/8211\/revisions"}],"predecessor-version":[{"id":16499,"href":"https:\/\/bavarian-bondage.de\/da\/wp-json\/wp\/v2\/product\/8211\/revisions\/16499"}],"wp:featuredmedia":[{"embeddable":true,"href":"https:\/\/bavarian-bondage.de\/da\/wp-json\/wp\/v2\/media\/8076"}],"wp:attachment":[{"href":"https:\/\/bavarian-bondage.de\/da\/wp-json\/wp\/v2\/media?parent=8211"}],"wp:term":[{"taxonomy":"product_brand","embeddable":true,"href":"https:\/\/bavarian-bondage.de\/da\/wp-json\/wp\/v2\/product_brand?post=8211"},{"taxonomy":"product_cat","embeddable":true,"href":"https:\/\/bavarian-bondage.de\/da\/wp-json\/wp\/v2\/product_cat?post=8211"},{"taxonomy":"product_tag","embeddable":true,"href":"https:\/\/bavarian-bondage.de\/da\/wp-json\/wp\/v2\/product_tag?post=8211"}],"curies":[{"name":"wp","href":"https:\/\/api.w.org\/{rel}","templated":true}]}}