{"id":8222,"date":"2023-01-28T19:42:14","date_gmt":"2023-01-28T18:42:14","guid":{"rendered":"https:\/\/bavarian-bondage.de\/?post_type=product&#038;p=8222"},"modified":"2025-10-20T11:37:43","modified_gmt":"2025-10-20T09:37:43","slug":"bayersk-bomuldstaske","status":"publish","type":"product","link":"https:\/\/bavarian-bondage.de\/da\/produkt\/baumwollbeutel-bavarian\/","title":{"rendered":"Bayersk bomuldstaske"},"content":{"rendered":"<h3 style=\"text-align: center\">Bomuldstaske bayersk bondage<\/h3>\n<p style=\"text-align: center\">Efter flere foresp\u00f8rgsler er der nu ogs\u00e5 en gymnastiktaske i bomuld med vores logo. Hurtig og nem opbevaring af dine reb. Snoren p\u00e5 begge sider g\u00f8r tasken nem at lukke og transportere.<\/p>\n<p>&nbsp;<\/p>\n<p><strong>Detaljer:<\/strong><\/p>\n<p>Materiale: 100% bomuld<br \/>\nFarve: Sort<br \/>\nSt\u00f8rrelse: L 40cm; B 36 cm<br \/>\nTryk: Digitalt direkte tryk<\/p>\n<p>&nbsp;<\/p>\n<p><strong>Leveringsomfang:<\/strong> Sort bomuldstaske<\/p>\n<p>&nbsp;<\/p>\n<hr \/>\n<blockquote>\n<p style=\"text-align: center\"><span style=\"color: #333399\">Oplysningerne om produkterne er givet efter vores bedste viden og overbevisning. Alle dimensioner er omtrentlige. Brugen af de produkter, der tilbydes her i butikken, er p\u00e5 eget ansvar. Hver person reagerer forskelligt p\u00e5 ydre p\u00e5virkninger, p\u00e5 nydelse eller smerte osv. Derfor kan der ikke p\u00e5tages noget ansvar for forkert brug.  Hver bruger b\u00e6rer det fulde ansvar for brug eller korrekt brug af produkterne og dets uforudsigelige konsekvenser.<\/span><\/p>\n<\/blockquote>","protected":false},"excerpt":{"rendered":"<p>Leveringstid: 5-7 dage*<\/p>","protected":false},"featured_media":8221,"template":"","meta":[],"product_brand":[],"product_cat":[222,223],"product_tag":[],"class_list":{"0":"post-8222","1":"product","2":"type-product","3":"status-publish","4":"has-post-thumbnail","6":"product_cat-alle-produkte","7":"product_cat-zubehoer","9":"first","10":"outofstock","11":"taxable","12":"shipping-taxable","13":"purchasable","14":"product-type-simple"},"_links":{"self":[{"href":"https:\/\/bavarian-bondage.de\/da\/wp-json\/wp\/v2\/product\/8222","targetHints":{"allow":["GET"]}}],"collection":[{"href":"https:\/\/bavarian-bondage.de\/da\/wp-json\/wp\/v2\/product"}],"about":[{"href":"https:\/\/bavarian-bondage.de\/da\/wp-json\/wp\/v2\/types\/product"}],"version-history":[{"count":2,"href":"https:\/\/bavarian-bondage.de\/da\/wp-json\/wp\/v2\/product\/8222\/revisions"}],"predecessor-version":[{"id":8234,"href":"https:\/\/bavarian-bondage.de\/da\/wp-json\/wp\/v2\/product\/8222\/revisions\/8234"}],"wp:featuredmedia":[{"embeddable":true,"href":"https:\/\/bavarian-bondage.de\/da\/wp-json\/wp\/v2\/media\/8221"}],"wp:attachment":[{"href":"https:\/\/bavarian-bondage.de\/da\/wp-json\/wp\/v2\/media?parent=8222"}],"wp:term":[{"taxonomy":"product_brand","embeddable":true,"href":"https:\/\/bavarian-bondage.de\/da\/wp-json\/wp\/v2\/product_brand?post=8222"},{"taxonomy":"product_cat","embeddable":true,"href":"https:\/\/bavarian-bondage.de\/da\/wp-json\/wp\/v2\/product_cat?post=8222"},{"taxonomy":"product_tag","embeddable":true,"href":"https:\/\/bavarian-bondage.de\/da\/wp-json\/wp\/v2\/product_tag?post=8222"}],"curies":[{"name":"wp","href":"https:\/\/api.w.org\/{rel}","templated":true}]}}