{"id":8530,"date":"2023-01-30T09:03:41","date_gmt":"2023-01-30T08:03:41","guid":{"rendered":"https:\/\/bavarian-bondage.de\/?post_type=product&#038;p=8530"},"modified":"2026-04-03T18:20:46","modified_gmt":"2026-04-03T16:20:46","slug":"rebplejecreme-100ml-vegansk","status":"publish","type":"product","link":"https:\/\/bavarian-bondage.de\/da\/produkt\/rope-care-cream-100ml-vegan\/","title":{"rendered":"Rebplejecreme 100 ml vegansk"},"content":{"rendered":"<h3 style=\"text-align: center\">Rebplejecreme vegansk<\/h3>\n<p style=\"text-align: center\">(Egen produktion)<\/p>\n<p style=\"text-align: center\">P\u00e5 grund af gentagne \u00f8nsker tilbyder vi nu ogs\u00e5 vores rebplejeprodukter veganske. I stedet for bivoks bruger den veganske version b\u00e6rvoks. Rope Care Creamen har en relativt solid konsistens og masseres ind i rebet sammenlignet med olie. En m\u00e6ngde p\u00e5 st\u00f8rrelse med hasseln\u00f8d er normalt nok til et otte meter reb.<\/p>\n<p style=\"text-align: center\">100% naturlige rebpleje er velegnet til b\u00e5de hamp og jute reb.<\/p>\n<p style=\"text-align: center\">Efter brug skal rebene t\u00f8rre i et par dage.<\/p>\n<p style=\"text-align: center\"><span style=\"color: #ff0000\">Ikke en kosmetisk genstand<\/span><\/p>\n<p style=\"text-align: center\"><span style=\"color: #ff0000\">Ikke egnet til forbrug<\/span><\/p>\n<p><strong>Sammens\u00e6tning:<\/strong><\/p>\n<p>B\u00e6rvoks<br \/>\nJojoba olie<\/p>\n<p>&nbsp;<\/p>\n<p><strong>Leveringsomfang:<\/strong> 100ml Rope Care Creme vegansk<\/p>\n<p>&nbsp;<\/p>\n<hr \/>\n<blockquote>\n<p style=\"text-align: center\"><span style=\"color: #333399\">Oplysningerne om produkterne er givet efter vores bedste viden og overbevisning. Alle dimensioner er omtrentlige. Brugen af de produkter, der tilbydes her i butikken, er p\u00e5 eget ansvar. Hver person reagerer forskelligt p\u00e5 ydre p\u00e5virkninger, p\u00e5 nydelse eller smerte osv. Derfor kan der ikke p\u00e5tages noget ansvar for forkert brug.  Hver bruger b\u00e6rer det fulde ansvar for brug eller korrekt brug af produkterne og dets uforudsigelige konsekvenser.<\/span><\/p>\n<\/blockquote>","protected":false},"excerpt":{"rendered":"<p>Grundpris: 125,00 \u20ac\/l<\/p>\n<p>Leveringstid: 5-7 dage*<\/p>","protected":false},"featured_media":8549,"template":"","meta":[],"product_brand":[],"product_cat":[322,222,233],"product_tag":[],"class_list":{"0":"post-8530","1":"product","2":"type-product","3":"status-publish","4":"has-post-thumbnail","6":"product_cat-seilpflege","7":"product_cat-alle-produkte","8":"product_cat-bondage-zubehoer","10":"first","11":"instock","12":"taxable","13":"shipping-taxable","14":"purchasable","15":"product-type-simple"},"_links":{"self":[{"href":"https:\/\/bavarian-bondage.de\/da\/wp-json\/wp\/v2\/product\/8530","targetHints":{"allow":["GET"]}}],"collection":[{"href":"https:\/\/bavarian-bondage.de\/da\/wp-json\/wp\/v2\/product"}],"about":[{"href":"https:\/\/bavarian-bondage.de\/da\/wp-json\/wp\/v2\/types\/product"}],"version-history":[{"count":4,"href":"https:\/\/bavarian-bondage.de\/da\/wp-json\/wp\/v2\/product\/8530\/revisions"}],"predecessor-version":[{"id":15246,"href":"https:\/\/bavarian-bondage.de\/da\/wp-json\/wp\/v2\/product\/8530\/revisions\/15246"}],"wp:featuredmedia":[{"embeddable":true,"href":"https:\/\/bavarian-bondage.de\/da\/wp-json\/wp\/v2\/media\/8549"}],"wp:attachment":[{"href":"https:\/\/bavarian-bondage.de\/da\/wp-json\/wp\/v2\/media?parent=8530"}],"wp:term":[{"taxonomy":"product_brand","embeddable":true,"href":"https:\/\/bavarian-bondage.de\/da\/wp-json\/wp\/v2\/product_brand?post=8530"},{"taxonomy":"product_cat","embeddable":true,"href":"https:\/\/bavarian-bondage.de\/da\/wp-json\/wp\/v2\/product_cat?post=8530"},{"taxonomy":"product_tag","embeddable":true,"href":"https:\/\/bavarian-bondage.de\/da\/wp-json\/wp\/v2\/product_tag?post=8530"}],"curies":[{"name":"wp","href":"https:\/\/api.w.org\/{rel}","templated":true}]}}