{"id":8533,"date":"2023-01-30T09:12:24","date_gmt":"2023-01-30T08:12:24","guid":{"rendered":"https:\/\/bavarian-bondage.de\/?post_type=product&#038;p=8533"},"modified":"2026-04-23T19:17:41","modified_gmt":"2026-04-23T17:17:41","slug":"rebplejeolie-vegansk-100ml","status":"publish","type":"product","link":"https:\/\/bavarian-bondage.de\/da\/produkt\/seilpflegeoel-vegan-100ml\/","title":{"rendered":"Rebplejeolie vegansk 100ml"},"content":{"rendered":"<h3 style=\"text-align: center\">Rebplejeolie vegansk<\/h3>\n<p style=\"text-align: center\">(Egen produktion)<\/p>\n<p style=\"text-align: center\">Denne olieblanding bruges som standard til at behandle mine reb.<\/p>\n<p style=\"text-align: center\">Den er tynd, 100% naturlig og har en neutral lugt!<\/p>\n<p style=\"text-align: center\">Du kan finde tips om rebpleje og brug <a href=\"https:\/\/bavarian-bondage.de\/da\/plejetips-til-rebene\/\">her.<\/a><\/p>\n<p>&nbsp;<\/p>\n<p style=\"text-align: center\"><span style=\"color: #ff0000\">Ikke en kosmetisk genstand.<\/span><\/p>\n<p style=\"text-align: center\"><span style=\"color: #ff0000\">Ikke egnet til forbrug.<\/span><\/p>\n<p>&nbsp;<\/p>\n<p><strong>Sammens\u00e6tning:<\/strong><\/p>\n<p>Jojoba olie<br \/>\nCamellia olie<br \/>\nB\u00e6rvoks<\/p>\n<p>&nbsp;<\/p>\n<p><strong>Leveringsomfang:<\/strong> 100 ml rebplejeolie vegansk; Folder<\/p>\n<p>&nbsp;<\/p>\n<hr \/>\n<blockquote>\n<p style=\"text-align: center\"><span style=\"color: #333399\">Oplysningerne om produkterne er givet efter vores bedste viden og overbevisning. Alle dimensioner er omtrentlige. Brugen af de produkter, der tilbydes her i butikken, er p\u00e5 eget ansvar. Hver person reagerer forskelligt p\u00e5 ydre p\u00e5virkninger, p\u00e5 nydelse eller smerte osv. Derfor kan der ikke p\u00e5tages noget ansvar for forkert brug.  Hver bruger b\u00e6rer det fulde ansvar for brug eller korrekt brug af produkterne og dets uforudsigelige konsekvenser.<\/span><\/p>\n<\/blockquote>","protected":false},"excerpt":{"rendered":"<p>Basispris: 110,00 \u20ac\/l<\/p>\n<p>Leveringstid: 5-7 dage*<\/p>","protected":false},"featured_media":8545,"template":"","meta":[],"product_brand":[],"product_cat":[222,233,322],"product_tag":[],"class_list":{"0":"post-8533","1":"product","2":"type-product","3":"status-publish","4":"has-post-thumbnail","6":"product_cat-alle-produkte","7":"product_cat-bondage-zubehoer","8":"product_cat-seilpflege","10":"first","11":"instock","12":"taxable","13":"shipping-taxable","14":"purchasable","15":"product-type-simple"},"_links":{"self":[{"href":"https:\/\/bavarian-bondage.de\/da\/wp-json\/wp\/v2\/product\/8533","targetHints":{"allow":["GET"]}}],"collection":[{"href":"https:\/\/bavarian-bondage.de\/da\/wp-json\/wp\/v2\/product"}],"about":[{"href":"https:\/\/bavarian-bondage.de\/da\/wp-json\/wp\/v2\/types\/product"}],"version-history":[{"count":3,"href":"https:\/\/bavarian-bondage.de\/da\/wp-json\/wp\/v2\/product\/8533\/revisions"}],"predecessor-version":[{"id":17149,"href":"https:\/\/bavarian-bondage.de\/da\/wp-json\/wp\/v2\/product\/8533\/revisions\/17149"}],"wp:featuredmedia":[{"embeddable":true,"href":"https:\/\/bavarian-bondage.de\/da\/wp-json\/wp\/v2\/media\/8545"}],"wp:attachment":[{"href":"https:\/\/bavarian-bondage.de\/da\/wp-json\/wp\/v2\/media?parent=8533"}],"wp:term":[{"taxonomy":"product_brand","embeddable":true,"href":"https:\/\/bavarian-bondage.de\/da\/wp-json\/wp\/v2\/product_brand?post=8533"},{"taxonomy":"product_cat","embeddable":true,"href":"https:\/\/bavarian-bondage.de\/da\/wp-json\/wp\/v2\/product_cat?post=8533"},{"taxonomy":"product_tag","embeddable":true,"href":"https:\/\/bavarian-bondage.de\/da\/wp-json\/wp\/v2\/product_tag?post=8533"}],"curies":[{"name":"wp","href":"https:\/\/api.w.org\/{rel}","templated":true}]}}