{"id":8831,"date":"2023-01-31T09:10:38","date_gmt":"2023-01-31T08:10:38","guid":{"rendered":"https:\/\/bavarian-bondage.de\/?post_type=product&#038;p=8831"},"modified":"2026-02-23T14:04:03","modified_gmt":"2026-02-23T13:04:03","slug":"jute-s-edition-6mm-eksklusivt-saet-10x8-og-2x4m","status":"publish","type":"product","link":"https:\/\/bavarian-bondage.de\/da\/produkt\/jute-s-edition-6mm-exklusiv-set-10x8-und-2x4m\/","title":{"rendered":"Jute S-Edition 6mm EKSKLUSIVT; S\u00e6t 10\u00d78 og 2x4m"},"content":{"rendered":"<h3 style=\"text-align: center\">Jute S-Edition 6mm EKSKLUSIVT<\/h3>\n<p style=\"text-align: center\">Det store professionelle s\u00e6t byder p\u00e5 masser af reb til kr\u00e6vende tr\u00e6ldom. De to korte reb komplementerer s\u00e6ttet perfekt og tilbyder en bred vifte af anvendelser!<\/p>\n<p style=\"text-align: center\">Et meget stramt snoet reb med sine egne fordele. Det rigtige garn og den udf\u00f8rlige finish skaber en smuk og glat overflade, der n\u00e6sten ikke piller og i mods\u00e6tning til mange jute-reb ikke kradser. At binde med disse reb er lidt anderledes end med andre og kr\u00e6ver lidt \u00f8velse i starten. Hvis rebene bindes rigtigt, bliver de lidt l\u00f8sere, men bevarer deres st\u00e6rke kerne.<\/p>\n<p style=\"text-align: center\">Enderne bindes med sm\u00e5 trisque-knuder, hvilket g\u00f8r bindningen meget nemmere.<\/p>\n<p>&nbsp;<\/p>\n<p>&nbsp;<\/p>\n<p><strong>Detaljer:<\/strong><br \/>\nJute S-Edition 6mm EKSKLUSIVT<br \/>\n3-akslet snoet (<em>Dobbelt<\/em>\u2013<em>lag)<\/em><br \/>\nLet karamel tone<br \/>\nSm\u00e5 endeknuder<br \/>\nL\u00e6ngde: 10x8m og 2x4m<br \/>\n(Rebets l\u00e6ngde kan variere med op til 3% fra den angivne l\u00e6ngde.)<\/p>\n<p>&nbsp;<\/p>\n<p><span style=\"color: #ff0000\"><strong>En meddelelse:<\/strong><\/span><\/p>\n<p>Tjek reb regelm\u00e6ssigt for slitage og skader!<br \/>\nHvis reb bliver sl\u00e5et eller snoet, kan de blive l\u00f8s under brug!<br \/>\nVask ikke jute reb. Det er bedst at reng\u00f8re med en fugtig klud.<\/p>\n<p>&nbsp;<\/p>\n<p><strong>Leveringsomfang:<\/strong> 10x8m og 2x4m Jute S-Edition 6mm EKSKLUSIVT<\/p>\n<p>&nbsp;<\/p>\n<hr \/>\n<blockquote>\n<p style=\"text-align: center\"><span style=\"color: #333399\">Oplysningerne om produkterne er givet efter vores bedste viden og overbevisning. Alle dimensioner er omtrentlige. Brugen af de produkter, der tilbydes her i butikken, er p\u00e5 eget ansvar. Hver person reagerer forskelligt p\u00e5 ydre p\u00e5virkninger, p\u00e5 nydelse eller smerte osv. Derfor kan der ikke p\u00e5tages noget ansvar for forkert brug.  Hver bruger b\u00e6rer det fulde ansvar for brug eller korrekt brug af produkterne og dets uforudsigelige konsekvenser.<\/span><\/p>\n<\/blockquote>","protected":false},"excerpt":{"rendered":"<p>Grundpris: 2,30 \u20ac\/m<\/p>\n<p>Leveringstid: 5-7 dage*<\/p>","protected":false},"featured_media":9642,"template":"","meta":[],"product_brand":[],"product_cat":[216,294,484],"product_tag":[],"class_list":{"0":"post-8831","1":"product","2":"type-product","3":"status-publish","4":"has-post-thumbnail","6":"product_cat-bondageseile","7":"product_cat-juteseile","8":"product_cat-jute-s-edition-6mm","10":"first","11":"instock","12":"taxable","13":"shipping-taxable","14":"purchasable","15":"product-type-simple"},"_links":{"self":[{"href":"https:\/\/bavarian-bondage.de\/da\/wp-json\/wp\/v2\/product\/8831","targetHints":{"allow":["GET"]}}],"collection":[{"href":"https:\/\/bavarian-bondage.de\/da\/wp-json\/wp\/v2\/product"}],"about":[{"href":"https:\/\/bavarian-bondage.de\/da\/wp-json\/wp\/v2\/types\/product"}],"version-history":[{"count":4,"href":"https:\/\/bavarian-bondage.de\/da\/wp-json\/wp\/v2\/product\/8831\/revisions"}],"predecessor-version":[{"id":13891,"href":"https:\/\/bavarian-bondage.de\/da\/wp-json\/wp\/v2\/product\/8831\/revisions\/13891"}],"wp:featuredmedia":[{"embeddable":true,"href":"https:\/\/bavarian-bondage.de\/da\/wp-json\/wp\/v2\/media\/9642"}],"wp:attachment":[{"href":"https:\/\/bavarian-bondage.de\/da\/wp-json\/wp\/v2\/media?parent=8831"}],"wp:term":[{"taxonomy":"product_brand","embeddable":true,"href":"https:\/\/bavarian-bondage.de\/da\/wp-json\/wp\/v2\/product_brand?post=8831"},{"taxonomy":"product_cat","embeddable":true,"href":"https:\/\/bavarian-bondage.de\/da\/wp-json\/wp\/v2\/product_cat?post=8831"},{"taxonomy":"product_tag","embeddable":true,"href":"https:\/\/bavarian-bondage.de\/da\/wp-json\/wp\/v2\/product_tag?post=8831"}],"curies":[{"name":"wp","href":"https:\/\/api.w.org\/{rel}","templated":true}]}}