{"id":8842,"date":"2023-01-31T09:24:53","date_gmt":"2023-01-31T08:24:53","guid":{"rendered":"https:\/\/bavarian-bondage.de\/?post_type=product&#038;p=8842"},"modified":"2025-11-26T19:52:23","modified_gmt":"2025-11-26T18:52:23","slug":"jute-s-edition-6mm-klassisk-saet-3x8","status":"publish","type":"product","link":"https:\/\/bavarian-bondage.de\/da\/produkt\/jute-s-edition-6mm-klassik-set-3x8\/","title":{"rendered":"Jute S-Edition 6mm CLASSIC; S\u00e6t 3\u00d78"},"content":{"rendered":"<h3 style=\"text-align: center\">Jute S-Edition 6mm KLASSISK<\/h3>\n<p style=\"text-align: center\">Ideel til at starte som rigger eller til at udvide et eksisterende s\u00e6t.<\/p>\n<p style=\"text-align: center\">Et meget stramt snoet reb med sine egne fordele. Det rigtige garn og den udf\u00f8rlige finish skaber en smuk og glat overflade, der n\u00e6sten ikke piller og i mods\u00e6tning til mange jute-reb ikke kradser. At binde med disse reb er lidt anderledes end med andre og kr\u00e6ver lidt \u00f8velse i starten. Hvis rebene bindes rigtigt, bliver de lidt l\u00f8sere, men bevarer deres st\u00e6rke kerne.<\/p>\n<p style=\"text-align: center\">Enderne lukkes med en simpel overh\u00e5ndsknude.<\/p>\n<p>&nbsp;<\/p>\n<p><strong>Detaljer:<\/strong><br \/>\nJute S-Edition 6mm KLASSISK<br \/>\n3-akslet snoet (<em>Dobbelt<\/em>\u2013<em>lag)<\/em><br \/>\nLet karamel tone<br \/>\nOverh\u00e5ndsknude<br \/>\nL\u00e6ngde: 3x8m<br \/>\n(Rebets l\u00e6ngde kan variere med op til 3% fra den angivne l\u00e6ngde.)<\/p>\n<p>&nbsp;<\/p>\n<p><span style=\"color: #ff0000\"><strong>En meddelelse:<\/strong><\/span><\/p>\n<p>Tjek reb regelm\u00e6ssigt for slitage og skader!<br \/>\nHvis reb bliver sl\u00e5et eller snoet, kan de blive l\u00f8s under brug!<br \/>\nVask ikke jute reb. Det er bedst at reng\u00f8re med en fugtig klud.<\/p>\n<p>&nbsp;<\/p>\n<p><strong>Leveringsomfang:<\/strong> 3x8m jute S-Edition 6mm CLASSIC<\/p>\n<p>&nbsp;<\/p>\n<hr \/>\n<blockquote>\n<p style=\"text-align: center\"><span style=\"color: #333399\">Oplysningerne om produkterne er givet efter vores bedste viden og overbevisning. Alle dimensioner er omtrentlige. Brugen af de produkter, der tilbydes her i butikken, er p\u00e5 eget ansvar. Hver person reagerer forskelligt p\u00e5 ydre p\u00e5virkninger, p\u00e5 nydelse eller smerte osv. Derfor kan der ikke p\u00e5tages noget ansvar for forkert brug.  Hver bruger b\u00e6rer det fulde ansvar for brug eller korrekt brug af produkterne og dets uforudsigelige konsekvenser.<\/span><\/p>\n<\/blockquote>","protected":false},"excerpt":{"rendered":"<p>Basispris: 2,29 \u20ac\/m\u00b2<\/p>\n<p>Leveringstid: 5-7 dage*<\/p>","protected":false},"featured_media":9647,"template":"","meta":[],"product_brand":[],"product_cat":[216,294,484],"product_tag":[],"class_list":{"0":"post-8842","1":"product","2":"type-product","3":"status-publish","4":"has-post-thumbnail","6":"product_cat-bondageseile","7":"product_cat-juteseile","8":"product_cat-jute-s-edition-6mm","10":"first","11":"instock","12":"taxable","13":"shipping-taxable","14":"purchasable","15":"product-type-simple"},"_links":{"self":[{"href":"https:\/\/bavarian-bondage.de\/da\/wp-json\/wp\/v2\/product\/8842","targetHints":{"allow":["GET"]}}],"collection":[{"href":"https:\/\/bavarian-bondage.de\/da\/wp-json\/wp\/v2\/product"}],"about":[{"href":"https:\/\/bavarian-bondage.de\/da\/wp-json\/wp\/v2\/types\/product"}],"version-history":[{"count":4,"href":"https:\/\/bavarian-bondage.de\/da\/wp-json\/wp\/v2\/product\/8842\/revisions"}],"predecessor-version":[{"id":16156,"href":"https:\/\/bavarian-bondage.de\/da\/wp-json\/wp\/v2\/product\/8842\/revisions\/16156"}],"wp:featuredmedia":[{"embeddable":true,"href":"https:\/\/bavarian-bondage.de\/da\/wp-json\/wp\/v2\/media\/9647"}],"wp:attachment":[{"href":"https:\/\/bavarian-bondage.de\/da\/wp-json\/wp\/v2\/media?parent=8842"}],"wp:term":[{"taxonomy":"product_brand","embeddable":true,"href":"https:\/\/bavarian-bondage.de\/da\/wp-json\/wp\/v2\/product_brand?post=8842"},{"taxonomy":"product_cat","embeddable":true,"href":"https:\/\/bavarian-bondage.de\/da\/wp-json\/wp\/v2\/product_cat?post=8842"},{"taxonomy":"product_tag","embeddable":true,"href":"https:\/\/bavarian-bondage.de\/da\/wp-json\/wp\/v2\/product_tag?post=8842"}],"curies":[{"name":"wp","href":"https:\/\/api.w.org\/{rel}","templated":true}]}}