{"id":8906,"date":"2023-01-31T13:54:05","date_gmt":"2023-01-31T12:54:05","guid":{"rendered":"https:\/\/bavarian-bondage.de\/?post_type=product&#038;p=8906"},"modified":"2026-03-20T08:55:29","modified_gmt":"2026-03-20T07:55:29","slug":"ishidaki-version-1","status":"publish","type":"product","link":"https:\/\/bavarian-bondage.de\/da\/produkt\/ishidaki-version-1\/","title":{"rendered":"Ishidaki version 1"},"content":{"rendered":"<h3 style=\"text-align: center\">Ishidaki version 1<\/h3>\n<p style=\"text-align: center\">Vores moderne fortolkning af en Ishidaki (kneeboard). Pladen er lavet af b\u00f8g og valn\u00f8d og kan bruges p\u00e5 begge sider. Som du kan se p\u00e5 billederne, har den ene side 13 tv\u00e6rg\u00e5ende stivere, hvorimod den anden side har 593 sm\u00e5 pyramider. Tavlen er designet, s\u00e5 den r\u00f8rer gulvet i de fire hj\u00f8rner og i midten til venstre og h\u00f8jre. Spidserne p\u00e5 begge sider er ca. 3 mm lavere for ikke at beskadige gulvet. Det er dog tilr\u00e5deligt at bruge en base.<\/p>\n<p style=\"text-align: center\">Ishidaki-pladen er lavet helt i \u00e9t stykke, og kun grundmaterialet er p\u00e5 forh\u00e5nd limet sammen og er til sidst behandlet med tr\u00e6olie. Uanset om du st\u00e5r, sidder eller kn\u00e6ler, kan boardet helt sikkert berige din Shibari-session.<\/p>\n<p>&nbsp;<\/p>\n<p><strong>Detaljer:<\/strong><\/p>\n<p>Materiale: b\u00f8g, valn\u00f8d<br \/>\nFarve: n\u00f8dde \u2013 b\u00f8g<br \/>\nL\u00e6ngde: 46 cm<br \/>\nBredde: 40 cm<br \/>\nH\u00f8jde: 4 cm<br \/>\nV\u00e6gt: Ca<\/p>\n<p>&nbsp;<\/p>\n<p>&nbsp;<\/p>\n<p><strong>Leveringsomfang:<\/strong> 1x Ishidaki version 1 b\u00f8g og valn\u00f8d<\/p>\n<p>&nbsp;<\/p>\n<hr \/>\n<blockquote>\n<p style=\"text-align: center\"><span style=\"color: #333399\">Oplysningerne om produkterne er givet efter vores bedste viden og overbevisning. Alle dimensioner er omtrentlige. Brugen af de produkter, der tilbydes her i butikken, er p\u00e5 eget ansvar. Hver person reagerer forskelligt p\u00e5 ydre p\u00e5virkninger, p\u00e5 nydelse eller smerte osv. Derfor kan der ikke p\u00e5tages noget ansvar for forkert brug.  Hver bruger b\u00e6rer det fulde ansvar for brug eller korrekt brug af produkterne og dets uforudsigelige konsekvenser.<\/span><\/p>\n<\/blockquote>","protected":false},"excerpt":{"rendered":"<p>Ishidaki version 1<\/p>","protected":false},"featured_media":8981,"template":"","meta":[],"product_brand":[],"product_cat":[223],"product_tag":[],"class_list":{"0":"post-8906","1":"product","2":"type-product","3":"status-publish","4":"has-post-thumbnail","6":"product_cat-zubehoer","8":"first","9":"instock","10":"taxable","11":"shipping-taxable","12":"purchasable","13":"product-type-simple"},"_links":{"self":[{"href":"https:\/\/bavarian-bondage.de\/da\/wp-json\/wp\/v2\/product\/8906","targetHints":{"allow":["GET"]}}],"collection":[{"href":"https:\/\/bavarian-bondage.de\/da\/wp-json\/wp\/v2\/product"}],"about":[{"href":"https:\/\/bavarian-bondage.de\/da\/wp-json\/wp\/v2\/types\/product"}],"version-history":[{"count":4,"href":"https:\/\/bavarian-bondage.de\/da\/wp-json\/wp\/v2\/product\/8906\/revisions"}],"predecessor-version":[{"id":13946,"href":"https:\/\/bavarian-bondage.de\/da\/wp-json\/wp\/v2\/product\/8906\/revisions\/13946"}],"wp:featuredmedia":[{"embeddable":true,"href":"https:\/\/bavarian-bondage.de\/da\/wp-json\/wp\/v2\/media\/8981"}],"wp:attachment":[{"href":"https:\/\/bavarian-bondage.de\/da\/wp-json\/wp\/v2\/media?parent=8906"}],"wp:term":[{"taxonomy":"product_brand","embeddable":true,"href":"https:\/\/bavarian-bondage.de\/da\/wp-json\/wp\/v2\/product_brand?post=8906"},{"taxonomy":"product_cat","embeddable":true,"href":"https:\/\/bavarian-bondage.de\/da\/wp-json\/wp\/v2\/product_cat?post=8906"},{"taxonomy":"product_tag","embeddable":true,"href":"https:\/\/bavarian-bondage.de\/da\/wp-json\/wp\/v2\/product_tag?post=8906"}],"curies":[{"name":"wp","href":"https:\/\/api.w.org\/{rel}","templated":true}]}}