{"id":8911,"date":"2023-01-31T09:17:08","date_gmt":"2023-01-31T08:17:08","guid":{"rendered":"https:\/\/bavarian-bondage.de\/?post_type=product&#038;p=8911"},"modified":"2024-11-30T14:07:28","modified_gmt":"2024-11-30T13:07:28","slug":"vaegur-version-2","status":"publish","type":"product","link":"https:\/\/bavarian-bondage.de\/da\/produkt\/wanduhr-version-2\/","title":{"rendered":"V\u00e6gur version 2"},"content":{"rendered":"<h3 style=\"text-align: center\">V\u00e6gur version 2<\/h3>\n<p style=\"text-align: center\">Absolut et blikfang, vores v\u00e6gure!<\/p>\n<p style=\"text-align: center\">Uret er lavet af 20 mm birkemultiplex og poppeltr\u00e6 er brugt som d\u00e6ksel p\u00e5 bagsiden. 3 mm og 4 mm hamp reb bruges til romertallene og de anden linjer. Fr\u00e6sningen i midten var malet sort og r\u00f8d.<\/p>\n<p>&nbsp;<\/p>\n<h3 style=\"text-align: center\"><strong>En meddelelse:<\/strong><\/h3>\n<p style=\"text-align: center\"><strong>Der er ingen bev\u00e6gelse, ingen h\u00e6nder og intet batteri inkluderet. Udsk\u00e6ringen p\u00e5 bagsiden m\u00e5ler 60x60mm og har en dybde p\u00e5 20mm. Hullet til urakslen er 8 mm. L\u00e6ngden af urakslen skal v\u00e6re mindst 11-13 mm.<\/strong><\/p>\n<p><strong>Detaljer:<\/strong><\/p>\n<p>Materiale: birk multiplex<br \/>\nDiameter: 37 cm<br \/>\nBredde: 40 cm<br \/>\nH\u00f8jde: 21 mm<br \/>\nV\u00e6gt: Ca<\/p>\n<p>&nbsp;<\/p>\n<p>&nbsp;<\/p>\n<p><strong>Leveringsomfang:<\/strong> 1x v\u00e6gur version 2<\/p>\n<p>&nbsp;<\/p>\n<hr \/>\n<blockquote>\n<p style=\"text-align: center\"><span style=\"color: #333399\">Oplysningerne om produkterne er givet efter vores bedste viden og overbevisning. Alle dimensioner er omtrentlige. Brugen af de produkter, der tilbydes her i butikken, er p\u00e5 eget ansvar. Hver person reagerer forskelligt p\u00e5 ydre p\u00e5virkninger, p\u00e5 nydelse eller smerte osv. Derfor kan der ikke p\u00e5tages noget ansvar for forkert brug.  Hver bruger b\u00e6rer det fulde ansvar for brug eller korrekt brug af produkterne og dets uforudsigelige konsekvenser.<\/span><\/p>\n<\/blockquote>","protected":false},"excerpt":{"rendered":"<p>Leveringstid: 5-7 dage*<\/p>","protected":false},"featured_media":8990,"template":"","meta":[],"product_brand":[],"product_cat":[223],"product_tag":[],"class_list":{"0":"post-8911","1":"product","2":"type-product","3":"status-publish","4":"has-post-thumbnail","6":"product_cat-zubehoer","8":"first","9":"instock","10":"taxable","11":"shipping-taxable","12":"purchasable","13":"product-type-simple"},"_links":{"self":[{"href":"https:\/\/bavarian-bondage.de\/da\/wp-json\/wp\/v2\/product\/8911","targetHints":{"allow":["GET"]}}],"collection":[{"href":"https:\/\/bavarian-bondage.de\/da\/wp-json\/wp\/v2\/product"}],"about":[{"href":"https:\/\/bavarian-bondage.de\/da\/wp-json\/wp\/v2\/types\/product"}],"version-history":[{"count":8,"href":"https:\/\/bavarian-bondage.de\/da\/wp-json\/wp\/v2\/product\/8911\/revisions"}],"predecessor-version":[{"id":13949,"href":"https:\/\/bavarian-bondage.de\/da\/wp-json\/wp\/v2\/product\/8911\/revisions\/13949"}],"wp:featuredmedia":[{"embeddable":true,"href":"https:\/\/bavarian-bondage.de\/da\/wp-json\/wp\/v2\/media\/8990"}],"wp:attachment":[{"href":"https:\/\/bavarian-bondage.de\/da\/wp-json\/wp\/v2\/media?parent=8911"}],"wp:term":[{"taxonomy":"product_brand","embeddable":true,"href":"https:\/\/bavarian-bondage.de\/da\/wp-json\/wp\/v2\/product_brand?post=8911"},{"taxonomy":"product_cat","embeddable":true,"href":"https:\/\/bavarian-bondage.de\/da\/wp-json\/wp\/v2\/product_cat?post=8911"},{"taxonomy":"product_tag","embeddable":true,"href":"https:\/\/bavarian-bondage.de\/da\/wp-json\/wp\/v2\/product_tag?post=8911"}],"curies":[{"name":"wp","href":"https:\/\/api.w.org\/{rel}","templated":true}]}}