{"id":8968,"date":"2023-01-31T16:11:44","date_gmt":"2023-01-31T15:11:44","guid":{"rendered":"https:\/\/bavarian-bondage.de\/?post_type=product&#038;p=8968"},"modified":"2025-12-04T21:34:19","modified_gmt":"2025-12-04T20:34:19","slug":"aedle-trae-design-padle-amazakoue","status":"publish","type":"product","link":"https:\/\/bavarian-bondage.de\/da\/produkt\/edelholz-design-paddel-amazakoue\/","title":{"rendered":"\u00c6deltr\u00e6 design padle Amazakoue"},"content":{"rendered":"<h3 style=\"text-align: center\">\u00c6deltr\u00e6 design padle<\/h3>\n<p style=\"text-align: center\">Vores nye pagajs\u00e6t imponerer med kombinationen af fine tr\u00e6sorter, et behageligt h\u00e5ndtag lavet af hamperov og de delikate graveringer, der blev fr\u00e6set p\u00e5 den ene side. Den ekstra tynde, buede og alligevel stabile udf\u00f8relse af de to smalle pagajer sikrer ogs\u00e5 en anderledes f\u00f8lelsesoplevelse sammenlignet med den tykkere! De graverede m\u00f8nstre tjener ikke kun som en smuk dekoration, men n\u00e5r de bruges rigtigt, skaber de ogs\u00e5 vidunderlige indtryk p\u00e5 huden. Overfladerne blev behandlet med tr\u00e6olie. Pagajerne leveres godt pakket ind i en matchende polyesterpose.<\/p>\n<p style=\"text-align: center\">Pagajerne tilbydes i tre former og fire forskellige farver!<\/p>\n<blockquote><p>&nbsp;<\/p><\/blockquote>\n<p><strong>Detaljer:<\/strong><\/p>\n<p>Materiale: Amazakoue; Naturligt hamp reb<br \/>\nMateriale taske: 100% polyester<br \/>\nProduktion: Egen produktion<br \/>\nForskellige versioner tilg\u00e6ngelige<\/p>\n<p>&nbsp;<\/p>\n<p><strong>Leveringsomfang:<\/strong> 1 \u00e6deltr\u00e6 design padle Amazakoue<\/p>\n<p>&nbsp;<\/p>\n<hr \/>\n<blockquote>\n<p style=\"text-align: center\"><span style=\"color: #333399\">Oplysningerne om produkterne er givet efter vores bedste viden og overbevisning. Alle dimensioner er omtrentlige. Brugen af de produkter, der tilbydes her i butikken, er p\u00e5 eget ansvar. Hver person reagerer forskelligt p\u00e5 ydre p\u00e5virkninger, p\u00e5 nydelse eller smerte osv. Derfor kan der ikke p\u00e5tages noget ansvar for forkert brug.  Hver bruger b\u00e6rer det fulde ansvar for brug eller korrekt brug af produkterne og dets uforudsigelige konsekvenser.<\/span><\/p>\n<\/blockquote>","protected":false},"excerpt":{"rendered":"<p>Leveringstid: 5-7 dage*<\/p>","protected":false},"featured_media":14126,"template":"","meta":[],"product_brand":[],"product_cat":[252],"product_tag":[],"class_list":{"0":"post-8968","1":"product","2":"type-product","3":"status-publish","4":"has-post-thumbnail","6":"product_cat-peitschen-gerten","8":"first","9":"instock","10":"taxable","11":"shipping-taxable","12":"purchasable","13":"product-type-variable"},"_links":{"self":[{"href":"https:\/\/bavarian-bondage.de\/da\/wp-json\/wp\/v2\/product\/8968","targetHints":{"allow":["GET"]}}],"collection":[{"href":"https:\/\/bavarian-bondage.de\/da\/wp-json\/wp\/v2\/product"}],"about":[{"href":"https:\/\/bavarian-bondage.de\/da\/wp-json\/wp\/v2\/types\/product"}],"version-history":[{"count":7,"href":"https:\/\/bavarian-bondage.de\/da\/wp-json\/wp\/v2\/product\/8968\/revisions"}],"predecessor-version":[{"id":13991,"href":"https:\/\/bavarian-bondage.de\/da\/wp-json\/wp\/v2\/product\/8968\/revisions\/13991"}],"wp:featuredmedia":[{"embeddable":true,"href":"https:\/\/bavarian-bondage.de\/da\/wp-json\/wp\/v2\/media\/14126"}],"wp:attachment":[{"href":"https:\/\/bavarian-bondage.de\/da\/wp-json\/wp\/v2\/media?parent=8968"}],"wp:term":[{"taxonomy":"product_brand","embeddable":true,"href":"https:\/\/bavarian-bondage.de\/da\/wp-json\/wp\/v2\/product_brand?post=8968"},{"taxonomy":"product_cat","embeddable":true,"href":"https:\/\/bavarian-bondage.de\/da\/wp-json\/wp\/v2\/product_cat?post=8968"},{"taxonomy":"product_tag","embeddable":true,"href":"https:\/\/bavarian-bondage.de\/da\/wp-json\/wp\/v2\/product_tag?post=8968"}],"curies":[{"name":"wp","href":"https:\/\/api.w.org\/{rel}","templated":true}]}}