{"id":9014,"date":"2023-02-01T11:34:32","date_gmt":"2023-02-01T10:34:32","guid":{"rendered":"https:\/\/bavarian-bondage.de\/?post_type=product&#038;p=9014"},"modified":"2026-01-15T17:28:48","modified_gmt":"2026-01-15T16:28:48","slug":"jute-s-edition-rod-6mm-eksklusiv-enkelt-reb-4m","status":"publish","type":"product","link":"https:\/\/bavarian-bondage.de\/da\/produkt\/jute-s-edition-rot-6mm-exklusiv-einzelseil-4m\/","title":{"rendered":"Jute S-Edition R\u00f8d 6mm EKSKLUSIVT; Enkelt reb 4m"},"content":{"rendered":"<h3 style=\"text-align: center\">Jute S-Edition R\u00f8d 6mm EKSKLUSIVT<\/h3>\n<p style=\"text-align: center\">At udskifte et reb, udvide s\u00e6ttet eller blot tjekke kvaliteten, det er det, de enkelte reb er beregnet til.<\/p>\n<p style=\"text-align: center\">I mods\u00e6tning til naturlige reb bliver rebene bl\u00f8dere ved farvning, men den faste kerne forbliver intakt selv med den indfarvede S-Edition. De klar til at binde jute reb f\u00f8les meget behagelige p\u00e5 huden, er n\u00e6sten ikke kradser og falder ikke meget.<\/p>\n<p style=\"text-align: center\">Enderne bindes med sm\u00e5 trisque-knuder, hvilket g\u00f8r bindningen meget nemmere.<\/p>\n<p>&nbsp;<\/p>\n<p>&nbsp;<\/p>\n<p><strong>Detaljer:<\/strong><br \/>\nJute S-Edition R\u00f8d 6mm EKSKLUSIVT<br \/>\n3-akslet snoet (<em>Dobbelt<\/em>\u2013<em>lag)<\/em><br \/>\nFarvet r\u00f8d<br \/>\nSm\u00e5 endeknuder<br \/>\nL\u00e6ngde: 1x4m<br \/>\n(Rebets l\u00e6ngde kan variere med op til 3% fra den angivne l\u00e6ngde.)<\/p>\n<p>&nbsp;<\/p>\n<p><span style=\"color: #ff0000\"><strong>En meddelelse:<\/strong><\/span><\/p>\n<p>Tjek reb regelm\u00e6ssigt for slitage og skader!<br \/>\nHvis reb bliver sl\u00e5et eller snoet, kan de blive l\u00f8s under brug!<br \/>\nVask ikke jute reb. Det er bedst at reng\u00f8re med en fugtig klud.<\/p>\n<p>&nbsp;<\/p>\n<p><strong>Leveringsomfang:<\/strong> 1x4m Jute S-Edition R\u00f8d 6mm EKSKLUSIVT<\/p>\n<p>&nbsp;<\/p>\n<hr \/>\n<blockquote>\n<p style=\"text-align: center\"><span style=\"color: #333399\">Oplysningerne om produkterne er givet efter vores bedste viden og overbevisning. Alle dimensioner er omtrentlige. Brugen af de produkter, der tilbydes her i butikken, er p\u00e5 eget ansvar. Hver person reagerer forskelligt p\u00e5 ydre p\u00e5virkninger, p\u00e5 nydelse eller smerte osv. Derfor kan der ikke p\u00e5tages noget ansvar for forkert brug.  Hver bruger b\u00e6rer det fulde ansvar for brug eller korrekt brug af produkterne og dets uforudsigelige konsekvenser.<\/span><\/p>\n<\/blockquote>","protected":false},"excerpt":{"rendered":"<p>Grundpris: 3,38 \u20ac\/m<\/p>\n<p>Leveringstid: 5-7 dage*<\/p>","protected":false},"featured_media":9092,"template":"","meta":[],"product_brand":[],"product_cat":[216,294,494],"product_tag":[],"class_list":{"0":"post-9014","1":"product","2":"type-product","3":"status-publish","4":"has-post-thumbnail","6":"product_cat-bondageseile","7":"product_cat-juteseile","8":"product_cat-jute-s-edition-farbig","10":"first","11":"instock","12":"taxable","13":"shipping-taxable","14":"purchasable","15":"product-type-simple"},"_links":{"self":[{"href":"https:\/\/bavarian-bondage.de\/da\/wp-json\/wp\/v2\/product\/9014","targetHints":{"allow":["GET"]}}],"collection":[{"href":"https:\/\/bavarian-bondage.de\/da\/wp-json\/wp\/v2\/product"}],"about":[{"href":"https:\/\/bavarian-bondage.de\/da\/wp-json\/wp\/v2\/types\/product"}],"version-history":[{"count":6,"href":"https:\/\/bavarian-bondage.de\/da\/wp-json\/wp\/v2\/product\/9014\/revisions"}],"predecessor-version":[{"id":14026,"href":"https:\/\/bavarian-bondage.de\/da\/wp-json\/wp\/v2\/product\/9014\/revisions\/14026"}],"wp:featuredmedia":[{"embeddable":true,"href":"https:\/\/bavarian-bondage.de\/da\/wp-json\/wp\/v2\/media\/9092"}],"wp:attachment":[{"href":"https:\/\/bavarian-bondage.de\/da\/wp-json\/wp\/v2\/media?parent=9014"}],"wp:term":[{"taxonomy":"product_brand","embeddable":true,"href":"https:\/\/bavarian-bondage.de\/da\/wp-json\/wp\/v2\/product_brand?post=9014"},{"taxonomy":"product_cat","embeddable":true,"href":"https:\/\/bavarian-bondage.de\/da\/wp-json\/wp\/v2\/product_cat?post=9014"},{"taxonomy":"product_tag","embeddable":true,"href":"https:\/\/bavarian-bondage.de\/da\/wp-json\/wp\/v2\/product_tag?post=9014"}],"curies":[{"name":"wp","href":"https:\/\/api.w.org\/{rel}","templated":true}]}}