{"id":9037,"date":"2023-02-01T11:56:45","date_gmt":"2023-02-01T10:56:45","guid":{"rendered":"https:\/\/bavarian-bondage.de\/?post_type=product&#038;p=9037"},"modified":"2026-03-21T04:56:38","modified_gmt":"2026-03-21T03:56:38","slug":"jute-s-edition-lilla-6mm-eksklusivt-saet-3x8m","status":"publish","type":"product","link":"https:\/\/bavarian-bondage.de\/da\/produkt\/jute-s-edition-lila-6mm-exklusiv-set-3x8m\/","title":{"rendered":"Jute S-Edition Lilla 6mm EKSKLUSIVT; S\u00e6t 3x8m"},"content":{"rendered":"<h3 style=\"text-align: center\">Jute S-Edition Lilla 6mm EKSKLUSIVT<\/h3>\n<p style=\"text-align: center\">Ideel til at starte som rigger eller til at udvide et eksisterende s\u00e6t.<\/p>\n<p style=\"text-align: center\">I mods\u00e6tning til naturlige reb bliver rebene bl\u00f8dere ved farvning, men den faste kerne forbliver intakt selv med den indfarvede S-Edition. De klar til at binde jute reb f\u00f8les meget behagelige p\u00e5 huden, er n\u00e6sten ikke kradser og falder ikke meget.<\/p>\n<p style=\"text-align: center\">Enderne bindes med sm\u00e5 trisque-knuder, hvilket g\u00f8r bindningen meget nemmere.<\/p>\n<p>&nbsp;<\/p>\n<p>&nbsp;<\/p>\n<p><strong>Detaljer:<\/strong><br \/>\nJute S-Edition Lilla 6mm EKSKLUSIVT<br \/>\n3-akslet snoet (<em>Dobbelt<\/em>\u2013<em>lag)<\/em><br \/>\nLilla farvet<br \/>\nSm\u00e5 endeknuder<br \/>\nL\u00e6ngde: 3x8m<br \/>\n(Rebets l\u00e6ngde kan variere med op til 3% fra den angivne l\u00e6ngde.)<\/p>\n<p>&nbsp;<\/p>\n<p><span style=\"color: #ff0000\"><strong>En meddelelse:<\/strong><\/span><\/p>\n<p>Tjek reb regelm\u00e6ssigt for slitage og skader!<br \/>\nHvis reb bliver sl\u00e5et eller snoet, kan de blive l\u00f8s under brug!<br \/>\nVask ikke jute reb. Det er bedst at reng\u00f8re med en fugtig klud.<\/p>\n<p>&nbsp;<\/p>\n<p><strong>Leveringsomfang:<\/strong> 3x8m Jute S-Edition Lilla 6mm EKSKLUSIVT<\/p>\n<p>&nbsp;<\/p>\n<hr \/>\n<blockquote>\n<p style=\"text-align: center\"><span style=\"color: #333399\">Oplysningerne om produkterne er givet efter vores bedste viden og overbevisning. Alle dimensioner er omtrentlige. Brugen af de produkter, der tilbydes her i butikken, er p\u00e5 eget ansvar. Hver person reagerer forskelligt p\u00e5 ydre p\u00e5virkninger, p\u00e5 nydelse eller smerte osv. Derfor kan der ikke p\u00e5tages noget ansvar for forkert brug.  Hver bruger b\u00e6rer det fulde ansvar for brug eller korrekt brug af produkterne og dets uforudsigelige konsekvenser.<\/span><\/p>\n<\/blockquote>","protected":false},"excerpt":{"rendered":"<p>Grundpris: 2,79 \u20ac\/m<\/p>\n<p>Leveringstid: 5-7 dage*<\/p>","protected":false},"featured_media":9099,"template":"","meta":[],"product_brand":[],"product_cat":[216,294,494],"product_tag":[],"class_list":{"0":"post-9037","1":"product","2":"type-product","3":"status-publish","4":"has-post-thumbnail","6":"product_cat-bondageseile","7":"product_cat-juteseile","8":"product_cat-jute-s-edition-farbig","10":"first","11":"instock","12":"taxable","13":"shipping-taxable","14":"purchasable","15":"product-type-simple"},"_links":{"self":[{"href":"https:\/\/bavarian-bondage.de\/da\/wp-json\/wp\/v2\/product\/9037","targetHints":{"allow":["GET"]}}],"collection":[{"href":"https:\/\/bavarian-bondage.de\/da\/wp-json\/wp\/v2\/product"}],"about":[{"href":"https:\/\/bavarian-bondage.de\/da\/wp-json\/wp\/v2\/types\/product"}],"version-history":[{"count":4,"href":"https:\/\/bavarian-bondage.de\/da\/wp-json\/wp\/v2\/product\/9037\/revisions"}],"predecessor-version":[{"id":14019,"href":"https:\/\/bavarian-bondage.de\/da\/wp-json\/wp\/v2\/product\/9037\/revisions\/14019"}],"wp:featuredmedia":[{"embeddable":true,"href":"https:\/\/bavarian-bondage.de\/da\/wp-json\/wp\/v2\/media\/9099"}],"wp:attachment":[{"href":"https:\/\/bavarian-bondage.de\/da\/wp-json\/wp\/v2\/media?parent=9037"}],"wp:term":[{"taxonomy":"product_brand","embeddable":true,"href":"https:\/\/bavarian-bondage.de\/da\/wp-json\/wp\/v2\/product_brand?post=9037"},{"taxonomy":"product_cat","embeddable":true,"href":"https:\/\/bavarian-bondage.de\/da\/wp-json\/wp\/v2\/product_cat?post=9037"},{"taxonomy":"product_tag","embeddable":true,"href":"https:\/\/bavarian-bondage.de\/da\/wp-json\/wp\/v2\/product_tag?post=9037"}],"curies":[{"name":"wp","href":"https:\/\/api.w.org\/{rel}","templated":true}]}}